{"id":1875,"date":"2019-08-12T22:14:44","date_gmt":"2019-08-12T22:14:44","guid":{"rendered":"http:\/\/unidadroboticadental.com\/web\/?page_id=1875"},"modified":"2023-07-24T22:25:39","modified_gmt":"2023-07-24T22:25:39","slug":"clinicas-odontologicas-en-bogota-equipo-de-odontologos-en-bogota","status":"publish","type":"page","link":"https:\/\/www.unidadroboticadental.com\/es_es\/clinicas-odontologicas-en-bogota-equipo-de-odontologos-en-bogota\/","title":{"rendered":"Equipo Bogot\u00e1"},"content":{"rendered":"<div class=\"wpb-content-wrapper\"><section id=\"ut-section-69ea2963b8459\" data-vc-full-width=\"true\" data-vc-full-width-init=\"false\" class=\"vc_section ut-vc-160 vc_section-has-no-fill ut-section-69ea2963b8476\"><div id=\"ut-row-69ea2963b8ecb\" data-vc-full-width=\"true\" data-vc-full-width-init=\"false\" data-vc-stretch-content=\"true\" class=\"vc_row wpb_row vc_row-fluid vc_column-gap-0 ut-row-69ea2963b8ef4\" ><div class=\"wpb_column vc_column_container vc_col-sm-3\" ><div id=\"ut_inner_column_69ea2963b9b12\" class=\"vc_column-inner \"><div class=\"wpb_wrapper\"><div class=\"wpb_content_element \"><style type=\"text\/css\" scoped>#ut_tm_69ea2963ba136 .bklyn5-team-member-social-icons a:hover { color: rgba(34, 34, 34, 1); }#ut_tm_69ea2963ba136 .bklyn5-team-member-social-icons a:focus { color: rgba(34, 34, 34, 1); }#ut_tm_69ea2963ba136 .bklyn5-team-member-social-icons a:active { color: rgba(34, 34, 34, 1); }<\/style><div id=\"ut_tm_69ea2963ba136\" class=\"bklyn5-team-member bklyn5-team-member-style-3 bklyn5-team-member-left\"><div class=\"bklyn5-team-member-avatar\"><img decoding=\"async\" alt=\"Oscar-Cely\" src=\"https:\/\/www.unidadroboticadental.com\/wp-content\/uploads\/2019\/08\/Oscar-Cely-1.jpg\"><\/div><div class=\"bklyn5-team-member-overlay\"><div class=\"bklyn5-team-member-overlay-caption\"><div class=\"bklyn5-team-member-info\"><h3 class=\"bklyn5-team-member-name\">Dr. Oscar Cely<\/h3><div class=\"bklyn5-team-member-ocupation\">Rehabilitador Oral - Universidad Militar Nueva Granda<\/div><\/div><\/div><\/div><\/div><\/div><\/div><\/div><\/div><div class=\"wpb_column vc_column_container vc_col-sm-3\" ><div id=\"ut_inner_column_69ea2963ba3d0\" class=\"vc_column-inner \"><div class=\"wpb_wrapper\"><div class=\"wpb_content_element \"><style type=\"text\/css\" scoped>#ut_tm_69ea2963ba8d3 .bklyn5-team-member-social-icons a:hover { color: rgba(34, 34, 34, 1); }#ut_tm_69ea2963ba8d3 .bklyn5-team-member-social-icons a:focus { color: rgba(34, 34, 34, 1); }#ut_tm_69ea2963ba8d3 .bklyn5-team-member-social-icons a:active { color: rgba(34, 34, 34, 1); }<\/style><div id=\"ut_tm_69ea2963ba8d3\" class=\"bklyn5-team-member bklyn5-team-member-style-3 bklyn5-team-member-left\"><div class=\"bklyn5-team-member-avatar\"><img decoding=\"async\" alt=\"Dra-Leidy-Meneses\" src=\"https:\/\/www.unidadroboticadental.com\/wp-content\/uploads\/2019\/08\/Dra-Leidy-Meneses.jpg\"><\/div><div class=\"bklyn5-team-member-overlay\"><div class=\"bklyn5-team-member-overlay-caption\"><div class=\"bklyn5-team-member-info\"><h3 class=\"bklyn5-team-member-name\">Dra. Leidy Meneses<\/h3><div class=\"bklyn5-team-member-ocupation\">Ortodoncista - Universidad Militar Nueva Granada<\/div><\/div><\/div><\/div><\/div><\/div><\/div><\/div><\/div><div class=\"wpb_column vc_column_container vc_col-sm-3\" ><div id=\"ut_inner_column_69ea2963baab9\" class=\"vc_column-inner \"><div class=\"wpb_wrapper\"><div class=\"wpb_content_element \"><style type=\"text\/css\" scoped>#ut_tm_69ea2963baf58 .bklyn5-team-member-social-icons a:hover { color: rgba(34, 34, 34, 1); }#ut_tm_69ea2963baf58 .bklyn5-team-member-social-icons a:focus { color: rgba(34, 34, 34, 1); }#ut_tm_69ea2963baf58 .bklyn5-team-member-social-icons a:active { color: rgba(34, 34, 34, 1); }<\/style><div id=\"ut_tm_69ea2963baf58\" class=\"bklyn5-team-member bklyn5-team-member-style-3 bklyn5-team-member-left\"><div class=\"bklyn5-team-member-avatar\"><img decoding=\"async\" alt=\"Dra-Lara\" src=\"https:\/\/www.unidadroboticadental.com\/wp-content\/uploads\/2019\/08\/Dra-Lara.jpg\"><\/div><div class=\"bklyn5-team-member-overlay\"><div class=\"bklyn5-team-member-overlay-caption\"><div class=\"bklyn5-team-member-info\"><h3 class=\"bklyn5-team-member-name\">Dra. Laura Ruiz<\/h3><div class=\"bklyn5-team-member-ocupation\">Periodoncista - Universidad Javeriana<\/div><\/div><\/div><\/div><\/div><\/div><\/div><\/div><\/div><div class=\"wpb_column vc_column_container vc_col-sm-3\" ><div id=\"ut_inner_column_69ea2963bb137\" class=\"vc_column-inner \"><div class=\"wpb_wrapper\"><\/div><\/div><\/div><\/div><div class=\"vc_row-full-width vc_clearfix\"><\/div><div id=\"ut-row-69ea2963bb86e\" data-vc-full-width=\"true\" data-vc-full-width-init=\"false\" data-vc-stretch-content=\"true\" class=\"vc_row wpb_row vc_row-fluid vc_column-gap-0 ut-row-69ea2963bb883\" ><div class=\"wpb_column vc_column_container vc_col-sm-3\" ><div id=\"ut_inner_column_69ea2963bbef8\" class=\"vc_column-inner \"><div class=\"wpb_wrapper\"><\/div><\/div><\/div><div class=\"wpb_column vc_column_container vc_col-sm-3\" ><div id=\"ut_inner_column_69ea2963bc0cb\" class=\"vc_column-inner \"><div class=\"wpb_wrapper\"><\/div><\/div><\/div><div class=\"wpb_column vc_column_container vc_col-sm-3\" ><div id=\"ut_inner_column_69ea2963bc240\" class=\"vc_column-inner \"><div class=\"wpb_wrapper\"><\/div><\/div><\/div><div class=\"wpb_column vc_column_container vc_col-sm-3\" ><div id=\"ut_inner_column_69ea2963bc3b4\" class=\"vc_column-inner \"><div class=\"wpb_wrapper\"><\/div><\/div><\/div><\/div><div class=\"vc_row-full-width vc_clearfix\"><\/div><a data-id=\"section-without-id\" class=\"ut-vc-offset-anchor-bottom\" name=\"section-without-id\"><\/a><style type=\"text\/css\" scoped>#ut-section-69ea2963b8459{margin-top: 30px !important;padding-top: 0px !important;} <\/style><\/section><div class=\"vc_row-full-width vc_clearfix\"><\/div>\n<\/div>","protected":false},"excerpt":{"rendered":"Dr. Oscar CelyRehabilitador Oral - Universidad Militar Nueva GrandaDra. Leidy MenesesOrtodoncista - Universidad Militar Nueva GranadaDra. Laura RuizPeriodoncista - Universidad Javeriana","protected":false},"author":1,"featured_media":0,"parent":0,"menu_order":0,"comment_status":"closed","ping_status":"closed","template":"","meta":{"footnotes":""},"class_list":["post-1875","page","type-page","status-publish","hentry"],"yoast_head":"<!-- This site is optimized with the Yoast SEO Premium plugin v20.12 (Yoast SEO v26.9) - https:\/\/yoast.com\/product\/yoast-seo-premium-wordpress\/ -->\n<title>Cl\u00ednicas odontol\u00f3gicas en Bogot\u00e1 equipo de odont\u00f3logos en Bogot\u00e1<\/title>\n<meta name=\"description\" content=\"Unidad Rob\u00f3tica Dental 3D cl\u00ednicas odontol\u00f3gicas en Bogot\u00e1 equipo de odont\u00f3logos profesionales en Bogot\u00e1 agenda hoy tu cita de valoraci\u00f3n.\" \/>\n<meta name=\"robots\" content=\"index, follow, max-snippet:-1, max-image-preview:large, max-video-preview:-1\" \/>\n<link rel=\"canonical\" href=\"https:\/\/www.unidadroboticadental.com\/es_es\/clinicas-odontologicas-en-bogota-equipo-de-odontologos-en-bogota\/\" \/>\n<meta property=\"og:locale\" content=\"es_ES\" \/>\n<meta property=\"og:type\" content=\"article\" \/>\n<meta property=\"og:title\" content=\"Equipo Bogot\u00e1\" \/>\n<meta property=\"og:description\" content=\"Unidad Rob\u00f3tica Dental 3D cl\u00ednicas odontol\u00f3gicas en Bogot\u00e1 equipo de odont\u00f3logos profesionales en Bogot\u00e1 agenda hoy tu cita de valoraci\u00f3n.\" \/>\n<meta property=\"og:url\" content=\"https:\/\/www.unidadroboticadental.com\/es_es\/clinicas-odontologicas-en-bogota-equipo-de-odontologos-en-bogota\/\" \/>\n<meta property=\"og:site_name\" content=\"Unidad Rob\u00f3tica Dental 3D\" \/>\n<meta property=\"article:publisher\" content=\"https:\/\/www.facebook.com\/unidadroboticadental3d\" \/>\n<meta property=\"article:modified_time\" content=\"2023-07-24T22:25:39+00:00\" \/>\n<meta name=\"twitter:card\" content=\"summary_large_image\" \/>\n<meta name=\"twitter:label1\" content=\"Tiempo de lectura\" \/>\n\t<meta name=\"twitter:data1\" content=\"1 minuto\" \/>\n<script type=\"application\/ld+json\" class=\"yoast-schema-graph\">{\"@context\":\"https:\/\/schema.org\",\"@graph\":[{\"@type\":\"WebPage\",\"@id\":\"https:\/\/www.unidadroboticadental.com\/clinicas-odontologicas-en-bogota-equipo-de-odontologos-en-bogota\/\",\"url\":\"https:\/\/www.unidadroboticadental.com\/clinicas-odontologicas-en-bogota-equipo-de-odontologos-en-bogota\/\",\"name\":\"Cl\u00ednicas odontol\u00f3gicas en Bogot\u00e1 equipo de odont\u00f3logos en Bogot\u00e1\",\"isPartOf\":{\"@id\":\"https:\/\/www.unidadroboticadental.com\/es_es\/#website\"},\"datePublished\":\"2019-08-12T22:14:44+00:00\",\"dateModified\":\"2023-07-24T22:25:39+00:00\",\"description\":\"Unidad Rob\u00f3tica Dental 3D cl\u00ednicas odontol\u00f3gicas en Bogot\u00e1 equipo de odont\u00f3logos profesionales en Bogot\u00e1 agenda hoy tu cita de valoraci\u00f3n.\",\"breadcrumb\":{\"@id\":\"https:\/\/www.unidadroboticadental.com\/clinicas-odontologicas-en-bogota-equipo-de-odontologos-en-bogota\/#breadcrumb\"},\"inLanguage\":\"es\",\"potentialAction\":[{\"@type\":\"ReadAction\",\"target\":[\"https:\/\/www.unidadroboticadental.com\/clinicas-odontologicas-en-bogota-equipo-de-odontologos-en-bogota\/\"]}]},{\"@type\":\"BreadcrumbList\",\"@id\":\"https:\/\/www.unidadroboticadental.com\/clinicas-odontologicas-en-bogota-equipo-de-odontologos-en-bogota\/#breadcrumb\",\"itemListElement\":[{\"@type\":\"ListItem\",\"position\":1,\"name\":\"Portada\",\"item\":\"https:\/\/www.unidadroboticadental.com\/es_es\/\"},{\"@type\":\"ListItem\",\"position\":2,\"name\":\"Equipo Bogot\u00e1\"}]},{\"@type\":\"WebSite\",\"@id\":\"https:\/\/www.unidadroboticadental.com\/es_es\/#website\",\"url\":\"https:\/\/www.unidadroboticadental.com\/es_es\/\",\"name\":\"Cl\u00ednica Odontol\u00f3gica Bogot\u00e1 Medell\u00edn Unidad Rob\u00f3tica Dental 3D\",\"description\":\"Cl\u00ednica odontolog\u00edca en Bogot\u00e1 y Medell\u00edn\",\"publisher\":{\"@id\":\"https:\/\/www.unidadroboticadental.com\/es_es\/#organization\"},\"potentialAction\":[{\"@type\":\"SearchAction\",\"target\":{\"@type\":\"EntryPoint\",\"urlTemplate\":\"https:\/\/www.unidadroboticadental.com\/es_es\/?s={search_term_string}\"},\"query-input\":{\"@type\":\"PropertyValueSpecification\",\"valueRequired\":true,\"valueName\":\"search_term_string\"}}],\"inLanguage\":\"es\"},{\"@type\":\"Organization\",\"@id\":\"https:\/\/www.unidadroboticadental.com\/es_es\/#organization\",\"name\":\"Cl\u00ednica odontol\u00f3gica en Bogot\u00e1 y Medell\u00edn- Unidad Rob\u00f3tica Dental 3D\",\"url\":\"https:\/\/www.unidadroboticadental.com\/es_es\/\",\"logo\":{\"@type\":\"ImageObject\",\"inLanguage\":\"es\",\"@id\":\"https:\/\/www.unidadroboticadental.com\/es_es\/#\/schema\/logo\/image\/\",\"url\":\"https:\/\/www.unidadroboticadental.com\/wp-content\/uploads\/2019\/05\/logo-1.png\",\"contentUrl\":\"https:\/\/www.unidadroboticadental.com\/wp-content\/uploads\/2019\/05\/logo-1.png\",\"width\":225,\"height\":225,\"caption\":\"Cl\u00ednica odontol\u00f3gica en Bogot\u00e1 y Medell\u00edn- Unidad Rob\u00f3tica Dental 3D\"},\"image\":{\"@id\":\"https:\/\/www.unidadroboticadental.com\/es_es\/#\/schema\/logo\/image\/\"},\"sameAs\":[\"https:\/\/www.facebook.com\/unidadroboticadental3d\",\"https:\/\/www.instagram.com\/unidadroboticadental3d\/\"]}]}<\/script>\n<!-- \/ Yoast SEO Premium plugin. -->","yoast_head_json":{"title":"Cl\u00ednicas odontol\u00f3gicas en Bogot\u00e1 equipo de odont\u00f3logos en Bogot\u00e1","description":"Unidad Rob\u00f3tica Dental 3D cl\u00ednicas odontol\u00f3gicas en Bogot\u00e1 equipo de odont\u00f3logos profesionales en Bogot\u00e1 agenda hoy tu cita de valoraci\u00f3n.","robots":{"index":"index","follow":"follow","max-snippet":"max-snippet:-1","max-image-preview":"max-image-preview:large","max-video-preview":"max-video-preview:-1"},"canonical":"https:\/\/www.unidadroboticadental.com\/es_es\/clinicas-odontologicas-en-bogota-equipo-de-odontologos-en-bogota\/","og_locale":"es_ES","og_type":"article","og_title":"Equipo Bogot\u00e1","og_description":"Unidad Rob\u00f3tica Dental 3D cl\u00ednicas odontol\u00f3gicas en Bogot\u00e1 equipo de odont\u00f3logos profesionales en Bogot\u00e1 agenda hoy tu cita de valoraci\u00f3n.","og_url":"https:\/\/www.unidadroboticadental.com\/es_es\/clinicas-odontologicas-en-bogota-equipo-de-odontologos-en-bogota\/","og_site_name":"Unidad Rob\u00f3tica Dental 3D","article_publisher":"https:\/\/www.facebook.com\/unidadroboticadental3d","article_modified_time":"2023-07-24T22:25:39+00:00","twitter_card":"summary_large_image","twitter_misc":{"Tiempo de lectura":"1 minuto"},"schema":{"@context":"https:\/\/schema.org","@graph":[{"@type":"WebPage","@id":"https:\/\/www.unidadroboticadental.com\/clinicas-odontologicas-en-bogota-equipo-de-odontologos-en-bogota\/","url":"https:\/\/www.unidadroboticadental.com\/clinicas-odontologicas-en-bogota-equipo-de-odontologos-en-bogota\/","name":"Cl\u00ednicas odontol\u00f3gicas en Bogot\u00e1 equipo de odont\u00f3logos en Bogot\u00e1","isPartOf":{"@id":"https:\/\/www.unidadroboticadental.com\/es_es\/#website"},"datePublished":"2019-08-12T22:14:44+00:00","dateModified":"2023-07-24T22:25:39+00:00","description":"Unidad Rob\u00f3tica Dental 3D cl\u00ednicas odontol\u00f3gicas en Bogot\u00e1 equipo de odont\u00f3logos profesionales en Bogot\u00e1 agenda hoy tu cita de valoraci\u00f3n.","breadcrumb":{"@id":"https:\/\/www.unidadroboticadental.com\/clinicas-odontologicas-en-bogota-equipo-de-odontologos-en-bogota\/#breadcrumb"},"inLanguage":"es","potentialAction":[{"@type":"ReadAction","target":["https:\/\/www.unidadroboticadental.com\/clinicas-odontologicas-en-bogota-equipo-de-odontologos-en-bogota\/"]}]},{"@type":"BreadcrumbList","@id":"https:\/\/www.unidadroboticadental.com\/clinicas-odontologicas-en-bogota-equipo-de-odontologos-en-bogota\/#breadcrumb","itemListElement":[{"@type":"ListItem","position":1,"name":"Portada","item":"https:\/\/www.unidadroboticadental.com\/es_es\/"},{"@type":"ListItem","position":2,"name":"Equipo Bogot\u00e1"}]},{"@type":"WebSite","@id":"https:\/\/www.unidadroboticadental.com\/es_es\/#website","url":"https:\/\/www.unidadroboticadental.com\/es_es\/","name":"Cl\u00ednica Odontol\u00f3gica Bogot\u00e1 Medell\u00edn Unidad Rob\u00f3tica Dental 3D","description":"Cl\u00ednica odontolog\u00edca en Bogot\u00e1 y Medell\u00edn","publisher":{"@id":"https:\/\/www.unidadroboticadental.com\/es_es\/#organization"},"potentialAction":[{"@type":"SearchAction","target":{"@type":"EntryPoint","urlTemplate":"https:\/\/www.unidadroboticadental.com\/es_es\/?s={search_term_string}"},"query-input":{"@type":"PropertyValueSpecification","valueRequired":true,"valueName":"search_term_string"}}],"inLanguage":"es"},{"@type":"Organization","@id":"https:\/\/www.unidadroboticadental.com\/es_es\/#organization","name":"Cl\u00ednica odontol\u00f3gica en Bogot\u00e1 y Medell\u00edn- Unidad Rob\u00f3tica Dental 3D","url":"https:\/\/www.unidadroboticadental.com\/es_es\/","logo":{"@type":"ImageObject","inLanguage":"es","@id":"https:\/\/www.unidadroboticadental.com\/es_es\/#\/schema\/logo\/image\/","url":"https:\/\/www.unidadroboticadental.com\/wp-content\/uploads\/2019\/05\/logo-1.png","contentUrl":"https:\/\/www.unidadroboticadental.com\/wp-content\/uploads\/2019\/05\/logo-1.png","width":225,"height":225,"caption":"Cl\u00ednica odontol\u00f3gica en Bogot\u00e1 y Medell\u00edn- Unidad Rob\u00f3tica Dental 3D"},"image":{"@id":"https:\/\/www.unidadroboticadental.com\/es_es\/#\/schema\/logo\/image\/"},"sameAs":["https:\/\/www.facebook.com\/unidadroboticadental3d","https:\/\/www.instagram.com\/unidadroboticadental3d\/"]}]}},"_links":{"self":[{"href":"https:\/\/www.unidadroboticadental.com\/es_es\/wp-json\/wp\/v2\/pages\/1875","targetHints":{"allow":["GET"]}}],"collection":[{"href":"https:\/\/www.unidadroboticadental.com\/es_es\/wp-json\/wp\/v2\/pages"}],"about":[{"href":"https:\/\/www.unidadroboticadental.com\/es_es\/wp-json\/wp\/v2\/types\/page"}],"author":[{"embeddable":true,"href":"https:\/\/www.unidadroboticadental.com\/es_es\/wp-json\/wp\/v2\/users\/1"}],"replies":[{"embeddable":true,"href":"https:\/\/www.unidadroboticadental.com\/es_es\/wp-json\/wp\/v2\/comments?post=1875"}],"version-history":[{"count":6,"href":"https:\/\/www.unidadroboticadental.com\/es_es\/wp-json\/wp\/v2\/pages\/1875\/revisions"}],"predecessor-version":[{"id":2270,"href":"https:\/\/www.unidadroboticadental.com\/es_es\/wp-json\/wp\/v2\/pages\/1875\/revisions\/2270"}],"wp:attachment":[{"href":"https:\/\/www.unidadroboticadental.com\/es_es\/wp-json\/wp\/v2\/media?parent=1875"}],"curies":[{"name":"wp","href":"https:\/\/api.w.org\/{rel}","templated":true}]}}