{"id":1847,"date":"2019-08-12T21:48:26","date_gmt":"2019-08-12T21:48:26","guid":{"rendered":"http:\/\/unidadroboticadental.com\/web\/?page_id=1847"},"modified":"2019-10-01T11:46:40","modified_gmt":"2019-10-01T11:46:40","slug":"clinicas-odontologicas-en-bogota-y-medellin-tecnologia-dental-3d-medios-diagnosticos","status":"publish","type":"page","link":"https:\/\/www.unidadroboticadental.com\/es_es\/clinicas-odontologicas-en-bogota-y-medellin-tecnologia-dental-3d-medios-diagnosticos\/","title":{"rendered":"Medios Diagn\u00f3sticos"},"content":{"rendered":"<div class=\"wpb-content-wrapper\"><section id=\"ut-section-69ea29a2a7ff7\" data-vc-full-width=\"true\" data-vc-full-width-init=\"false\" class=\"vc_section ut-vc-160 vc_section-has-no-fill ut-section-69ea29a2a800e\"><div id=\"ut-row-69ea29a2a854a\" data-vc-full-width=\"true\" data-vc-full-width-init=\"false\" class=\"vc_row wpb_row vc_row-fluid vc_column-gap-0 ut-row-69ea29a2a8560\" ><div class=\"wpb_column vc_column_container vc_col-sm-6\" ><div id=\"ut_inner_column_69ea29a2a8c22\" class=\"vc_column-inner \"><div class=\"wpb_wrapper\">\n\t<div class=\"wpb_text_column wpb_content_element\" >\n\t\t<div class=\"wpb_wrapper\">\n\t\t\t<h2 style=\"text-align: center; font-size: 30px;\">Medios Diagn\u00f3sticos<\/h2>\n<p style=\"text-align: center; font-size: 20px;\">Contamos con equipos de \u00faltima generaci\u00f3n para<br \/>\ndar un diagn\u00f3stico r\u00e1pido y oportuno sin salir de<br \/>\nnuestras instalaciones.<\/p>\n<p style=\"text-align: center; font-size: 20px;\">&#8211; Radiolog\u00eda Intra-Oral<br \/>\n&#8211; Radiolog\u00eda Extra-Oral<br \/>\n-Tomograf\u00eda Digital 3D<br \/>\n&#8211; Fotograf\u00eda Cl\u00ednica Profesional.<\/p>\n\n\t\t<\/div>\n\t<\/div>\n<\/div><\/div><style type=\"text\/css\" scoped>#ut_inner_column_69ea29a2a8c22{margin-top: 20% !important;}<\/style><\/div><div class=\"wpb_column vc_column_container vc_col-sm-6\" ><div id=\"ut_inner_column_69ea29a2a924e\" class=\"vc_column-inner \"><div class=\"wpb_wrapper\"><div  class=\"wpb_content_element   clearfix\"><style type=\"text\/css\" scoped>#ut_am_69ea29a2a9f2d { opacity: 1; }<\/style><div id=\"ut_am_wrap_69ea29a2a9f2e\" class=\"ut-image-gallery-image \" style=\"text-align:left;\"><div class=\"ut-animated-image-item ut-image-gallery-item ut-animation-done\"><a class=\"ut-deactivated-link\" href=\"#\"><img loading=\"lazy\" decoding=\"async\"  id=\"ut_am_69ea29a2a9f2d\" style=\"\" src=\"https:\/\/www.unidadroboticadental.com\/wp-content\/uploads\/2019\/08\/Medios-diagnosticos-2.jpg\" width=\"492\" height=\"492\" alt=\"\"\/><\/a><\/div><\/div><\/div><\/div><\/div><\/div><\/div><div class=\"vc_row-full-width vc_clearfix\"><\/div><a data-id=\"section-without-id\" class=\"ut-vc-offset-anchor-bottom\" name=\"section-without-id\"><\/a><\/section><div class=\"vc_row-full-width vc_clearfix\"><\/div><section id=\"ut-section-69ea29a2aa9b4\" data-vc-full-width=\"true\" data-vc-full-width-init=\"false\" class=\"vc_section ut-vc-160 vc_section-has-no-fill ut-section-69ea29a2aa9c4\"><div id=\"ut-row-69ea29a2ab011\" data-vc-full-width=\"true\" data-vc-full-width-init=\"false\" class=\"vc_row wpb_row vc_row-fluid vc_column-gap-0 ut-row-69ea29a2ab026\" ><div class=\"wpb_column vc_column_container vc_col-sm-4\" ><div id=\"ut_inner_column_69ea29a2ab4e1\" class=\"vc_column-inner \"><div class=\"wpb_wrapper\"><style type=\"text\/css\" scoped><\/style><div id=\"ut_fancy_image_69ea29a2ab960\" class=\"ut-fancy-image-wrap \"><a target=\"_blank\" href=\"#\" ><figure class=\"ut-fancy-image\"><img decoding=\"async\" src=\"https:\/\/www.unidadroboticadental.com\/wp-content\/uploads\/2019\/06\/4-1-1300x731.jpg\" alt=\"\"\/><figcaption><\/figcaption><\/figure><\/a><\/div><\/div><\/div><\/div><div class=\"wpb_column vc_column_container vc_col-sm-4\" ><div id=\"ut_inner_column_69ea29a2abb2d\" class=\"vc_column-inner \"><div class=\"wpb_wrapper\"><style type=\"text\/css\" scoped><\/style><div id=\"ut_fancy_image_69ea29a2abece\" class=\"ut-fancy-image-wrap \"><a target=\"_blank\" href=\"#\" ><figure class=\"ut-fancy-image\"><img decoding=\"async\" src=\"https:\/\/www.unidadroboticadental.com\/wp-content\/uploads\/2019\/06\/2-1-1300x731.jpg\" alt=\"\"\/><figcaption><\/figcaption><\/figure><\/a><\/div><\/div><\/div><\/div><div class=\"wpb_column vc_column_container vc_col-sm-4\" ><div id=\"ut_inner_column_69ea29a2ac005\" class=\"vc_column-inner \"><div class=\"wpb_wrapper\"><style type=\"text\/css\" scoped><\/style><div id=\"ut_fancy_image_69ea29a2ac329\" class=\"ut-fancy-image-wrap \"><a target=\"_blank\" href=\"#\" ><figure class=\"ut-fancy-image\"><img decoding=\"async\" src=\"https:\/\/www.unidadroboticadental.com\/wp-content\/uploads\/2019\/06\/7-1300x731.jpg\" alt=\"\"\/><figcaption><\/figcaption><\/figure><\/a><\/div><\/div><\/div><\/div><\/div><div class=\"vc_row-full-width vc_clearfix\"><\/div><div id=\"ut-row-69ea29a2ac7e6\" data-vc-full-width=\"true\" data-vc-full-width-init=\"false\" class=\"vc_row wpb_row vc_row-fluid vc_column-gap-0 ut-row-69ea29a2ac7f5\" ><div class=\"wpb_column vc_column_container vc_col-sm-4\" ><div id=\"ut_inner_column_69ea29a2acbd0\" class=\"vc_column-inner \"><div class=\"wpb_wrapper\"><style type=\"text\/css\" scoped><\/style><div id=\"ut_fancy_image_69ea29a2acfb0\" class=\"ut-fancy-image-wrap \"><a target=\"_blank\" href=\"#\" ><figure class=\"ut-fancy-image\"><img decoding=\"async\" src=\"https:\/\/www.unidadroboticadental.com\/wp-content\/uploads\/2019\/06\/8-1300x731.jpg\" alt=\"\"\/><figcaption><\/figcaption><\/figure><\/a><\/div><\/div><\/div><\/div><div class=\"wpb_column vc_column_container vc_col-sm-4\" ><div id=\"ut_inner_column_69ea29a2ad0eb\" class=\"vc_column-inner \"><div class=\"wpb_wrapper\"><style type=\"text\/css\" scoped><\/style><div id=\"ut_fancy_image_69ea29a2ad42e\" class=\"ut-fancy-image-wrap \"><a target=\"_blank\" href=\"#\" ><figure class=\"ut-fancy-image\"><img decoding=\"async\" src=\"https:\/\/www.unidadroboticadental.com\/wp-content\/uploads\/2019\/06\/10-1300x731.jpg\" alt=\"\"\/><figcaption><\/figcaption><\/figure><\/a><\/div><\/div><\/div><\/div><div class=\"wpb_column vc_column_container vc_col-sm-4\" ><div id=\"ut_inner_column_69ea29a2ad547\" class=\"vc_column-inner \"><div class=\"wpb_wrapper\"><\/div><\/div><\/div><\/div><div class=\"vc_row-full-width vc_clearfix\"><\/div><a data-id=\"section-without-id\" class=\"ut-vc-offset-anchor-bottom\" name=\"section-without-id\"><\/a><style type=\"text\/css\" scoped>#ut-section-69ea29a2aa9b4{padding-top: 30px !important;} <\/style><\/section><div class=\"vc_row-full-width vc_clearfix\"><\/div>\n<\/div>","protected":false},"excerpt":{"rendered":"Medios Diagn\u00f3sticos Contamos con equipos de \u00faltima generaci\u00f3n para dar un diagn\u00f3stico r\u00e1pido y oportuno sin salir de nuestras instalaciones. - Radiolog\u00eda Intra-Oral - Radiolog\u00eda Extra-Oral -Tomograf\u00eda Digital 3D - Fotograf\u00eda Cl\u00ednica Profesional.","protected":false},"author":1,"featured_media":0,"parent":0,"menu_order":0,"comment_status":"closed","ping_status":"closed","template":"","meta":{"footnotes":""},"class_list":["post-1847","page","type-page","status-publish","hentry"],"yoast_head":"<!-- This site is optimized with the Yoast SEO Premium plugin v20.12 (Yoast SEO v26.9) - https:\/\/yoast.com\/product\/yoast-seo-premium-wordpress\/ -->\n<title>Cl\u00ednicas odontol\u00f3gicas en Bogot\u00e1 y Medell\u00edn tecnolog\u00eda dental 3D<\/title>\n<meta name=\"description\" content=\"Cl\u00ednicas odontol\u00f3gicas en Bogot\u00e1 y Medell\u00edn contamos con la m\u00e1s avanzada tecnolog\u00eda dental 3D para un mejor diagn\u00f3stico agenda tu cita hoy mismo.\" \/>\n<meta name=\"robots\" content=\"index, follow, max-snippet:-1, max-image-preview:large, max-video-preview:-1\" \/>\n<link rel=\"canonical\" href=\"https:\/\/www.unidadroboticadental.com\/es_es\/clinicas-odontologicas-en-bogota-y-medellin-tecnologia-dental-3d-medios-diagnosticos\/\" \/>\n<meta property=\"og:locale\" content=\"es_ES\" \/>\n<meta property=\"og:type\" content=\"article\" \/>\n<meta property=\"og:title\" content=\"Medios Diagn\u00f3sticos\" \/>\n<meta property=\"og:description\" content=\"Cl\u00ednicas odontol\u00f3gicas en Bogot\u00e1 y Medell\u00edn contamos con la m\u00e1s avanzada tecnolog\u00eda dental 3D para un mejor diagn\u00f3stico agenda tu cita hoy mismo.\" \/>\n<meta property=\"og:url\" content=\"https:\/\/www.unidadroboticadental.com\/es_es\/clinicas-odontologicas-en-bogota-y-medellin-tecnologia-dental-3d-medios-diagnosticos\/\" \/>\n<meta property=\"og:site_name\" content=\"Unidad Rob\u00f3tica Dental 3D\" \/>\n<meta property=\"article:publisher\" content=\"https:\/\/www.facebook.com\/unidadroboticadental3d\" \/>\n<meta property=\"article:modified_time\" content=\"2019-10-01T11:46:40+00:00\" \/>\n<meta name=\"twitter:card\" content=\"summary_large_image\" \/>\n<meta name=\"twitter:label1\" content=\"Tiempo de lectura\" \/>\n\t<meta name=\"twitter:data1\" content=\"1 minuto\" \/>\n<script type=\"application\/ld+json\" class=\"yoast-schema-graph\">{\"@context\":\"https:\/\/schema.org\",\"@graph\":[{\"@type\":\"WebPage\",\"@id\":\"https:\/\/www.unidadroboticadental.com\/clinicas-odontologicas-en-bogota-y-medellin-tecnologia-dental-3d-medios-diagnosticos\/\",\"url\":\"https:\/\/www.unidadroboticadental.com\/clinicas-odontologicas-en-bogota-y-medellin-tecnologia-dental-3d-medios-diagnosticos\/\",\"name\":\"Cl\u00ednicas odontol\u00f3gicas en Bogot\u00e1 y Medell\u00edn tecnolog\u00eda dental 3D\",\"isPartOf\":{\"@id\":\"https:\/\/www.unidadroboticadental.com\/es_es\/#website\"},\"datePublished\":\"2019-08-12T21:48:26+00:00\",\"dateModified\":\"2019-10-01T11:46:40+00:00\",\"description\":\"Cl\u00ednicas odontol\u00f3gicas en Bogot\u00e1 y Medell\u00edn contamos con la m\u00e1s avanzada tecnolog\u00eda dental 3D para un mejor diagn\u00f3stico agenda tu cita hoy mismo.\",\"breadcrumb\":{\"@id\":\"https:\/\/www.unidadroboticadental.com\/clinicas-odontologicas-en-bogota-y-medellin-tecnologia-dental-3d-medios-diagnosticos\/#breadcrumb\"},\"inLanguage\":\"es\",\"potentialAction\":[{\"@type\":\"ReadAction\",\"target\":[\"https:\/\/www.unidadroboticadental.com\/clinicas-odontologicas-en-bogota-y-medellin-tecnologia-dental-3d-medios-diagnosticos\/\"]}]},{\"@type\":\"BreadcrumbList\",\"@id\":\"https:\/\/www.unidadroboticadental.com\/clinicas-odontologicas-en-bogota-y-medellin-tecnologia-dental-3d-medios-diagnosticos\/#breadcrumb\",\"itemListElement\":[{\"@type\":\"ListItem\",\"position\":1,\"name\":\"Portada\",\"item\":\"https:\/\/www.unidadroboticadental.com\/es_es\/\"},{\"@type\":\"ListItem\",\"position\":2,\"name\":\"Medios Diagn\u00f3sticos\"}]},{\"@type\":\"WebSite\",\"@id\":\"https:\/\/www.unidadroboticadental.com\/es_es\/#website\",\"url\":\"https:\/\/www.unidadroboticadental.com\/es_es\/\",\"name\":\"Cl\u00ednica Odontol\u00f3gica Bogot\u00e1 Medell\u00edn Unidad Rob\u00f3tica Dental 3D\",\"description\":\"Cl\u00ednica odontolog\u00edca en Bogot\u00e1 y Medell\u00edn\",\"publisher\":{\"@id\":\"https:\/\/www.unidadroboticadental.com\/es_es\/#organization\"},\"potentialAction\":[{\"@type\":\"SearchAction\",\"target\":{\"@type\":\"EntryPoint\",\"urlTemplate\":\"https:\/\/www.unidadroboticadental.com\/es_es\/?s={search_term_string}\"},\"query-input\":{\"@type\":\"PropertyValueSpecification\",\"valueRequired\":true,\"valueName\":\"search_term_string\"}}],\"inLanguage\":\"es\"},{\"@type\":\"Organization\",\"@id\":\"https:\/\/www.unidadroboticadental.com\/es_es\/#organization\",\"name\":\"Cl\u00ednica odontol\u00f3gica en Bogot\u00e1 y Medell\u00edn- Unidad Rob\u00f3tica Dental 3D\",\"url\":\"https:\/\/www.unidadroboticadental.com\/es_es\/\",\"logo\":{\"@type\":\"ImageObject\",\"inLanguage\":\"es\",\"@id\":\"https:\/\/www.unidadroboticadental.com\/es_es\/#\/schema\/logo\/image\/\",\"url\":\"https:\/\/www.unidadroboticadental.com\/wp-content\/uploads\/2019\/05\/logo-1.png\",\"contentUrl\":\"https:\/\/www.unidadroboticadental.com\/wp-content\/uploads\/2019\/05\/logo-1.png\",\"width\":225,\"height\":225,\"caption\":\"Cl\u00ednica odontol\u00f3gica en Bogot\u00e1 y Medell\u00edn- Unidad Rob\u00f3tica Dental 3D\"},\"image\":{\"@id\":\"https:\/\/www.unidadroboticadental.com\/es_es\/#\/schema\/logo\/image\/\"},\"sameAs\":[\"https:\/\/www.facebook.com\/unidadroboticadental3d\",\"https:\/\/www.instagram.com\/unidadroboticadental3d\/\"]}]}<\/script>\n<!-- \/ Yoast SEO Premium plugin. -->","yoast_head_json":{"title":"Cl\u00ednicas odontol\u00f3gicas en Bogot\u00e1 y Medell\u00edn tecnolog\u00eda dental 3D","description":"Cl\u00ednicas odontol\u00f3gicas en Bogot\u00e1 y Medell\u00edn contamos con la m\u00e1s avanzada tecnolog\u00eda dental 3D para un mejor diagn\u00f3stico agenda tu cita hoy mismo.","robots":{"index":"index","follow":"follow","max-snippet":"max-snippet:-1","max-image-preview":"max-image-preview:large","max-video-preview":"max-video-preview:-1"},"canonical":"https:\/\/www.unidadroboticadental.com\/es_es\/clinicas-odontologicas-en-bogota-y-medellin-tecnologia-dental-3d-medios-diagnosticos\/","og_locale":"es_ES","og_type":"article","og_title":"Medios Diagn\u00f3sticos","og_description":"Cl\u00ednicas odontol\u00f3gicas en Bogot\u00e1 y Medell\u00edn contamos con la m\u00e1s avanzada tecnolog\u00eda dental 3D para un mejor diagn\u00f3stico agenda tu cita hoy mismo.","og_url":"https:\/\/www.unidadroboticadental.com\/es_es\/clinicas-odontologicas-en-bogota-y-medellin-tecnologia-dental-3d-medios-diagnosticos\/","og_site_name":"Unidad Rob\u00f3tica Dental 3D","article_publisher":"https:\/\/www.facebook.com\/unidadroboticadental3d","article_modified_time":"2019-10-01T11:46:40+00:00","twitter_card":"summary_large_image","twitter_misc":{"Tiempo de lectura":"1 minuto"},"schema":{"@context":"https:\/\/schema.org","@graph":[{"@type":"WebPage","@id":"https:\/\/www.unidadroboticadental.com\/clinicas-odontologicas-en-bogota-y-medellin-tecnologia-dental-3d-medios-diagnosticos\/","url":"https:\/\/www.unidadroboticadental.com\/clinicas-odontologicas-en-bogota-y-medellin-tecnologia-dental-3d-medios-diagnosticos\/","name":"Cl\u00ednicas odontol\u00f3gicas en Bogot\u00e1 y Medell\u00edn tecnolog\u00eda dental 3D","isPartOf":{"@id":"https:\/\/www.unidadroboticadental.com\/es_es\/#website"},"datePublished":"2019-08-12T21:48:26+00:00","dateModified":"2019-10-01T11:46:40+00:00","description":"Cl\u00ednicas odontol\u00f3gicas en Bogot\u00e1 y Medell\u00edn contamos con la m\u00e1s avanzada tecnolog\u00eda dental 3D para un mejor diagn\u00f3stico agenda tu cita hoy mismo.","breadcrumb":{"@id":"https:\/\/www.unidadroboticadental.com\/clinicas-odontologicas-en-bogota-y-medellin-tecnologia-dental-3d-medios-diagnosticos\/#breadcrumb"},"inLanguage":"es","potentialAction":[{"@type":"ReadAction","target":["https:\/\/www.unidadroboticadental.com\/clinicas-odontologicas-en-bogota-y-medellin-tecnologia-dental-3d-medios-diagnosticos\/"]}]},{"@type":"BreadcrumbList","@id":"https:\/\/www.unidadroboticadental.com\/clinicas-odontologicas-en-bogota-y-medellin-tecnologia-dental-3d-medios-diagnosticos\/#breadcrumb","itemListElement":[{"@type":"ListItem","position":1,"name":"Portada","item":"https:\/\/www.unidadroboticadental.com\/es_es\/"},{"@type":"ListItem","position":2,"name":"Medios Diagn\u00f3sticos"}]},{"@type":"WebSite","@id":"https:\/\/www.unidadroboticadental.com\/es_es\/#website","url":"https:\/\/www.unidadroboticadental.com\/es_es\/","name":"Cl\u00ednica Odontol\u00f3gica Bogot\u00e1 Medell\u00edn Unidad Rob\u00f3tica Dental 3D","description":"Cl\u00ednica odontolog\u00edca en Bogot\u00e1 y Medell\u00edn","publisher":{"@id":"https:\/\/www.unidadroboticadental.com\/es_es\/#organization"},"potentialAction":[{"@type":"SearchAction","target":{"@type":"EntryPoint","urlTemplate":"https:\/\/www.unidadroboticadental.com\/es_es\/?s={search_term_string}"},"query-input":{"@type":"PropertyValueSpecification","valueRequired":true,"valueName":"search_term_string"}}],"inLanguage":"es"},{"@type":"Organization","@id":"https:\/\/www.unidadroboticadental.com\/es_es\/#organization","name":"Cl\u00ednica odontol\u00f3gica en Bogot\u00e1 y Medell\u00edn- Unidad Rob\u00f3tica Dental 3D","url":"https:\/\/www.unidadroboticadental.com\/es_es\/","logo":{"@type":"ImageObject","inLanguage":"es","@id":"https:\/\/www.unidadroboticadental.com\/es_es\/#\/schema\/logo\/image\/","url":"https:\/\/www.unidadroboticadental.com\/wp-content\/uploads\/2019\/05\/logo-1.png","contentUrl":"https:\/\/www.unidadroboticadental.com\/wp-content\/uploads\/2019\/05\/logo-1.png","width":225,"height":225,"caption":"Cl\u00ednica odontol\u00f3gica en Bogot\u00e1 y Medell\u00edn- Unidad Rob\u00f3tica Dental 3D"},"image":{"@id":"https:\/\/www.unidadroboticadental.com\/es_es\/#\/schema\/logo\/image\/"},"sameAs":["https:\/\/www.facebook.com\/unidadroboticadental3d","https:\/\/www.instagram.com\/unidadroboticadental3d\/"]}]}},"_links":{"self":[{"href":"https:\/\/www.unidadroboticadental.com\/es_es\/wp-json\/wp\/v2\/pages\/1847","targetHints":{"allow":["GET"]}}],"collection":[{"href":"https:\/\/www.unidadroboticadental.com\/es_es\/wp-json\/wp\/v2\/pages"}],"about":[{"href":"https:\/\/www.unidadroboticadental.com\/es_es\/wp-json\/wp\/v2\/types\/page"}],"author":[{"embeddable":true,"href":"https:\/\/www.unidadroboticadental.com\/es_es\/wp-json\/wp\/v2\/users\/1"}],"replies":[{"embeddable":true,"href":"https:\/\/www.unidadroboticadental.com\/es_es\/wp-json\/wp\/v2\/comments?post=1847"}],"version-history":[{"count":11,"href":"https:\/\/www.unidadroboticadental.com\/es_es\/wp-json\/wp\/v2\/pages\/1847\/revisions"}],"predecessor-version":[{"id":1864,"href":"https:\/\/www.unidadroboticadental.com\/es_es\/wp-json\/wp\/v2\/pages\/1847\/revisions\/1864"}],"wp:attachment":[{"href":"https:\/\/www.unidadroboticadental.com\/es_es\/wp-json\/wp\/v2\/media?parent=1847"}],"curies":[{"name":"wp","href":"https:\/\/api.w.org\/{rel}","templated":true}]}}