{"id":1319,"date":"2019-06-04T05:09:01","date_gmt":"2019-06-04T05:09:01","guid":{"rendered":"http:\/\/unidadroboticadental.com\/web\/?page_id=1319"},"modified":"2023-08-28T20:24:09","modified_gmt":"2023-08-28T20:24:09","slug":"tratamientos-de-endodoncia-en-bogota-y-medellin","status":"publish","type":"page","link":"https:\/\/www.unidadroboticadental.com\/es_es\/tratamientos-de-endodoncia-en-bogota-y-medellin\/","title":{"rendered":"Endodoncia"},"content":{"rendered":"<div class=\"wpb-content-wrapper\"><section id=\"ut-section-69ea29e0ac916\" data-vc-full-width=\"true\" data-vc-full-width-init=\"false\" class=\"vc_section ut-vc-160 vc_section-has-no-fill ut-section-69ea29e0ac92a\"><div id=\"ut-row-69ea29e0ace8a\" data-vc-full-width=\"true\" data-vc-full-width-init=\"false\" class=\"vc_row wpb_row vc_row-fluid vc_column-gap-0 ut-row-69ea29e0acea1\" ><div class=\"wpb_column vc_column_container vc_col-sm-6\" ><div id=\"ut_inner_column_69ea29e0ad673\" class=\"vc_column-inner \"><div class=\"wpb_wrapper\"><div class=\"wpb_content_element   clearfix\">            \r\n            <script type=\"text\/javascript\">\r\n                \r\n                (function($){\r\n                    \r\n                    $(document).ready(function(){\r\n                                                \r\n                        function get_animated_objects( $all_appeared_elements, effect ) {\r\n                            \r\n                            var counter = 0;\r\n                            \r\n                            $all_appeared_elements.each(function(){\r\n                                        \r\n                                if( $(this).hasClass(effect) ) {\r\n\r\n                                    counter++;\r\n\r\n                                }\r\n\r\n                            });\r\n                            \r\n                            return counter;\r\n                            \r\n                        }\r\n\t\t\t\t\t\t\r\n\t\t\t\t\t\t\t\t\t\t\t\t\r\n\t\t\t\t\t\t\t$(\"#ut_ig_69ea29e0ad7bc .ut-image-gallery-item\").appear();\t\t\t\t\t\t\r\n\t\t\t\t\t\t\r\n\t\t\t\t\t\t\t$(document.body).on('appear', '#ut_ig_69ea29e0ad7bc .ut-image-gallery-item', function( event, $all_appeared_elements ) {\r\n\t\t\t\t\t\t\t\t\r\n\t\t\t\t\t\t\t\tvar $this = $(this);\r\n\t\t\t\t\t\t\t\t\r\n\t\t\t\t\t\t\t\tif( !$this.hasClass('ut-image-loaded') ) {\r\n                                    return; \r\n                                }\r\n\t\t\t\t\t\t\t\t\t\t\t\t\t\t\t\t\r\n\t\t\t\t\t\t\t\t$this.delay( 100 * ( $all_appeared_elements.index(this) - get_animated_objects( $all_appeared_elements, 'appeared' ) ) ).queue( function() {\r\n\t\t\t\t\r\n\t\t\t\t\t\t\t\t\t$this.addClass('appeared');\r\n\r\n\t\t\t\t\t\t\t\t});\r\n\t\t\t\t\t\t\t\t\r\n\t\t\t\t\t\t\t\t\r\n\t\t\t\t\t\t\t});\t\t\t\t\t\t\r\n\t\t\t\t\t\t\r\n\t\t\t\t\t\t\t\t\t\t\t\t\r\n\t\t\t\t\t\t\r\n                        \t\t\t\t\t\t\r\n\t\t\t\t\t\t$('#ut_ig_69ea29e0ad7bc').lightGallery({\r\n\t\t\t\t\t\t\tselector: '.ut-vc-images-lightbox-group-image',\r\n\t\t\t\t\t\t\texThumbImage: 'data-exthumbimage',\r\n\t\t\t\t\t\t\tdownload: site_settings.lg_download,\r\n\t\t\t\t\t\t\thash: false\r\n\t\t\t\t\t\t});\t\t\t\t\t\t\r\n  \r\n                    });\r\n                        \r\n                })(jQuery);\r\n            \r\n            <\/script>\r\n            \r\n            <style type=\"text\/css\" scoped>#ut_ig_69ea29e0ad7bc .ut-lazy:not(.ut-image-loaded) + .ut-video-module-loading { display:block; }#ut_ig_69ea29e0ad7bc .ut-lazy.ut-image-loaded + .ut-video-module-loading { display:none; }<\/style><div id=\"ut_ig_69ea29e0ad7bc\" class=\"ut-image-gallery  clearfix\"><div  data-count=\"1\" class=\"ut-image-gallery-item ut-animation-done grid-100 tablet-grid-100 mobile-grid-100 \"><a  class=\"ut-vc-images-lightbox ut-vc-images-lightbox-group-image\"  data-exthumbimage=\"https:\/\/www.unidadroboticadental.com\/wp-content\/uploads\/2019\/08\/Endodoncia-200x200.jpg\" href=\"https:\/\/www.unidadroboticadental.com\/wp-content\/uploads\/2019\/08\/Endodoncia.jpg\"><div class=\"ut-image-gallery-image \"><img loading=\"lazy\" decoding=\"async\"  class=\" ut-lazy skip-lazy\" src=\"data:image\/svg+xml;charset=utf-8,%3Csvg xmlns%3D'http%3A%2F%2Fwww.w3.org%2F2000%2Fsvg' viewBox%3D'0 0 832 311'%2F%3E\" data-src=\"https:\/\/www.unidadroboticadental.com\/wp-content\/uploads\/2019\/08\/Endodoncia.jpg\" width=\"832\" height=\"311\"><\/div><\/a><\/div><div class=\"clear\"><\/div><\/div><\/div><\/div><\/div><\/div><div class=\"wpb_column vc_column_container vc_col-sm-6\" ><div id=\"ut_inner_column_69ea29e0ae161\" class=\"vc_column-inner \"><div class=\"wpb_wrapper\"><div class=\"wpb_content_element \"><style type=\"text\/css\" scoped>#ut_header_69ea29e0ae459 h2.section-title { font-size: 50px; }#ut_header_69ea29e0ae459.pt-style-2 .page-title:after, #ut_header_69ea29e0ae459.pt-style-2 .parallax-title:after, #ut_header_69ea29e0ae459.pt-style-2 .section-title:after {background-color:!important;height: ;width: ;}<\/style><header id=\"ut_header_69ea29e0ae459\" class=\"section-header ut-no-title-linebreak-mobile ut-no-lead-linebreak-mobile pt-style-2 header-left element-with-custom-line-height\"><h2  class=\"section-title \"><span>Endodoncia<\/span><\/h2><div data-delay=\"0\" class=\"lead \"><p>Es la especialidad encargada de reemplazar el nervio o pulpa de un diente afectado por un material inerte, permitiendo que este contin\u00fae con sus funciones tanto est\u00e9ticas como masticatorias.<\/p>\n<p>El endodoncista tambi\u00e9n es el encargado de realizar cirug\u00edas apicales que en casos m\u00e1s complejos se requieren para conservar los dientes.<br \/>\nTodo lo anterior con la ayuda inigualable de equipos como son el microscopio electr\u00f3nico y el l\u00e1ser.<\/p>\n<\/div><\/header><\/div><\/div><\/div><\/div><\/div><div class=\"vc_row-full-width vc_clearfix\"><\/div><a data-id=\"section-without-id\" class=\"ut-vc-offset-anchor-bottom\" name=\"section-without-id\"><\/a><\/section><div class=\"vc_row-full-width vc_clearfix\"><\/div><section id=\"ut-section-69ea29e0af497\" data-vc-full-width=\"true\" data-vc-full-width-init=\"false\" class=\"vc_section ut-vc-160 vc_section-has-no-fill ut-section-69ea29e0af4aa\"><div id=\"ut-row-69ea29e0afad6\" data-vc-full-width=\"true\" data-vc-full-width-init=\"false\" class=\"vc_row wpb_row vc_row-fluid vc_column-gap-0 ut-row-69ea29e0afaec\" ><div class=\"wpb_column vc_column_container vc_col-sm-12\" ><div id=\"ut_inner_column_69ea29e0b00c3\" class=\"vc_column-inner \"><div class=\"wpb_wrapper\"><div class=\"wpb_content_element \"><style type=\"text\/css\" scoped>#ut_header_69ea29e0b04a2 h2.section-title { font-size: 50px; }#ut_header_69ea29e0b04a2.pt-style-2 .page-title:after, #ut_header_69ea29e0b04a2.pt-style-2 .parallax-title:after, #ut_header_69ea29e0b04a2.pt-style-2 .section-title:after {background-color:!important;height: ;width: ;}<\/style><header id=\"ut_header_69ea29e0b04a2\" class=\"section-header ut-no-title-linebreak-mobile ut-no-lead-linebreak-mobile pt-style-2 header-center element-with-custom-line-height\"><h2  class=\"section-title \"><span>Tu sonrisa, nuestro compromiso<\/span><\/h2><div data-delay=\"0\" class=\"lead \"><p>Logra la armon\u00eda de tu sonrisa e ilumina tu rostro, mediante las \u00faltimas t\u00e9cnicas de tratamientos<br \/>\nest\u00e9ticos disponibles en Unidad Rob\u00f3tica Dental 3D<\/p>\n<\/div><\/header><\/div><\/div><\/div><\/div><\/div><div class=\"vc_row-full-width vc_clearfix\"><\/div><a data-id=\"section-without-id\" class=\"ut-vc-offset-anchor-bottom\" name=\"section-without-id\"><\/a><\/section><div class=\"vc_row-full-width vc_clearfix\"><\/div>\n<\/div>","protected":false},"excerpt":{"rendered":"EndodonciaEs la especialidad encargada de reemplazar el nervio o pulpa de un diente afectado por un material inerte, permitiendo que este contin\u00fae con sus funciones tanto est\u00e9ticas como masticatorias. El endodoncista tambi\u00e9n es el encargado de realizar cirug\u00edas apicales que en casos m\u00e1s complejos se requieren para conservar los dientes. Todo lo anterior con la [...]","protected":false},"author":1,"featured_media":0,"parent":0,"menu_order":0,"comment_status":"closed","ping_status":"closed","template":"","meta":{"footnotes":""},"class_list":["post-1319","page","type-page","status-publish","hentry"],"yoast_head":"<!-- This site is optimized with the Yoast SEO Premium plugin v20.12 (Yoast SEO v26.9) - https:\/\/yoast.com\/product\/yoast-seo-premium-wordpress\/ -->\n<title>Tratamiento de endodoncia en Bogot\u00e1 y Medell\u00edn<\/title>\n<meta name=\"description\" content=\"Nuestro equipo especializado en endodoncia est\u00e1 comprometido en brindarte soluciones dentales efectivas en Bogot\u00e1 y Medell\u00edn.\" \/>\n<meta name=\"robots\" content=\"index, follow, max-snippet:-1, max-image-preview:large, max-video-preview:-1\" \/>\n<link rel=\"canonical\" href=\"https:\/\/www.unidadroboticadental.com\/es_es\/tratamientos-de-endodoncia-en-bogota-y-medellin\/\" \/>\n<meta property=\"og:locale\" content=\"es_ES\" \/>\n<meta property=\"og:type\" content=\"article\" \/>\n<meta property=\"og:title\" content=\"Endodoncia\" \/>\n<meta property=\"og:description\" content=\"Nuestro equipo especializado en endodoncia est\u00e1 comprometido en brindarte soluciones dentales efectivas en Bogot\u00e1 y Medell\u00edn.\" \/>\n<meta property=\"og:url\" content=\"https:\/\/www.unidadroboticadental.com\/es_es\/tratamientos-de-endodoncia-en-bogota-y-medellin\/\" \/>\n<meta property=\"og:site_name\" content=\"Unidad Rob\u00f3tica Dental 3D\" \/>\n<meta property=\"article:publisher\" content=\"https:\/\/www.facebook.com\/unidadroboticadental3d\" \/>\n<meta property=\"article:modified_time\" content=\"2023-08-28T20:24:09+00:00\" \/>\n<meta name=\"twitter:card\" content=\"summary_large_image\" \/>\n<meta name=\"twitter:label1\" content=\"Tiempo de lectura\" \/>\n\t<meta name=\"twitter:data1\" content=\"1 minuto\" \/>\n<script type=\"application\/ld+json\" class=\"yoast-schema-graph\">{\"@context\":\"https:\/\/schema.org\",\"@graph\":[{\"@type\":\"WebPage\",\"@id\":\"https:\/\/www.unidadroboticadental.com\/tratamientos-de-endodoncia-en-bogota-y-medellin\/\",\"url\":\"https:\/\/www.unidadroboticadental.com\/tratamientos-de-endodoncia-en-bogota-y-medellin\/\",\"name\":\"Tratamiento de endodoncia en Bogot\u00e1 y Medell\u00edn\",\"isPartOf\":{\"@id\":\"https:\/\/www.unidadroboticadental.com\/es_es\/#website\"},\"datePublished\":\"2019-06-04T05:09:01+00:00\",\"dateModified\":\"2023-08-28T20:24:09+00:00\",\"description\":\"Nuestro equipo especializado en endodoncia est\u00e1 comprometido en brindarte soluciones dentales efectivas en Bogot\u00e1 y Medell\u00edn.\",\"breadcrumb\":{\"@id\":\"https:\/\/www.unidadroboticadental.com\/tratamientos-de-endodoncia-en-bogota-y-medellin\/#breadcrumb\"},\"inLanguage\":\"es\",\"potentialAction\":[{\"@type\":\"ReadAction\",\"target\":[\"https:\/\/www.unidadroboticadental.com\/tratamientos-de-endodoncia-en-bogota-y-medellin\/\"]}]},{\"@type\":\"BreadcrumbList\",\"@id\":\"https:\/\/www.unidadroboticadental.com\/tratamientos-de-endodoncia-en-bogota-y-medellin\/#breadcrumb\",\"itemListElement\":[{\"@type\":\"ListItem\",\"position\":1,\"name\":\"Portada\",\"item\":\"https:\/\/www.unidadroboticadental.com\/es_es\/\"},{\"@type\":\"ListItem\",\"position\":2,\"name\":\"Endodoncia\"}]},{\"@type\":\"WebSite\",\"@id\":\"https:\/\/www.unidadroboticadental.com\/es_es\/#website\",\"url\":\"https:\/\/www.unidadroboticadental.com\/es_es\/\",\"name\":\"Cl\u00ednica Odontol\u00f3gica Bogot\u00e1 Medell\u00edn Unidad Rob\u00f3tica Dental 3D\",\"description\":\"Cl\u00ednica odontolog\u00edca en Bogot\u00e1 y Medell\u00edn\",\"publisher\":{\"@id\":\"https:\/\/www.unidadroboticadental.com\/es_es\/#organization\"},\"potentialAction\":[{\"@type\":\"SearchAction\",\"target\":{\"@type\":\"EntryPoint\",\"urlTemplate\":\"https:\/\/www.unidadroboticadental.com\/es_es\/?s={search_term_string}\"},\"query-input\":{\"@type\":\"PropertyValueSpecification\",\"valueRequired\":true,\"valueName\":\"search_term_string\"}}],\"inLanguage\":\"es\"},{\"@type\":\"Organization\",\"@id\":\"https:\/\/www.unidadroboticadental.com\/es_es\/#organization\",\"name\":\"Cl\u00ednica odontol\u00f3gica en Bogot\u00e1 y Medell\u00edn- Unidad Rob\u00f3tica Dental 3D\",\"url\":\"https:\/\/www.unidadroboticadental.com\/es_es\/\",\"logo\":{\"@type\":\"ImageObject\",\"inLanguage\":\"es\",\"@id\":\"https:\/\/www.unidadroboticadental.com\/es_es\/#\/schema\/logo\/image\/\",\"url\":\"https:\/\/www.unidadroboticadental.com\/wp-content\/uploads\/2019\/05\/logo-1.png\",\"contentUrl\":\"https:\/\/www.unidadroboticadental.com\/wp-content\/uploads\/2019\/05\/logo-1.png\",\"width\":225,\"height\":225,\"caption\":\"Cl\u00ednica odontol\u00f3gica en Bogot\u00e1 y Medell\u00edn- Unidad Rob\u00f3tica Dental 3D\"},\"image\":{\"@id\":\"https:\/\/www.unidadroboticadental.com\/es_es\/#\/schema\/logo\/image\/\"},\"sameAs\":[\"https:\/\/www.facebook.com\/unidadroboticadental3d\",\"https:\/\/www.instagram.com\/unidadroboticadental3d\/\"]}]}<\/script>\n<!-- \/ Yoast SEO Premium plugin. -->","yoast_head_json":{"title":"Tratamiento de endodoncia en Bogot\u00e1 y Medell\u00edn","description":"Nuestro equipo especializado en endodoncia est\u00e1 comprometido en brindarte soluciones dentales efectivas en Bogot\u00e1 y Medell\u00edn.","robots":{"index":"index","follow":"follow","max-snippet":"max-snippet:-1","max-image-preview":"max-image-preview:large","max-video-preview":"max-video-preview:-1"},"canonical":"https:\/\/www.unidadroboticadental.com\/es_es\/tratamientos-de-endodoncia-en-bogota-y-medellin\/","og_locale":"es_ES","og_type":"article","og_title":"Endodoncia","og_description":"Nuestro equipo especializado en endodoncia est\u00e1 comprometido en brindarte soluciones dentales efectivas en Bogot\u00e1 y Medell\u00edn.","og_url":"https:\/\/www.unidadroboticadental.com\/es_es\/tratamientos-de-endodoncia-en-bogota-y-medellin\/","og_site_name":"Unidad Rob\u00f3tica Dental 3D","article_publisher":"https:\/\/www.facebook.com\/unidadroboticadental3d","article_modified_time":"2023-08-28T20:24:09+00:00","twitter_card":"summary_large_image","twitter_misc":{"Tiempo de lectura":"1 minuto"},"schema":{"@context":"https:\/\/schema.org","@graph":[{"@type":"WebPage","@id":"https:\/\/www.unidadroboticadental.com\/tratamientos-de-endodoncia-en-bogota-y-medellin\/","url":"https:\/\/www.unidadroboticadental.com\/tratamientos-de-endodoncia-en-bogota-y-medellin\/","name":"Tratamiento de endodoncia en Bogot\u00e1 y Medell\u00edn","isPartOf":{"@id":"https:\/\/www.unidadroboticadental.com\/es_es\/#website"},"datePublished":"2019-06-04T05:09:01+00:00","dateModified":"2023-08-28T20:24:09+00:00","description":"Nuestro equipo especializado en endodoncia est\u00e1 comprometido en brindarte soluciones dentales efectivas en Bogot\u00e1 y Medell\u00edn.","breadcrumb":{"@id":"https:\/\/www.unidadroboticadental.com\/tratamientos-de-endodoncia-en-bogota-y-medellin\/#breadcrumb"},"inLanguage":"es","potentialAction":[{"@type":"ReadAction","target":["https:\/\/www.unidadroboticadental.com\/tratamientos-de-endodoncia-en-bogota-y-medellin\/"]}]},{"@type":"BreadcrumbList","@id":"https:\/\/www.unidadroboticadental.com\/tratamientos-de-endodoncia-en-bogota-y-medellin\/#breadcrumb","itemListElement":[{"@type":"ListItem","position":1,"name":"Portada","item":"https:\/\/www.unidadroboticadental.com\/es_es\/"},{"@type":"ListItem","position":2,"name":"Endodoncia"}]},{"@type":"WebSite","@id":"https:\/\/www.unidadroboticadental.com\/es_es\/#website","url":"https:\/\/www.unidadroboticadental.com\/es_es\/","name":"Cl\u00ednica Odontol\u00f3gica Bogot\u00e1 Medell\u00edn Unidad Rob\u00f3tica Dental 3D","description":"Cl\u00ednica odontolog\u00edca en Bogot\u00e1 y Medell\u00edn","publisher":{"@id":"https:\/\/www.unidadroboticadental.com\/es_es\/#organization"},"potentialAction":[{"@type":"SearchAction","target":{"@type":"EntryPoint","urlTemplate":"https:\/\/www.unidadroboticadental.com\/es_es\/?s={search_term_string}"},"query-input":{"@type":"PropertyValueSpecification","valueRequired":true,"valueName":"search_term_string"}}],"inLanguage":"es"},{"@type":"Organization","@id":"https:\/\/www.unidadroboticadental.com\/es_es\/#organization","name":"Cl\u00ednica odontol\u00f3gica en Bogot\u00e1 y Medell\u00edn- Unidad Rob\u00f3tica Dental 3D","url":"https:\/\/www.unidadroboticadental.com\/es_es\/","logo":{"@type":"ImageObject","inLanguage":"es","@id":"https:\/\/www.unidadroboticadental.com\/es_es\/#\/schema\/logo\/image\/","url":"https:\/\/www.unidadroboticadental.com\/wp-content\/uploads\/2019\/05\/logo-1.png","contentUrl":"https:\/\/www.unidadroboticadental.com\/wp-content\/uploads\/2019\/05\/logo-1.png","width":225,"height":225,"caption":"Cl\u00ednica odontol\u00f3gica en Bogot\u00e1 y Medell\u00edn- Unidad Rob\u00f3tica Dental 3D"},"image":{"@id":"https:\/\/www.unidadroboticadental.com\/es_es\/#\/schema\/logo\/image\/"},"sameAs":["https:\/\/www.facebook.com\/unidadroboticadental3d","https:\/\/www.instagram.com\/unidadroboticadental3d\/"]}]}},"_links":{"self":[{"href":"https:\/\/www.unidadroboticadental.com\/es_es\/wp-json\/wp\/v2\/pages\/1319","targetHints":{"allow":["GET"]}}],"collection":[{"href":"https:\/\/www.unidadroboticadental.com\/es_es\/wp-json\/wp\/v2\/pages"}],"about":[{"href":"https:\/\/www.unidadroboticadental.com\/es_es\/wp-json\/wp\/v2\/types\/page"}],"author":[{"embeddable":true,"href":"https:\/\/www.unidadroboticadental.com\/es_es\/wp-json\/wp\/v2\/users\/1"}],"replies":[{"embeddable":true,"href":"https:\/\/www.unidadroboticadental.com\/es_es\/wp-json\/wp\/v2\/comments?post=1319"}],"version-history":[{"count":15,"href":"https:\/\/www.unidadroboticadental.com\/es_es\/wp-json\/wp\/v2\/pages\/1319\/revisions"}],"predecessor-version":[{"id":2323,"href":"https:\/\/www.unidadroboticadental.com\/es_es\/wp-json\/wp\/v2\/pages\/1319\/revisions\/2323"}],"wp:attachment":[{"href":"https:\/\/www.unidadroboticadental.com\/es_es\/wp-json\/wp\/v2\/media?parent=1319"}],"curies":[{"name":"wp","href":"https:\/\/api.w.org\/{rel}","templated":true}]}}