{"id":1294,"date":"2019-06-04T03:44:42","date_gmt":"2019-06-04T03:44:42","guid":{"rendered":"http:\/\/unidadroboticadental.com\/web\/?page_id=1294"},"modified":"2023-08-28T18:29:50","modified_gmt":"2023-08-28T18:29:50","slug":"clinicas-odontologicas-odontologia-estetica-diseno-de-sonrisa-en-bogota-y-medellin","status":"publish","type":"page","link":"https:\/\/www.unidadroboticadental.com\/es_es\/clinicas-odontologicas-odontologia-estetica-diseno-de-sonrisa-en-bogota-y-medellin\/","title":{"rendered":"Odontolog\u00eda est\u00e9tica"},"content":{"rendered":"<div class=\"wpb-content-wrapper\"><section id=\"ut-section-69ea3f75a6e23\" data-vc-full-width=\"true\" data-vc-full-width-init=\"false\" class=\"vc_section ut-vc-160 vc_section-has-no-fill ut-section-69ea3f75a6e3f\"><div id=\"ut-row-69ea3f75a752f\" data-vc-full-width=\"true\" data-vc-full-width-init=\"false\" class=\"vc_row wpb_row vc_row-fluid vc_column-gap-0 ut-row-69ea3f75a7544\" ><div class=\"wpb_column vc_column_container vc_col-sm-6\" ><div id=\"ut_inner_column_69ea3f75a7bad\" class=\"vc_column-inner \"><div class=\"wpb_wrapper\"><style type=\"text\/css\" scoped><\/style><div id=\"ut_fancy_image_69ea3f75a8a47\" class=\"ut-fancy-image-wrap \"><a target=\"_blank\" href=\"#\" ><figure class=\"ut-fancy-image\"><img decoding=\"async\" src=\"https:\/\/www.unidadroboticadental.com\/wp-content\/uploads\/2019\/08\/Odontologia-estetica-1300x731.jpg\" alt=\"\"\/><figcaption><\/figcaption><\/figure><\/a><\/div><\/div><\/div><\/div><div class=\"wpb_column vc_column_container vc_col-sm-6\" ><div id=\"ut_inner_column_69ea3f75a8d0e\" class=\"vc_column-inner \"><div class=\"wpb_wrapper\"><div class=\"wpb_content_element \"><style type=\"text\/css\" scoped>#ut_header_69ea3f75a908f h2.section-title { font-size: 50px; }@media (min-width: 768px) { #ut_header_69ea3f75a908f h2 { line-height: 41px !important; } }#ut_header_69ea3f75a908f.pt-style-2 .page-title:after, #ut_header_69ea3f75a908f.pt-style-2 .parallax-title:after, #ut_header_69ea3f75a908f.pt-style-2 .section-title:after {background-color:!important;height: ;width: ;}#ut_header_69ea3f75a908f .section-title { margin-bottom:20px; }<\/style><header id=\"ut_header_69ea3f75a908f\" class=\"section-header ut-no-title-linebreak-mobile ut-no-lead-linebreak-mobile pt-style-2 header-left element-with-custom-line-height\"><h2  class=\"section-title \"><span>Odontolog\u00eda est\u00e9tica, tambi\u00e9n llamada Dise\u00f1o de sonrisa<\/span><\/h2><div data-delay=\"0\" class=\"lead \"><p>Es una especialidad que busca lograr la armon\u00eda de los dientes modificando color, forma y tama\u00f1o de acuerdo a las necesidades, expectativas y condiciones cl\u00ednicas del paciente a trav\u00e9s de diferentes t\u00e9cnicas como ortodoncia, contorno de enc\u00edas, blanqueamiento dental, resinas, carillas en resinas, l\u00e1minas cer\u00e1micas, coronas etc. Todo esto apoyados en nuestros equipos de flujo digital con la m\u00e1s alta tecnolog\u00eda.<\/p>\n<\/div><\/header><\/div><\/div><\/div><\/div><\/div><div class=\"vc_row-full-width vc_clearfix\"><\/div><a data-id=\"section-without-id\" class=\"ut-vc-offset-anchor-bottom\" name=\"section-without-id\"><\/a><\/section><div class=\"vc_row-full-width vc_clearfix\"><\/div><section id=\"ut-section-69ea3f75aa0ff\" data-vc-full-width=\"true\" data-vc-full-width-init=\"false\" class=\"vc_section ut-vc-160 vc_section-has-no-fill ut-section-69ea3f75aa10c\"><div id=\"ut-row-69ea3f75aa55f\" data-vc-full-width=\"true\" data-vc-full-width-init=\"false\" class=\"vc_row wpb_row vc_row-fluid vc_column-gap-0 ut-row-69ea3f75aa571\" ><div class=\"wpb_column vc_column_container vc_col-sm-12\" ><div id=\"ut_inner_column_69ea3f75aa9da\" class=\"vc_column-inner \"><div class=\"wpb_wrapper\"><div class=\"wpb_content_element \"><style type=\"text\/css\" scoped>#ut_header_69ea3f75aac60 h2.section-title { font-size: 50px; }#ut_header_69ea3f75aac60.pt-style-2 .page-title:after, #ut_header_69ea3f75aac60.pt-style-2 .parallax-title:after, #ut_header_69ea3f75aac60.pt-style-2 .section-title:after {background-color:!important;height: ;width: ;}<\/style><header id=\"ut_header_69ea3f75aac60\" class=\"section-header ut-no-title-linebreak-mobile ut-no-lead-linebreak-mobile pt-style-2 header-center element-with-custom-line-height\"><h2  class=\"section-title \"><span>Tu sonrisa, nuestro compromiso<\/span><\/h2><div data-delay=\"0\" class=\"lead \"><p>Logra la armon\u00eda de tu sonrisa e ilumina tu rostro, mediante las \u00faltimas t\u00e9cnicas de tratamientos<br \/>\nest\u00e9ticos disponibles en Unidad Rob\u00f3tica Dental 3D<\/p>\n<\/div><\/header><\/div><\/div><\/div><\/div><\/div><div class=\"vc_row-full-width vc_clearfix\"><\/div><a data-id=\"section-without-id\" class=\"ut-vc-offset-anchor-bottom\" name=\"section-without-id\"><\/a><\/section><div class=\"vc_row-full-width vc_clearfix\"><\/div>\n<\/div>","protected":false},"excerpt":{"rendered":"Odontolog\u00eda est\u00e9tica, tambi\u00e9n llamada Dise\u00f1o de sonrisaEs una especialidad que busca lograr la armon\u00eda de los dientes modificando color, forma y tama\u00f1o de acuerdo a las necesidades, expectativas y condiciones cl\u00ednicas del paciente a trav\u00e9s de diferentes t\u00e9cnicas como ortodoncia, contorno de enc\u00edas, blanqueamiento dental, resinas, carillas en resinas, l\u00e1minas cer\u00e1micas, coronas etc. Todo esto [...]","protected":false},"author":1,"featured_media":0,"parent":0,"menu_order":0,"comment_status":"closed","ping_status":"closed","template":"","meta":{"footnotes":""},"class_list":["post-1294","page","type-page","status-publish","hentry"],"yoast_head":"<!-- This site is optimized with the Yoast SEO Premium plugin v20.12 (Yoast SEO v26.9) - https:\/\/yoast.com\/product\/yoast-seo-premium-wordpress\/ -->\n<title>Dise\u00f1o de sonrisa cl\u00ednicas odontol\u00f3gicas en Bogot\u00e1 y Medell\u00edn<\/title>\n<meta name=\"description\" content=\"Dise\u00f1o de sonrisa cl\u00ednicas odontol\u00f3gicas, en Bogot\u00e1 y Medell\u00edn Es una especialidad que busca lograr la armon\u00eda de los dientes modificando\" \/>\n<meta name=\"robots\" content=\"index, follow, max-snippet:-1, max-image-preview:large, max-video-preview:-1\" \/>\n<link rel=\"canonical\" href=\"https:\/\/www.unidadroboticadental.com\/es_es\/clinicas-odontologicas-odontologia-estetica-diseno-de-sonrisa-en-bogota-y-medellin\/\" \/>\n<meta property=\"og:locale\" content=\"es_ES\" \/>\n<meta property=\"og:type\" content=\"article\" \/>\n<meta property=\"og:title\" content=\"Odontolog\u00eda est\u00e9tica\" \/>\n<meta property=\"og:description\" content=\"Dise\u00f1o de sonrisa cl\u00ednicas odontol\u00f3gicas, en Bogot\u00e1 y Medell\u00edn Es una especialidad que busca lograr la armon\u00eda de los dientes modificando\" \/>\n<meta property=\"og:url\" content=\"https:\/\/www.unidadroboticadental.com\/es_es\/clinicas-odontologicas-odontologia-estetica-diseno-de-sonrisa-en-bogota-y-medellin\/\" \/>\n<meta property=\"og:site_name\" content=\"Unidad Rob\u00f3tica Dental 3D\" \/>\n<meta property=\"article:publisher\" content=\"https:\/\/www.facebook.com\/unidadroboticadental3d\" \/>\n<meta property=\"article:modified_time\" content=\"2023-08-28T18:29:50+00:00\" \/>\n<meta name=\"twitter:card\" content=\"summary_large_image\" \/>\n<meta name=\"twitter:label1\" content=\"Tiempo de lectura\" \/>\n\t<meta name=\"twitter:data1\" content=\"1 minuto\" \/>\n<script type=\"application\/ld+json\" class=\"yoast-schema-graph\">{\"@context\":\"https:\/\/schema.org\",\"@graph\":[{\"@type\":\"WebPage\",\"@id\":\"https:\/\/www.unidadroboticadental.com\/clinicas-odontologicas-odontologia-estetica-diseno-de-sonrisa-en-bogota-y-medellin\/\",\"url\":\"https:\/\/www.unidadroboticadental.com\/clinicas-odontologicas-odontologia-estetica-diseno-de-sonrisa-en-bogota-y-medellin\/\",\"name\":\"Dise\u00f1o de sonrisa cl\u00ednicas odontol\u00f3gicas en Bogot\u00e1 y Medell\u00edn\",\"isPartOf\":{\"@id\":\"https:\/\/www.unidadroboticadental.com\/es_es\/#website\"},\"datePublished\":\"2019-06-04T03:44:42+00:00\",\"dateModified\":\"2023-08-28T18:29:50+00:00\",\"description\":\"Dise\u00f1o de sonrisa cl\u00ednicas odontol\u00f3gicas, en Bogot\u00e1 y Medell\u00edn Es una especialidad que busca lograr la armon\u00eda de los dientes modificando\",\"breadcrumb\":{\"@id\":\"https:\/\/www.unidadroboticadental.com\/clinicas-odontologicas-odontologia-estetica-diseno-de-sonrisa-en-bogota-y-medellin\/#breadcrumb\"},\"inLanguage\":\"es\",\"potentialAction\":[{\"@type\":\"ReadAction\",\"target\":[\"https:\/\/www.unidadroboticadental.com\/clinicas-odontologicas-odontologia-estetica-diseno-de-sonrisa-en-bogota-y-medellin\/\"]}]},{\"@type\":\"BreadcrumbList\",\"@id\":\"https:\/\/www.unidadroboticadental.com\/clinicas-odontologicas-odontologia-estetica-diseno-de-sonrisa-en-bogota-y-medellin\/#breadcrumb\",\"itemListElement\":[{\"@type\":\"ListItem\",\"position\":1,\"name\":\"Portada\",\"item\":\"https:\/\/www.unidadroboticadental.com\/es_es\/\"},{\"@type\":\"ListItem\",\"position\":2,\"name\":\"Odontolog\u00eda est\u00e9tica\"}]},{\"@type\":\"WebSite\",\"@id\":\"https:\/\/www.unidadroboticadental.com\/es_es\/#website\",\"url\":\"https:\/\/www.unidadroboticadental.com\/es_es\/\",\"name\":\"Cl\u00ednica Odontol\u00f3gica Bogot\u00e1 Medell\u00edn Unidad Rob\u00f3tica Dental 3D\",\"description\":\"Cl\u00ednica odontolog\u00edca en Bogot\u00e1 y Medell\u00edn\",\"publisher\":{\"@id\":\"https:\/\/www.unidadroboticadental.com\/es_es\/#organization\"},\"potentialAction\":[{\"@type\":\"SearchAction\",\"target\":{\"@type\":\"EntryPoint\",\"urlTemplate\":\"https:\/\/www.unidadroboticadental.com\/es_es\/?s={search_term_string}\"},\"query-input\":{\"@type\":\"PropertyValueSpecification\",\"valueRequired\":true,\"valueName\":\"search_term_string\"}}],\"inLanguage\":\"es\"},{\"@type\":\"Organization\",\"@id\":\"https:\/\/www.unidadroboticadental.com\/es_es\/#organization\",\"name\":\"Cl\u00ednica odontol\u00f3gica en Bogot\u00e1 y Medell\u00edn- Unidad Rob\u00f3tica Dental 3D\",\"url\":\"https:\/\/www.unidadroboticadental.com\/es_es\/\",\"logo\":{\"@type\":\"ImageObject\",\"inLanguage\":\"es\",\"@id\":\"https:\/\/www.unidadroboticadental.com\/es_es\/#\/schema\/logo\/image\/\",\"url\":\"https:\/\/www.unidadroboticadental.com\/wp-content\/uploads\/2019\/05\/logo-1.png\",\"contentUrl\":\"https:\/\/www.unidadroboticadental.com\/wp-content\/uploads\/2019\/05\/logo-1.png\",\"width\":225,\"height\":225,\"caption\":\"Cl\u00ednica odontol\u00f3gica en Bogot\u00e1 y Medell\u00edn- Unidad Rob\u00f3tica Dental 3D\"},\"image\":{\"@id\":\"https:\/\/www.unidadroboticadental.com\/es_es\/#\/schema\/logo\/image\/\"},\"sameAs\":[\"https:\/\/www.facebook.com\/unidadroboticadental3d\",\"https:\/\/www.instagram.com\/unidadroboticadental3d\/\"]}]}<\/script>\n<!-- \/ Yoast SEO Premium plugin. -->","yoast_head_json":{"title":"Dise\u00f1o de sonrisa cl\u00ednicas odontol\u00f3gicas en Bogot\u00e1 y Medell\u00edn","description":"Dise\u00f1o de sonrisa cl\u00ednicas odontol\u00f3gicas, en Bogot\u00e1 y Medell\u00edn Es una especialidad que busca lograr la armon\u00eda de los dientes modificando","robots":{"index":"index","follow":"follow","max-snippet":"max-snippet:-1","max-image-preview":"max-image-preview:large","max-video-preview":"max-video-preview:-1"},"canonical":"https:\/\/www.unidadroboticadental.com\/es_es\/clinicas-odontologicas-odontologia-estetica-diseno-de-sonrisa-en-bogota-y-medellin\/","og_locale":"es_ES","og_type":"article","og_title":"Odontolog\u00eda est\u00e9tica","og_description":"Dise\u00f1o de sonrisa cl\u00ednicas odontol\u00f3gicas, en Bogot\u00e1 y Medell\u00edn Es una especialidad que busca lograr la armon\u00eda de los dientes modificando","og_url":"https:\/\/www.unidadroboticadental.com\/es_es\/clinicas-odontologicas-odontologia-estetica-diseno-de-sonrisa-en-bogota-y-medellin\/","og_site_name":"Unidad Rob\u00f3tica Dental 3D","article_publisher":"https:\/\/www.facebook.com\/unidadroboticadental3d","article_modified_time":"2023-08-28T18:29:50+00:00","twitter_card":"summary_large_image","twitter_misc":{"Tiempo de lectura":"1 minuto"},"schema":{"@context":"https:\/\/schema.org","@graph":[{"@type":"WebPage","@id":"https:\/\/www.unidadroboticadental.com\/clinicas-odontologicas-odontologia-estetica-diseno-de-sonrisa-en-bogota-y-medellin\/","url":"https:\/\/www.unidadroboticadental.com\/clinicas-odontologicas-odontologia-estetica-diseno-de-sonrisa-en-bogota-y-medellin\/","name":"Dise\u00f1o de sonrisa cl\u00ednicas odontol\u00f3gicas en Bogot\u00e1 y Medell\u00edn","isPartOf":{"@id":"https:\/\/www.unidadroboticadental.com\/es_es\/#website"},"datePublished":"2019-06-04T03:44:42+00:00","dateModified":"2023-08-28T18:29:50+00:00","description":"Dise\u00f1o de sonrisa cl\u00ednicas odontol\u00f3gicas, en Bogot\u00e1 y Medell\u00edn Es una especialidad que busca lograr la armon\u00eda de los dientes modificando","breadcrumb":{"@id":"https:\/\/www.unidadroboticadental.com\/clinicas-odontologicas-odontologia-estetica-diseno-de-sonrisa-en-bogota-y-medellin\/#breadcrumb"},"inLanguage":"es","potentialAction":[{"@type":"ReadAction","target":["https:\/\/www.unidadroboticadental.com\/clinicas-odontologicas-odontologia-estetica-diseno-de-sonrisa-en-bogota-y-medellin\/"]}]},{"@type":"BreadcrumbList","@id":"https:\/\/www.unidadroboticadental.com\/clinicas-odontologicas-odontologia-estetica-diseno-de-sonrisa-en-bogota-y-medellin\/#breadcrumb","itemListElement":[{"@type":"ListItem","position":1,"name":"Portada","item":"https:\/\/www.unidadroboticadental.com\/es_es\/"},{"@type":"ListItem","position":2,"name":"Odontolog\u00eda est\u00e9tica"}]},{"@type":"WebSite","@id":"https:\/\/www.unidadroboticadental.com\/es_es\/#website","url":"https:\/\/www.unidadroboticadental.com\/es_es\/","name":"Cl\u00ednica Odontol\u00f3gica Bogot\u00e1 Medell\u00edn Unidad Rob\u00f3tica Dental 3D","description":"Cl\u00ednica odontolog\u00edca en Bogot\u00e1 y Medell\u00edn","publisher":{"@id":"https:\/\/www.unidadroboticadental.com\/es_es\/#organization"},"potentialAction":[{"@type":"SearchAction","target":{"@type":"EntryPoint","urlTemplate":"https:\/\/www.unidadroboticadental.com\/es_es\/?s={search_term_string}"},"query-input":{"@type":"PropertyValueSpecification","valueRequired":true,"valueName":"search_term_string"}}],"inLanguage":"es"},{"@type":"Organization","@id":"https:\/\/www.unidadroboticadental.com\/es_es\/#organization","name":"Cl\u00ednica odontol\u00f3gica en Bogot\u00e1 y Medell\u00edn- Unidad Rob\u00f3tica Dental 3D","url":"https:\/\/www.unidadroboticadental.com\/es_es\/","logo":{"@type":"ImageObject","inLanguage":"es","@id":"https:\/\/www.unidadroboticadental.com\/es_es\/#\/schema\/logo\/image\/","url":"https:\/\/www.unidadroboticadental.com\/wp-content\/uploads\/2019\/05\/logo-1.png","contentUrl":"https:\/\/www.unidadroboticadental.com\/wp-content\/uploads\/2019\/05\/logo-1.png","width":225,"height":225,"caption":"Cl\u00ednica odontol\u00f3gica en Bogot\u00e1 y Medell\u00edn- Unidad Rob\u00f3tica Dental 3D"},"image":{"@id":"https:\/\/www.unidadroboticadental.com\/es_es\/#\/schema\/logo\/image\/"},"sameAs":["https:\/\/www.facebook.com\/unidadroboticadental3d","https:\/\/www.instagram.com\/unidadroboticadental3d\/"]}]}},"_links":{"self":[{"href":"https:\/\/www.unidadroboticadental.com\/es_es\/wp-json\/wp\/v2\/pages\/1294","targetHints":{"allow":["GET"]}}],"collection":[{"href":"https:\/\/www.unidadroboticadental.com\/es_es\/wp-json\/wp\/v2\/pages"}],"about":[{"href":"https:\/\/www.unidadroboticadental.com\/es_es\/wp-json\/wp\/v2\/types\/page"}],"author":[{"embeddable":true,"href":"https:\/\/www.unidadroboticadental.com\/es_es\/wp-json\/wp\/v2\/users\/1"}],"replies":[{"embeddable":true,"href":"https:\/\/www.unidadroboticadental.com\/es_es\/wp-json\/wp\/v2\/comments?post=1294"}],"version-history":[{"count":27,"href":"https:\/\/www.unidadroboticadental.com\/es_es\/wp-json\/wp\/v2\/pages\/1294\/revisions"}],"predecessor-version":[{"id":2310,"href":"https:\/\/www.unidadroboticadental.com\/es_es\/wp-json\/wp\/v2\/pages\/1294\/revisions\/2310"}],"wp:attachment":[{"href":"https:\/\/www.unidadroboticadental.com\/es_es\/wp-json\/wp\/v2\/media?parent=1294"}],"curies":[{"name":"wp","href":"https:\/\/api.w.org\/{rel}","templated":true}]}}