{"id":1137,"date":"2019-05-30T22:37:52","date_gmt":"2019-05-30T22:37:52","guid":{"rendered":"http:\/\/unidadroboticadental.com\/web\/?page_id=1137"},"modified":"2023-10-26T21:23:15","modified_gmt":"2023-10-26T21:23:15","slug":"los-mejores-odontologos-especializados-equipo-de-odontologos-medellin","status":"publish","type":"page","link":"https:\/\/www.unidadroboticadental.com\/es_es\/los-mejores-odontologos-especializados-equipo-de-odontologos-medellin\/","title":{"rendered":"Equipo Medell\u00edn"},"content":{"rendered":"<div class=\"wpb-content-wrapper\"><section id=\"ut-section-69ea45401185b\" data-vc-full-width=\"true\" data-vc-full-width-init=\"false\" class=\"vc_section ut-vc-160 vc_section-has-no-fill ut-section-69ea454011877\"><div id=\"ut-row-69ea4540120ee\" data-vc-full-width=\"true\" data-vc-full-width-init=\"false\" data-vc-stretch-content=\"true\" class=\"vc_row wpb_row vc_row-fluid vc_column-gap-0 ut-row-69ea454012103\" ><div class=\"wpb_column vc_column_container vc_col-sm-3\" ><div id=\"ut_inner_column_69ea454012d5f\" class=\"vc_column-inner \"><div class=\"wpb_wrapper\"><div class=\"wpb_content_element \"><style type=\"text\/css\" scoped>#ut_tm_69ea454020cef .bklyn5-team-member-social-icons a:hover { color: rgba(34, 34, 34, 1); }#ut_tm_69ea454020cef .bklyn5-team-member-social-icons a:focus { color: rgba(34, 34, 34, 1); }#ut_tm_69ea454020cef .bklyn5-team-member-social-icons a:active { color: rgba(34, 34, 34, 1); }<\/style><div id=\"ut_tm_69ea454020cef\" class=\"bklyn5-team-member bklyn5-team-member-style-3 bklyn5-team-member-left\"><div class=\"bklyn5-team-member-avatar\"><img decoding=\"async\" alt=\"Hernan\" src=\"https:\/\/www.unidadroboticadental.com\/wp-content\/uploads\/2019\/08\/Hernan.jpg\"><\/div><div class=\"bklyn5-team-member-overlay\"><div class=\"bklyn5-team-member-overlay-caption\"><div class=\"bklyn5-team-member-info\"><h3 class=\"bklyn5-team-member-name\">Dr. Hernan Rodriguez<\/h3><div class=\"bklyn5-team-member-ocupation\">Auditor Cl\u00ednico de Ortodoncia - Universidad del Bosque<\/div><\/div><\/div><\/div><\/div><\/div><\/div><\/div><\/div><div class=\"wpb_column vc_column_container vc_col-sm-3\" ><div id=\"ut_inner_column_69ea454021028\" class=\"vc_column-inner \"><div class=\"wpb_wrapper\"><div class=\"wpb_content_element \"><style type=\"text\/css\" scoped>#ut_tm_69ea454023f5a .bklyn5-team-member-social-icons a:hover { color: rgba(34, 34, 34, 1); }#ut_tm_69ea454023f5a .bklyn5-team-member-social-icons a:focus { color: rgba(34, 34, 34, 1); }#ut_tm_69ea454023f5a .bklyn5-team-member-social-icons a:active { color: rgba(34, 34, 34, 1); }<\/style><div id=\"ut_tm_69ea454023f5a\" class=\"bklyn5-team-member bklyn5-team-member-style-3 bklyn5-team-member-left\"><div class=\"bklyn5-team-member-avatar\"><img decoding=\"async\" alt=\"Oscar-Cely\" src=\"https:\/\/www.unidadroboticadental.com\/wp-content\/uploads\/2019\/08\/Oscar-Cely-2.jpg\"><\/div><div class=\"bklyn5-team-member-overlay\"><div class=\"bklyn5-team-member-overlay-caption\"><div class=\"bklyn5-team-member-info\"><h3 class=\"bklyn5-team-member-name\">Dr. Oscar Cely<\/h3><div class=\"bklyn5-team-member-ocupation\">Auditor Cl\u00ednico de Rehabilitaci\u00f3n - Universidad Militar Nueva Granada<\/div><\/div><\/div><\/div><\/div><\/div><\/div><\/div><\/div><div class=\"wpb_column vc_column_container vc_col-sm-3\" ><div id=\"ut_inner_column_69ea4540241ae\" class=\"vc_column-inner \"><div class=\"wpb_wrapper\"><div class=\"wpb_content_element \"><style type=\"text\/css\" scoped>#ut_tm_69ea4540265b4 .bklyn5-team-member-social-icons a:hover { color: rgba(34, 34, 34, 1); }#ut_tm_69ea4540265b4 .bklyn5-team-member-social-icons a:focus { color: rgba(34, 34, 34, 1); }#ut_tm_69ea4540265b4 .bklyn5-team-member-social-icons a:active { color: rgba(34, 34, 34, 1); }<\/style><div id=\"ut_tm_69ea4540265b4\" class=\"bklyn5-team-member bklyn5-team-member-style-3 bklyn5-team-member-left\"><div class=\"bklyn5-team-member-avatar\"><img decoding=\"async\" alt=\"Sara-Molina\" src=\"https:\/\/www.unidadroboticadental.com\/wp-content\/uploads\/2019\/08\/Sara-Molina.jpg\"><\/div><div class=\"bklyn5-team-member-overlay\"><div class=\"bklyn5-team-member-overlay-caption\"><div class=\"bklyn5-team-member-info\"><h3 class=\"bklyn5-team-member-name\">Dra. Sara Molina M.<\/h3><div class=\"bklyn5-team-member-ocupation\">Rehabilitadora Oral - Universidad Militar Nueva Granada<\/div><\/div><\/div><\/div><\/div><\/div><\/div><\/div><\/div><div class=\"wpb_column vc_column_container vc_col-sm-3\" ><div id=\"ut_inner_column_69ea454026809\" class=\"vc_column-inner \"><div class=\"wpb_wrapper\"><div class=\"wpb_content_element \"><style type=\"text\/css\" scoped>#ut_tm_69ea45402817e .bklyn5-team-member-social-icons a:hover { color: rgba(34, 34, 34, 1); }#ut_tm_69ea45402817e .bklyn5-team-member-social-icons a:focus { color: rgba(34, 34, 34, 1); }#ut_tm_69ea45402817e .bklyn5-team-member-social-icons a:active { color: rgba(34, 34, 34, 1); }<\/style><div id=\"ut_tm_69ea45402817e\" class=\"bklyn5-team-member bklyn5-team-member-style-3 bklyn5-team-member-left\"><div class=\"bklyn5-team-member-avatar\"><img decoding=\"async\" alt=\"Nohora-Blanco\" src=\"https:\/\/www.unidadroboticadental.com\/wp-content\/uploads\/2019\/08\/Nohora-Blanco.jpg\"><\/div><div class=\"bklyn5-team-member-overlay\"><div class=\"bklyn5-team-member-overlay-caption\"><div class=\"bklyn5-team-member-info\"><h3 class=\"bklyn5-team-member-name\">Dra. Nohora Blanco L.<\/h3><div class=\"bklyn5-team-member-ocupation\">Periodoncista - Universidad del Bosque<\/div><\/div><\/div><\/div><\/div><\/div><\/div><\/div><\/div><\/div><div class=\"vc_row-full-width vc_clearfix\"><\/div><div id=\"ut-row-69ea4540289d7\" data-vc-full-width=\"true\" data-vc-full-width-init=\"false\" data-vc-stretch-content=\"true\" class=\"vc_row wpb_row vc_row-fluid vc_column-gap-0 ut-row-69ea4540289f5\" ><div class=\"wpb_column vc_column_container vc_col-sm-3\" ><div id=\"ut_inner_column_69ea454028ffd\" class=\"vc_column-inner \"><div class=\"wpb_wrapper\"><div class=\"wpb_content_element \"><style type=\"text\/css\" scoped>#ut_tm_69ea45402b07a .bklyn5-team-member-social-icons a:hover { color: rgba(34, 34, 34, 1); }#ut_tm_69ea45402b07a .bklyn5-team-member-social-icons a:focus { color: rgba(34, 34, 34, 1); }#ut_tm_69ea45402b07a .bklyn5-team-member-social-icons a:active { color: rgba(34, 34, 34, 1); }<\/style><div id=\"ut_tm_69ea45402b07a\" class=\"bklyn5-team-member bklyn5-team-member-style-3 bklyn5-team-member-left\"><div class=\"bklyn5-team-member-avatar\"><img decoding=\"async\" alt=\"Jorge-Gutierrez\" src=\"https:\/\/www.unidadroboticadental.com\/wp-content\/uploads\/2019\/08\/Jorge-Gutierrez.jpg\"><\/div><div class=\"bklyn5-team-member-overlay\"><div class=\"bklyn5-team-member-overlay-caption\"><div class=\"bklyn5-team-member-info\"><h3 class=\"bklyn5-team-member-name\">Dr. Jorge Gutierrez G<\/h3><div class=\"bklyn5-team-member-ocupation\">Endodoncista \u2013 Universidad de Antioquia<\/div><\/div><\/div><\/div><\/div><\/div><\/div><\/div><\/div><div class=\"wpb_column vc_column_container vc_col-sm-3\" ><div id=\"ut_inner_column_69ea45402b26d\" class=\"vc_column-inner \"><div class=\"wpb_wrapper\"><div class=\"wpb_content_element \"><style type=\"text\/css\" scoped>#ut_tm_69ea45402de97 .bklyn5-team-member-social-icons a:hover { color: rgba(34, 34, 34, 1); }#ut_tm_69ea45402de97 .bklyn5-team-member-social-icons a:focus { color: rgba(34, 34, 34, 1); }#ut_tm_69ea45402de97 .bklyn5-team-member-social-icons a:active { color: rgba(34, 34, 34, 1); }<\/style><div id=\"ut_tm_69ea45402de97\" class=\"bklyn5-team-member bklyn5-team-member-style-3 bklyn5-team-member-left\"><div class=\"bklyn5-team-member-avatar\"><img decoding=\"async\" alt=\"Dr-Jos\u00e9-Dominguez\" src=\"https:\/\/www.unidadroboticadental.com\/wp-content\/uploads\/2019\/09\/Dr-Jos\u00e9-Dominguez.jpg\"><\/div><div class=\"bklyn5-team-member-overlay\"><div class=\"bklyn5-team-member-overlay-caption\"><div class=\"bklyn5-team-member-info\"><h3 class=\"bklyn5-team-member-name\">Dr Jos\u00e9 Dominguez<\/h3><div class=\"bklyn5-team-member-ocupation\">Cirujano Maxilofacial - Universidad de Antioquia<\/div><\/div><\/div><\/div><\/div><\/div><\/div><\/div><\/div><div class=\"wpb_column vc_column_container vc_col-sm-3\" ><div id=\"ut_inner_column_69ea45402e126\" class=\"vc_column-inner \"><div class=\"wpb_wrapper\"><div class=\"wpb_content_element \"><style type=\"text\/css\" scoped>#ut_tm_69ea45402f553 .bklyn5-team-member-social-icons a:hover { color: rgba(34, 34, 34, 1); }#ut_tm_69ea45402f553 .bklyn5-team-member-social-icons a:focus { color: rgba(34, 34, 34, 1); }#ut_tm_69ea45402f553 .bklyn5-team-member-social-icons a:active { color: rgba(34, 34, 34, 1); }<\/style><div id=\"ut_tm_69ea45402f553\" class=\"bklyn5-team-member bklyn5-team-member-style-3 bklyn5-team-member-left\"><div class=\"bklyn5-team-member-avatar\"><img decoding=\"async\" alt=\"Dr.-German-Andres-Eslava\" src=\"https:\/\/www.unidadroboticadental.com\/wp-content\/uploads\/2019\/09\/Dr.-German-Andres-Eslava.jpg\"><\/div><div class=\"bklyn5-team-member-overlay\"><div class=\"bklyn5-team-member-overlay-caption\"><div class=\"bklyn5-team-member-info\"><h3 class=\"bklyn5-team-member-name\">Dr. Andr\u00e9s Eslava V.<\/h3><div class=\"bklyn5-team-member-ocupation\">Periodoncista - Universidad del Bosque<\/div><\/div><\/div><\/div><\/div><\/div><\/div><\/div><\/div><div class=\"wpb_column vc_column_container vc_col-sm-3\" ><div id=\"ut_inner_column_69ea45402f7cd\" class=\"vc_column-inner \"><div class=\"wpb_wrapper\"><div class=\"wpb_content_element \"><style type=\"text\/css\" scoped>#ut_tm_69ea4540307c9 .bklyn5-team-member-social-icons a:hover { color: rgba(34, 34, 34, 1); }#ut_tm_69ea4540307c9 .bklyn5-team-member-social-icons a:focus { color: rgba(34, 34, 34, 1); }#ut_tm_69ea4540307c9 .bklyn5-team-member-social-icons a:active { color: rgba(34, 34, 34, 1); }<\/style><div id=\"ut_tm_69ea4540307c9\" class=\"bklyn5-team-member bklyn5-team-member-style-3 bklyn5-team-member-left\"><div class=\"bklyn5-team-member-avatar\"><img decoding=\"async\" alt=\"Juan-Giraldo\" src=\"https:\/\/www.unidadroboticadental.com\/wp-content\/uploads\/2019\/08\/Juan-Giraldo.jpg\"><\/div><div class=\"bklyn5-team-member-overlay\"><div class=\"bklyn5-team-member-overlay-caption\"><div class=\"bklyn5-team-member-info\"><h3 class=\"bklyn5-team-member-name\">Dr. Juli\u00e1n Giraldo T.<\/h3><div class=\"bklyn5-team-member-ocupation\">Ortodoncista - Universidad de Antioquia<\/div><\/div><\/div><\/div><\/div><\/div><\/div><\/div><\/div><\/div><div class=\"vc_row-full-width vc_clearfix\"><\/div><div id=\"ut-row-69ea45403130a\" data-vc-full-width=\"true\" data-vc-full-width-init=\"false\" data-vc-stretch-content=\"true\" class=\"vc_row wpb_row vc_row-fluid vc_column-gap-0 ut-row-69ea454031325\" ><div class=\"wpb_column vc_column_container vc_col-sm-3\" ><div id=\"ut_inner_column_69ea454031a31\" class=\"vc_column-inner \"><div class=\"wpb_wrapper\"><\/div><\/div><\/div><div class=\"wpb_column vc_column_container vc_col-sm-3\" ><div id=\"ut_inner_column_69ea454031bc2\" class=\"vc_column-inner \"><div class=\"wpb_wrapper\"><\/div><\/div><\/div><div class=\"wpb_column vc_column_container vc_col-sm-3\" ><div id=\"ut_inner_column_69ea454031e3a\" class=\"vc_column-inner \"><div class=\"wpb_wrapper\"><\/div><\/div><\/div><div class=\"wpb_column vc_column_container vc_col-sm-3\" ><div id=\"ut_inner_column_69ea454031fb6\" class=\"vc_column-inner \"><div class=\"wpb_wrapper\"><\/div><\/div><\/div><\/div><div class=\"vc_row-full-width vc_clearfix\"><\/div><div id=\"ut-row-69ea454032639\" data-vc-full-width=\"true\" data-vc-full-width-init=\"false\" data-vc-stretch-content=\"true\" class=\"vc_row wpb_row vc_row-fluid vc_column-gap-0 ut-row-69ea45403264c\" ><div class=\"wpb_column vc_column_container vc_col-sm-3\" ><div id=\"ut_inner_column_69ea454032ba4\" class=\"vc_column-inner \"><div class=\"wpb_wrapper\"><\/div><\/div><\/div><div class=\"wpb_column vc_column_container vc_col-sm-3\" ><div id=\"ut_inner_column_69ea454032d38\" class=\"vc_column-inner \"><div class=\"wpb_wrapper\"><\/div><\/div><\/div><div class=\"wpb_column vc_column_container vc_col-sm-3\" ><div id=\"ut_inner_column_69ea454032e86\" class=\"vc_column-inner \"><div class=\"wpb_wrapper\"><\/div><\/div><\/div><div class=\"wpb_column vc_column_container vc_col-sm-3\" ><div id=\"ut_inner_column_69ea454032fc0\" class=\"vc_column-inner \"><div class=\"wpb_wrapper\"><\/div><\/div><\/div><\/div><div class=\"vc_row-full-width vc_clearfix\"><\/div><div id=\"ut-row-69ea454033595\" data-vc-full-width=\"true\" data-vc-full-width-init=\"false\" data-vc-stretch-content=\"true\" class=\"vc_row wpb_row vc_row-fluid vc_column-gap-0 ut-row-69ea4540335a7\" ><div class=\"wpb_column vc_column_container vc_col-sm-3\" ><div id=\"ut_inner_column_69ea454033acc\" class=\"vc_column-inner \"><div class=\"wpb_wrapper\"><\/div><\/div><\/div><div class=\"wpb_column vc_column_container vc_col-sm-3\" ><div id=\"ut_inner_column_69ea454033c68\" class=\"vc_column-inner \"><div class=\"wpb_wrapper\"><\/div><\/div><\/div><div class=\"wpb_column vc_column_container vc_col-sm-3\" ><div id=\"ut_inner_column_69ea454033dc0\" class=\"vc_column-inner \"><div class=\"wpb_wrapper\"><\/div><\/div><\/div><div class=\"wpb_column vc_column_container vc_col-sm-3\" ><div id=\"ut_inner_column_69ea454033f0a\" class=\"vc_column-inner \"><div class=\"wpb_wrapper\"><\/div><\/div><\/div><\/div><div class=\"vc_row-full-width vc_clearfix\"><\/div><a data-id=\"section-without-id\" class=\"ut-vc-offset-anchor-bottom\" name=\"section-without-id\"><\/a><style type=\"text\/css\" scoped>#ut-section-69ea45401185b{margin-top: 30px !important;padding-top: 0px !important;} <\/style><\/section><div class=\"vc_row-full-width vc_clearfix\"><\/div>\n<\/div>","protected":false},"excerpt":{"rendered":"Dr. Hernan RodriguezAuditor Cl\u00ednico de Ortodoncia - Universidad del BosqueDr. Oscar CelyAuditor Cl\u00ednico de Rehabilitaci\u00f3n - Universidad Militar Nueva GranadaDra. Sara Molina M.Rehabilitadora Oral - Universidad Militar Nueva GranadaDra. Nohora Blanco L.Periodoncista - Universidad del BosqueDr. Jorge Gutierrez GEndodoncista \u2013 Universidad de AntioquiaDr Jos\u00e9 DominguezCirujano Maxilofacial - Universidad de AntioquiaDr. Andr\u00e9s Eslava V.Periodoncista - Universidad [...]","protected":false},"author":1,"featured_media":0,"parent":0,"menu_order":0,"comment_status":"closed","ping_status":"closed","template":"","meta":{"footnotes":""},"class_list":["post-1137","page","type-page","status-publish","hentry"],"yoast_head":"<!-- This site is optimized with the Yoast SEO Premium plugin v20.12 (Yoast SEO v26.9) - https:\/\/yoast.com\/product\/yoast-seo-premium-wordpress\/ -->\n<title>Los mejores odont\u00f3logos especializados Equipo de odont\u00f3logos Medell\u00edn<\/title>\n<meta name=\"description\" content=\"Unidad rob\u00f3tica dental 3D conoce a los mejores expertos en odontolog\u00eda y ortodoncia en Medell\u00edn y pide una cita con ellos hoy mismo.\" \/>\n<meta name=\"robots\" content=\"index, follow, max-snippet:-1, max-image-preview:large, max-video-preview:-1\" \/>\n<link rel=\"canonical\" href=\"https:\/\/www.unidadroboticadental.com\/es_es\/los-mejores-odontologos-especializados-equipo-de-odontologos-medellin\/\" \/>\n<meta property=\"og:locale\" content=\"es_ES\" \/>\n<meta property=\"og:type\" content=\"article\" \/>\n<meta property=\"og:title\" content=\"Equipo Medell\u00edn\" \/>\n<meta property=\"og:description\" content=\"Unidad rob\u00f3tica dental 3D conoce a los mejores expertos en odontolog\u00eda y ortodoncia en Medell\u00edn y pide una cita con ellos hoy mismo.\" \/>\n<meta property=\"og:url\" content=\"https:\/\/www.unidadroboticadental.com\/es_es\/los-mejores-odontologos-especializados-equipo-de-odontologos-medellin\/\" \/>\n<meta property=\"og:site_name\" content=\"Unidad Rob\u00f3tica Dental 3D\" \/>\n<meta property=\"article:publisher\" content=\"https:\/\/www.facebook.com\/unidadroboticadental3d\" \/>\n<meta property=\"article:modified_time\" content=\"2023-10-26T21:23:15+00:00\" \/>\n<meta name=\"twitter:card\" content=\"summary_large_image\" \/>\n<meta name=\"twitter:label1\" content=\"Tiempo de lectura\" \/>\n\t<meta name=\"twitter:data1\" content=\"2 minutos\" \/>\n<script type=\"application\/ld+json\" class=\"yoast-schema-graph\">{\"@context\":\"https:\/\/schema.org\",\"@graph\":[{\"@type\":\"WebPage\",\"@id\":\"https:\/\/www.unidadroboticadental.com\/los-mejores-odontologos-especializados-equipo-de-odontologos-medellin\/\",\"url\":\"https:\/\/www.unidadroboticadental.com\/los-mejores-odontologos-especializados-equipo-de-odontologos-medellin\/\",\"name\":\"Los mejores odont\u00f3logos especializados Equipo de odont\u00f3logos Medell\u00edn\",\"isPartOf\":{\"@id\":\"https:\/\/www.unidadroboticadental.com\/es_es\/#website\"},\"datePublished\":\"2019-05-30T22:37:52+00:00\",\"dateModified\":\"2023-10-26T21:23:15+00:00\",\"description\":\"Unidad rob\u00f3tica dental 3D conoce a los mejores expertos en odontolog\u00eda y ortodoncia en Medell\u00edn y pide una cita con ellos hoy mismo.\",\"breadcrumb\":{\"@id\":\"https:\/\/www.unidadroboticadental.com\/los-mejores-odontologos-especializados-equipo-de-odontologos-medellin\/#breadcrumb\"},\"inLanguage\":\"es\",\"potentialAction\":[{\"@type\":\"ReadAction\",\"target\":[\"https:\/\/www.unidadroboticadental.com\/los-mejores-odontologos-especializados-equipo-de-odontologos-medellin\/\"]}]},{\"@type\":\"BreadcrumbList\",\"@id\":\"https:\/\/www.unidadroboticadental.com\/los-mejores-odontologos-especializados-equipo-de-odontologos-medellin\/#breadcrumb\",\"itemListElement\":[{\"@type\":\"ListItem\",\"position\":1,\"name\":\"Portada\",\"item\":\"https:\/\/www.unidadroboticadental.com\/es_es\/\"},{\"@type\":\"ListItem\",\"position\":2,\"name\":\"Equipo Medell\u00edn\"}]},{\"@type\":\"WebSite\",\"@id\":\"https:\/\/www.unidadroboticadental.com\/es_es\/#website\",\"url\":\"https:\/\/www.unidadroboticadental.com\/es_es\/\",\"name\":\"Cl\u00ednica Odontol\u00f3gica Bogot\u00e1 Medell\u00edn Unidad Rob\u00f3tica Dental 3D\",\"description\":\"Cl\u00ednica odontolog\u00edca en Bogot\u00e1 y Medell\u00edn\",\"publisher\":{\"@id\":\"https:\/\/www.unidadroboticadental.com\/es_es\/#organization\"},\"potentialAction\":[{\"@type\":\"SearchAction\",\"target\":{\"@type\":\"EntryPoint\",\"urlTemplate\":\"https:\/\/www.unidadroboticadental.com\/es_es\/?s={search_term_string}\"},\"query-input\":{\"@type\":\"PropertyValueSpecification\",\"valueRequired\":true,\"valueName\":\"search_term_string\"}}],\"inLanguage\":\"es\"},{\"@type\":\"Organization\",\"@id\":\"https:\/\/www.unidadroboticadental.com\/es_es\/#organization\",\"name\":\"Cl\u00ednica odontol\u00f3gica en Bogot\u00e1 y Medell\u00edn- Unidad Rob\u00f3tica Dental 3D\",\"url\":\"https:\/\/www.unidadroboticadental.com\/es_es\/\",\"logo\":{\"@type\":\"ImageObject\",\"inLanguage\":\"es\",\"@id\":\"https:\/\/www.unidadroboticadental.com\/es_es\/#\/schema\/logo\/image\/\",\"url\":\"https:\/\/www.unidadroboticadental.com\/wp-content\/uploads\/2019\/05\/logo-1.png\",\"contentUrl\":\"https:\/\/www.unidadroboticadental.com\/wp-content\/uploads\/2019\/05\/logo-1.png\",\"width\":225,\"height\":225,\"caption\":\"Cl\u00ednica odontol\u00f3gica en Bogot\u00e1 y Medell\u00edn- Unidad Rob\u00f3tica Dental 3D\"},\"image\":{\"@id\":\"https:\/\/www.unidadroboticadental.com\/es_es\/#\/schema\/logo\/image\/\"},\"sameAs\":[\"https:\/\/www.facebook.com\/unidadroboticadental3d\",\"https:\/\/www.instagram.com\/unidadroboticadental3d\/\"]}]}<\/script>\n<!-- \/ Yoast SEO Premium plugin. -->","yoast_head_json":{"title":"Los mejores odont\u00f3logos especializados Equipo de odont\u00f3logos Medell\u00edn","description":"Unidad rob\u00f3tica dental 3D conoce a los mejores expertos en odontolog\u00eda y ortodoncia en Medell\u00edn y pide una cita con ellos hoy mismo.","robots":{"index":"index","follow":"follow","max-snippet":"max-snippet:-1","max-image-preview":"max-image-preview:large","max-video-preview":"max-video-preview:-1"},"canonical":"https:\/\/www.unidadroboticadental.com\/es_es\/los-mejores-odontologos-especializados-equipo-de-odontologos-medellin\/","og_locale":"es_ES","og_type":"article","og_title":"Equipo Medell\u00edn","og_description":"Unidad rob\u00f3tica dental 3D conoce a los mejores expertos en odontolog\u00eda y ortodoncia en Medell\u00edn y pide una cita con ellos hoy mismo.","og_url":"https:\/\/www.unidadroboticadental.com\/es_es\/los-mejores-odontologos-especializados-equipo-de-odontologos-medellin\/","og_site_name":"Unidad Rob\u00f3tica Dental 3D","article_publisher":"https:\/\/www.facebook.com\/unidadroboticadental3d","article_modified_time":"2023-10-26T21:23:15+00:00","twitter_card":"summary_large_image","twitter_misc":{"Tiempo de lectura":"2 minutos"},"schema":{"@context":"https:\/\/schema.org","@graph":[{"@type":"WebPage","@id":"https:\/\/www.unidadroboticadental.com\/los-mejores-odontologos-especializados-equipo-de-odontologos-medellin\/","url":"https:\/\/www.unidadroboticadental.com\/los-mejores-odontologos-especializados-equipo-de-odontologos-medellin\/","name":"Los mejores odont\u00f3logos especializados Equipo de odont\u00f3logos Medell\u00edn","isPartOf":{"@id":"https:\/\/www.unidadroboticadental.com\/es_es\/#website"},"datePublished":"2019-05-30T22:37:52+00:00","dateModified":"2023-10-26T21:23:15+00:00","description":"Unidad rob\u00f3tica dental 3D conoce a los mejores expertos en odontolog\u00eda y ortodoncia en Medell\u00edn y pide una cita con ellos hoy mismo.","breadcrumb":{"@id":"https:\/\/www.unidadroboticadental.com\/los-mejores-odontologos-especializados-equipo-de-odontologos-medellin\/#breadcrumb"},"inLanguage":"es","potentialAction":[{"@type":"ReadAction","target":["https:\/\/www.unidadroboticadental.com\/los-mejores-odontologos-especializados-equipo-de-odontologos-medellin\/"]}]},{"@type":"BreadcrumbList","@id":"https:\/\/www.unidadroboticadental.com\/los-mejores-odontologos-especializados-equipo-de-odontologos-medellin\/#breadcrumb","itemListElement":[{"@type":"ListItem","position":1,"name":"Portada","item":"https:\/\/www.unidadroboticadental.com\/es_es\/"},{"@type":"ListItem","position":2,"name":"Equipo Medell\u00edn"}]},{"@type":"WebSite","@id":"https:\/\/www.unidadroboticadental.com\/es_es\/#website","url":"https:\/\/www.unidadroboticadental.com\/es_es\/","name":"Cl\u00ednica Odontol\u00f3gica Bogot\u00e1 Medell\u00edn Unidad Rob\u00f3tica Dental 3D","description":"Cl\u00ednica odontolog\u00edca en Bogot\u00e1 y Medell\u00edn","publisher":{"@id":"https:\/\/www.unidadroboticadental.com\/es_es\/#organization"},"potentialAction":[{"@type":"SearchAction","target":{"@type":"EntryPoint","urlTemplate":"https:\/\/www.unidadroboticadental.com\/es_es\/?s={search_term_string}"},"query-input":{"@type":"PropertyValueSpecification","valueRequired":true,"valueName":"search_term_string"}}],"inLanguage":"es"},{"@type":"Organization","@id":"https:\/\/www.unidadroboticadental.com\/es_es\/#organization","name":"Cl\u00ednica odontol\u00f3gica en Bogot\u00e1 y Medell\u00edn- Unidad Rob\u00f3tica Dental 3D","url":"https:\/\/www.unidadroboticadental.com\/es_es\/","logo":{"@type":"ImageObject","inLanguage":"es","@id":"https:\/\/www.unidadroboticadental.com\/es_es\/#\/schema\/logo\/image\/","url":"https:\/\/www.unidadroboticadental.com\/wp-content\/uploads\/2019\/05\/logo-1.png","contentUrl":"https:\/\/www.unidadroboticadental.com\/wp-content\/uploads\/2019\/05\/logo-1.png","width":225,"height":225,"caption":"Cl\u00ednica odontol\u00f3gica en Bogot\u00e1 y Medell\u00edn- Unidad Rob\u00f3tica Dental 3D"},"image":{"@id":"https:\/\/www.unidadroboticadental.com\/es_es\/#\/schema\/logo\/image\/"},"sameAs":["https:\/\/www.facebook.com\/unidadroboticadental3d","https:\/\/www.instagram.com\/unidadroboticadental3d\/"]}]}},"_links":{"self":[{"href":"https:\/\/www.unidadroboticadental.com\/es_es\/wp-json\/wp\/v2\/pages\/1137","targetHints":{"allow":["GET"]}}],"collection":[{"href":"https:\/\/www.unidadroboticadental.com\/es_es\/wp-json\/wp\/v2\/pages"}],"about":[{"href":"https:\/\/www.unidadroboticadental.com\/es_es\/wp-json\/wp\/v2\/types\/page"}],"author":[{"embeddable":true,"href":"https:\/\/www.unidadroboticadental.com\/es_es\/wp-json\/wp\/v2\/users\/1"}],"replies":[{"embeddable":true,"href":"https:\/\/www.unidadroboticadental.com\/es_es\/wp-json\/wp\/v2\/comments?post=1137"}],"version-history":[{"count":45,"href":"https:\/\/www.unidadroboticadental.com\/es_es\/wp-json\/wp\/v2\/pages\/1137\/revisions"}],"predecessor-version":[{"id":2269,"href":"https:\/\/www.unidadroboticadental.com\/es_es\/wp-json\/wp\/v2\/pages\/1137\/revisions\/2269"}],"wp:attachment":[{"href":"https:\/\/www.unidadroboticadental.com\/es_es\/wp-json\/wp\/v2\/media?parent=1137"}],"curies":[{"name":"wp","href":"https:\/\/api.w.org\/{rel}","templated":true}]}}