{"id":1104,"date":"2019-05-30T21:38:01","date_gmt":"2019-05-30T21:38:01","guid":{"rendered":"http:\/\/unidadroboticadental.com\/web\/?page_id=1104"},"modified":"2023-07-29T17:14:24","modified_gmt":"2023-07-29T17:14:24","slug":"contactanos","status":"publish","type":"page","link":"https:\/\/www.unidadroboticadental.com\/es_es\/contactanos\/","title":{"rendered":"Cont\u00e1ctanos"},"content":{"rendered":"<div class=\"wpb-content-wrapper\"><section id=\"ut-section-69ea298421a08\" class=\"vc_section ut-vc-160 vc_section-has-no-fill ut-section-69ea298421a22\"><div id=\"ut-row-69ea2984224cf\" data-vc-full-width=\"true\" data-vc-full-width-init=\"false\" class=\"vc_row wpb_row vc_row-fluid vc_column-gap-0 ut-animate-element animated ut-no-animation-tablet ut-no-animation-mobile ut-row-69ea2984224fa\" data-effect=\"fadeIn\" data-animateonce=\"yes\" data-delay=\"50\" data-animation-duration=\"1s\"><div class=\"wpb_column vc_column_container vc_col-sm-8\" ><div id=\"ut_inner_column_69ea298422e00\" class=\"vc_column-inner \"><div class=\"wpb_wrapper\"><div class=\"wpb_content_element \"><style type=\"text\/css\" scoped>#ut_header_69ea2984231ec.pt-style-2 .page-title:after, #ut_header_69ea2984231ec.pt-style-2 .parallax-title:after, #ut_header_69ea2984231ec.pt-style-2 .section-title:after {background-color:!important;height: ;width: ;}<\/style><header id=\"ut_header_69ea2984231ec\" class=\"section-header ut-no-title-linebreak-mobile ut-no-lead-linebreak-mobile pt-style-2 header-left element-with-custom-line-height\"><h2  class=\"section-title \"><span><b>Env\u00edanos<\/b> un mensaje<\/span><\/h2><\/header><\/div>\n<div class=\"wpcf7 no-js\" id=\"wpcf7-f2287-o1\" lang=\"es-ES\" dir=\"ltr\" data-wpcf7-id=\"2287\">\n<div class=\"screen-reader-response\"><p role=\"status\" aria-live=\"polite\" aria-atomic=\"true\"><\/p> <ul><\/ul><\/div>\n<form action=\"\/es_es\/wp-json\/wp\/v2\/pages\/1104#wpcf7-f2287-o1\" method=\"post\" class=\"wpcf7-form init\" aria-label=\"Formulario de contacto\" novalidate=\"novalidate\" data-status=\"init\">\n<div style=\"display: none;\">\n<input type=\"hidden\" name=\"_wpcf7\" value=\"2287\" \/>\n<input type=\"hidden\" name=\"_wpcf7_version\" value=\"6.0.6\" \/>\n<input type=\"hidden\" name=\"_wpcf7_locale\" value=\"es_ES\" \/>\n<input type=\"hidden\" name=\"_wpcf7_unit_tag\" value=\"wpcf7-f2287-o1\" \/>\n<input type=\"hidden\" name=\"_wpcf7_container_post\" value=\"0\" \/>\n<input type=\"hidden\" name=\"_wpcf7_posted_data_hash\" value=\"\" \/>\n<\/div>\n<div style=\"background-color: #dbdbdb; padding: 20px; box-shadow: 0 0 10px rgba(0, 0, 0, 0.1); border-radius: 10px;\">\n\t<h3 style=\"font-weight: 200 !important; font-size: 20px !important;\">D\u00e9janos tus datos\n\t<\/h3>\n\t<p><span class=\"wpcf7-form-control-wrap\" data-name=\"nombre\"><input size=\"40\" maxlength=\"400\" class=\"wpcf7-form-control wpcf7-text wpcf7-validates-as-required\" aria-required=\"true\" aria-invalid=\"false\" placeholder=\"Nombre y apellido\" value=\"\" type=\"text\" name=\"nombre\" \/><\/span><br \/>\n<span class=\"wpcf7-form-control-wrap\" data-name=\"correo\"><input size=\"40\" maxlength=\"400\" class=\"wpcf7-form-control wpcf7-email wpcf7-validates-as-required wpcf7-text wpcf7-validates-as-email\" aria-required=\"true\" aria-invalid=\"false\" placeholder=\"Correo electr\u00f3nico\" value=\"\" type=\"email\" name=\"correo\" \/><\/span><br \/>\n<span class=\"wpcf7-form-control-wrap\" data-name=\"telefono\"><input size=\"40\" maxlength=\"400\" class=\"wpcf7-form-control wpcf7-tel wpcf7-validates-as-required wpcf7-text wpcf7-validates-as-tel\" aria-required=\"true\" aria-invalid=\"false\" placeholder=\"Tel\u00e9fono\" value=\"\" type=\"tel\" name=\"telefono\" \/><\/span>\n\t<\/p>\n\t<h4 style=\"margin-bottom: 0px !important; margin-top: 20px !important; font-weight: 200 !important; font-size: 20px !important; padding-top: 20px !important;\">Seleccione una sede\n\t<\/h4>\n\t<p><span class=\"wpcf7-form-control-wrap\" data-name=\"Sedes\"><span class=\"wpcf7-form-control wpcf7-radio\"><span class=\"wpcf7-list-item first\"><input type=\"radio\" name=\"Sedes\" value=\"Sede Medell\u00edn\" checked=\"checked\" \/><span class=\"wpcf7-list-item-label\">Sede Medell\u00edn<\/span><\/span><span class=\"wpcf7-list-item last\"><input type=\"radio\" name=\"Sedes\" value=\"Sede Bogot\u00e1\" \/><span class=\"wpcf7-list-item-label\">Sede Bogot\u00e1<\/span><\/span><\/span><\/span>\n\t<\/p>\n\t<h3 style=\"font-weight: 200 !important; font-size: 20px !important; margin-top: 20px !important;\">\u00bfEn qu\u00e9 podemos ayudarle?\n\t<\/h3>\n\t<p><span class=\"wpcf7-form-control-wrap\" data-name=\"mensaje\"><textarea cols=\"40\" rows=\"10\" maxlength=\"2000\" class=\"wpcf7-form-control wpcf7-textarea\" aria-invalid=\"false\" placeholder=\"Escribe tu mensaje\" name=\"mensaje\"><\/textarea><\/span>\n\t<\/p>\n\t<p><input class=\"wpcf7-form-control wpcf7-submit has-spinner\" type=\"submit\" value=\"Enviar\" \/>\n\t<\/p>\n<\/div>\n<p><script>\n \/\/ JavaScript code here (same as previous)\n<\/script>\n<\/p><div class=\"wpcf7-response-output\" aria-hidden=\"true\"><\/div>\n<\/form>\n<\/div>\n<\/div><\/div><\/div><div class=\"wpb_column vc_column_container vc_col-sm-4\" ><div id=\"ut_inner_column_69ea298424617\" class=\"vc_column-inner \"><div class=\"wpb_wrapper\"><\/div><\/div><\/div><\/div><div class=\"vc_row-full-width vc_clearfix\"><\/div><a data-id=\"section-without-id\" class=\"ut-vc-offset-anchor-bottom\" name=\"section-without-id\"><\/a><style type=\"text\/css\" scoped>#ut-section-69ea298421a08{padding-right: 100px !important;padding-bottom: 50px !important;padding-left: 150px !important;} <\/style><\/section><section id=\"ut-section-69ea298425581\" data-vc-full-width=\"true\" data-vc-full-width-init=\"false\" data-vc-stretch-content=\"true\" class=\"vc_section ut-vc-160 vc_section-has-no-fill ut-section-69ea298425597\"><div id=\"ut-row-69ea298425ef0\" data-vc-full-width=\"true\" data-vc-full-width-init=\"false\" data-vc-stretch-content=\"true\" class=\"vc_row wpb_row vc_row-fluid vc_column-gap-0 vc_row-no-padding ut-row-69ea298425f06\" ><div class=\"wpb_column vc_column_container vc_col-sm-6\" ><div id=\"ut_inner_column_69ea298426673\" class=\"vc_column-inner \"><div class=\"wpb_wrapper\">\n\t<div class=\"wpb_raw_code wpb_raw_html wpb_content_element\" >\n\t\t<div class=\"wpb_wrapper\">\n\t\t\t<blockquote class=\"instagram-media\" data-instgrm-captioned data-instgrm-permalink=\"https:\/\/www.instagram.com\/p\/CnkvnGEpDDT\/?utm_source=ig_embed&amp;utm_campaign=loading\" data-instgrm-version=\"14\" style=\" background:#FFF; border:0; border-radius:3px; box-shadow:0 0 1px 0 rgba(0,0,0,0.5),0 1px 10px 0 rgba(0,0,0,0.15); margin: 1px; max-width:540px; min-width:226px; padding:0; width:99.375%; width:-webkit-calc(100% - 2px); width:calc(100% - 2px);\"><div style=\"padding:16px;\"> <a href=\"https:\/\/www.instagram.com\/p\/CnkvnGEpDDT\/?utm_source=ig_embed&amp;utm_campaign=loading\" style=\" background:#FFFFFF; line-height:0; padding:0 0; text-align:center; text-decoration:none; width:100%;\" target=\"_blank\"> <div style=\" display: flex; flex-direction: row; align-items: center;\"> <div style=\"background-color: #F4F4F4; border-radius: 50%; flex-grow: 0; height: 40px; margin-right: 14px; width: 40px;\"><\/div> <div style=\"display: flex; flex-direction: column; flex-grow: 1; justify-content: center;\"> <div style=\" background-color: #F4F4F4; border-radius: 4px; flex-grow: 0; height: 14px; margin-bottom: 6px; width: 100px;\"><\/div> <div style=\" background-color: #F4F4F4; border-radius: 4px; flex-grow: 0; height: 14px; width: 60px;\"><\/div><\/div><\/div><div style=\"padding: 19% 0;\"><\/div> <div style=\"display:block; height:50px; margin:0 auto 12px; width:50px;\"><svg width=\"50px\" height=\"50px\" viewBox=\"0 0 60 60\" version=\"1.1\" xmlns=\"https:\/\/www.w3.org\/2000\/svg\" xmlns:xlink=\"https:\/\/www.w3.org\/1999\/xlink\"><g stroke=\"none\" stroke-width=\"1\" fill=\"none\" fill-rule=\"evenodd\"><g transform=\"translate(-511.000000, -20.000000)\" fill=\"#000000\"><g><path d=\"M556.869,30.41 C554.814,30.41 553.148,32.076 553.148,34.131 C553.148,36.186 554.814,37.852 556.869,37.852 C558.924,37.852 560.59,36.186 560.59,34.131 C560.59,32.076 558.924,30.41 556.869,30.41 M541,60.657 C535.114,60.657 530.342,55.887 530.342,50 C530.342,44.114 535.114,39.342 541,39.342 C546.887,39.342 551.658,44.114 551.658,50 C551.658,55.887 546.887,60.657 541,60.657 M541,33.886 C532.1,33.886 524.886,41.1 524.886,50 C524.886,58.899 532.1,66.113 541,66.113 C549.9,66.113 557.115,58.899 557.115,50 C557.115,41.1 549.9,33.886 541,33.886 M565.378,62.101 C565.244,65.022 564.756,66.606 564.346,67.663 C563.803,69.06 563.154,70.057 562.106,71.106 C561.058,72.155 560.06,72.803 558.662,73.347 C557.607,73.757 556.021,74.244 553.102,74.378 C549.944,74.521 548.997,74.552 541,74.552 C533.003,74.552 532.056,74.521 528.898,74.378 C525.979,74.244 524.393,73.757 523.338,73.347 C521.94,72.803 520.942,72.155 519.894,71.106 C518.846,70.057 518.197,69.06 517.654,67.663 C517.244,66.606 516.755,65.022 516.623,62.101 C516.479,58.943 516.448,57.996 516.448,50 C516.448,42.003 516.479,41.056 516.623,37.899 C516.755,34.978 517.244,33.391 517.654,32.338 C518.197,30.938 518.846,29.942 519.894,28.894 C520.942,27.846 521.94,27.196 523.338,26.654 C524.393,26.244 525.979,25.756 528.898,25.623 C532.057,25.479 533.004,25.448 541,25.448 C548.997,25.448 549.943,25.479 553.102,25.623 C556.021,25.756 557.607,26.244 558.662,26.654 C560.06,27.196 561.058,27.846 562.106,28.894 C563.154,29.942 563.803,30.938 564.346,32.338 C564.756,33.391 565.244,34.978 565.378,37.899 C565.522,41.056 565.552,42.003 565.552,50 C565.552,57.996 565.522,58.943 565.378,62.101 M570.82,37.631 C570.674,34.438 570.167,32.258 569.425,30.349 C568.659,28.377 567.633,26.702 565.965,25.035 C564.297,23.368 562.623,22.342 560.652,21.575 C558.743,20.834 556.562,20.326 553.369,20.18 C550.169,20.033 549.148,20 541,20 C532.853,20 531.831,20.033 528.631,20.18 C525.438,20.326 523.257,20.834 521.349,21.575 C519.376,22.342 517.703,23.368 516.035,25.035 C514.368,26.702 513.342,28.377 512.574,30.349 C511.834,32.258 511.326,34.438 511.181,37.631 C511.035,40.831 511,41.851 511,50 C511,58.147 511.035,59.17 511.181,62.369 C511.326,65.562 511.834,67.743 512.574,69.651 C513.342,71.625 514.368,73.296 516.035,74.965 C517.703,76.634 519.376,77.658 521.349,78.425 C523.257,79.167 525.438,79.673 528.631,79.82 C531.831,79.965 532.853,80.001 541,80.001 C549.148,80.001 550.169,79.965 553.369,79.82 C556.562,79.673 558.743,79.167 560.652,78.425 C562.623,77.658 564.297,76.634 565.965,74.965 C567.633,73.296 568.659,71.625 569.425,69.651 C570.167,67.743 570.674,65.562 570.82,62.369 C570.966,59.17 571,58.147 571,50 C571,41.851 570.966,40.831 570.82,37.631\"><\/path><\/g><\/g><\/g><\/svg><\/div><div style=\"padding-top: 8px;\"> <div style=\" color:#3897f0; font-family:Arial,sans-serif; font-size:14px; font-style:normal; font-weight:550; line-height:18px;\">Ver esta publicaci\u00f3n en Instagram<\/div><\/div><div style=\"padding: 12.5% 0;\"><\/div> <div style=\"display: flex; flex-direction: row; margin-bottom: 14px; align-items: center;\"><div> <div style=\"background-color: #F4F4F4; border-radius: 50%; height: 12.5px; width: 12.5px; transform: translateX(0px) translateY(7px);\"><\/div> <div style=\"background-color: #F4F4F4; height: 12.5px; transform: rotate(-45deg) translateX(3px) translateY(1px); width: 12.5px; flex-grow: 0; margin-right: 14px; margin-left: 2px;\"><\/div> <div style=\"background-color: #F4F4F4; border-radius: 50%; height: 12.5px; width: 12.5px; transform: translateX(9px) translateY(-18px);\"><\/div><\/div><div style=\"margin-left: 8px;\"> <div style=\" background-color: #F4F4F4; border-radius: 50%; flex-grow: 0; height: 20px; width: 20px;\"><\/div> <div style=\" width: 0; height: 0; border-top: 2px solid transparent; border-left: 6px solid #f4f4f4; border-bottom: 2px solid transparent; transform: translateX(16px) translateY(-4px) rotate(30deg)\"><\/div><\/div><div style=\"margin-left: auto;\"> <div style=\" width: 0px; border-top: 8px solid #F4F4F4; border-right: 8px solid transparent; transform: translateY(16px);\"><\/div> <div style=\" background-color: #F4F4F4; flex-grow: 0; height: 12px; width: 16px; transform: translateY(-4px);\"><\/div> <div style=\" width: 0; height: 0; border-top: 8px solid #F4F4F4; border-left: 8px solid transparent; transform: translateY(-4px) translateX(8px);\"><\/div><\/div><\/div> <div style=\"display: flex; flex-direction: column; flex-grow: 1; justify-content: center; margin-bottom: 24px;\"> <div style=\" background-color: #F4F4F4; border-radius: 4px; flex-grow: 0; height: 14px; margin-bottom: 6px; width: 224px;\"><\/div> <div style=\" background-color: #F4F4F4; border-radius: 4px; flex-grow: 0; height: 14px; width: 144px;\"><\/div><\/div><\/a><p style=\" color:#c9c8cd; font-family:Arial,sans-serif; font-size:14px; line-height:17px; margin-bottom:0; margin-top:8px; overflow:hidden; padding:8px 0 7px; text-align:center; text-overflow:ellipsis; white-space:nowrap;\"><a href=\"https:\/\/www.instagram.com\/p\/CnkvnGEpDDT\/?utm_source=ig_embed&amp;utm_campaign=loading\" style=\" color:#c9c8cd; font-family:Arial,sans-serif; font-size:14px; font-style:normal; font-weight:normal; line-height:17px; text-decoration:none;\" target=\"_blank\">Una publicaci\u00f3n compartida de Unidad Rob\u00f3tica Dental by Dr. Oscar Cely (@dr.oscarcely)<\/a><\/p><\/div><\/blockquote> <script async src=\"\/\/www.instagram.com\/embed.js\"><\/script>\n\t\t<\/div>\n\t<\/div>\n<\/div><\/div><\/div><div class=\"wpb_column vc_column_container vc_col-sm-6\" ><div id=\"ut_inner_column_69ea298426c32\" class=\"vc_column-inner \"><div class=\"wpb_wrapper\"><div id=\"ut-row-inner-69ea2984271fe\" class=\"vc_row wpb_row vc_inner vc_row-fluid ut-row-inner-69ea298427211\" ><div  class=\"wpb_column vc_column_container vc_col-sm-6\"><div id=\"ut-column-inner-69ea2984274db\" class=\"vc_column-inner vc_column-inner-nested\"><div class=\"wpb_wrapper\"><div class=\"vc_icon_element vc_icon_element-outer vc_do_icon vc_icon_element-align-center vc_icon_element-have-style\"><div class=\"vc_icon_element-inner vc_icon_element-color-custom vc_icon_element-have-style-inner vc_icon_element-size-md vc_icon_element-style-rounded vc_icon_element-background vc_icon_element-background-color-custom\"  style=\"background-color:#000000\"><span class=\"vc_icon_element-icon vc_li vc_li-location\" style=\"color:#ffffff !important\"><\/span><\/div><\/div><div class=\"wpb_content_element  vc_custom_1559534744452\"><style type=\"text\/css\" scoped>#ut_header_69ea298427bec h2.section-title { font-size: 26px; }@media (min-width: 768px) { #ut_header_69ea298427bec h2 { line-height: 30px !important; } }#ut_header_69ea298427bec.pt-style-2 .page-title:after, #ut_header_69ea298427bec.pt-style-2 .parallax-title:after, #ut_header_69ea298427bec.pt-style-2 .section-title:after {background-color:!important;height: ;width: ;}<\/style><header id=\"ut_header_69ea298427bec\" class=\"section-header ut-no-title-linebreak-mobile ut-no-lead-linebreak-mobile pt-style-2 header-center element-with-custom-line-height\"><h2  class=\"section-title \"><span>Sede Cedritos<\/span><\/h2><div data-delay=\"0\" class=\"lead \"><p>Av 19 No. 134 -38 Bogot\u00e1, Colombia.<\/p>\n<\/div><\/header><\/div><\/div><\/div><\/div><div  class=\"wpb_column vc_column_container vc_col-sm-6\"><div id=\"ut-column-inner-69ea29842809a\" class=\"vc_column-inner vc_column-inner-nested\"><div class=\"wpb_wrapper\"><div class=\"vc_icon_element vc_icon_element-outer vc_do_icon vc_icon_element-align-center vc_icon_element-have-style\"><div class=\"vc_icon_element-inner vc_icon_element-color-custom vc_icon_element-have-style-inner vc_icon_element-size-md vc_icon_element-style-rounded vc_icon_element-background vc_icon_element-background-color-custom\"  style=\"background-color:#000000\"><span class=\"vc_icon_element-icon vc_li vc_li-location\" style=\"color:#ffffff !important\"><\/span><\/div><\/div><div class=\"wpb_content_element  vc_custom_1559535161543\"><style type=\"text\/css\" scoped>#ut_header_69ea29842869a h2.section-title { font-size: 26px; }@media (min-width: 768px) { #ut_header_69ea29842869a h2 { line-height: 30px !important; } }#ut_header_69ea29842869a.pt-style-2 .page-title:after, #ut_header_69ea29842869a.pt-style-2 .parallax-title:after, #ut_header_69ea29842869a.pt-style-2 .section-title:after {background-color:!important;height: ;width: ;}<\/style><header id=\"ut_header_69ea29842869a\" class=\"section-header ut-no-title-linebreak-mobile ut-no-lead-linebreak-mobile pt-style-2 header-center element-with-custom-line-height\"><h2  class=\"section-title \"><span>Sede Medell\u00edn Calasanz<\/span><\/h2><div data-delay=\"0\" class=\"lead \"><p>Cra 80 N. 49-57 Medellin, Colombia.<\/p>\n<\/div><\/header><\/div><\/div><\/div><\/div><\/div><\/div><\/div><style type=\"text\/css\" scoped>#ut_inner_column_69ea298426c32{margin-top: 20px !important;padding-top: 30px !important;padding-right: 30px !important;padding-bottom: 30px !important;padding-left: 30px !important;}<\/style><\/div><\/div><div class=\"vc_row-full-width vc_clearfix\"><\/div><a data-id=\"section-without-id\" class=\"ut-vc-offset-anchor-bottom\" name=\"section-without-id\"><\/a><style type=\"text\/css\" scoped>#ut-section-69ea298425581{margin-top: 0px !important;margin-bottom: 0px !important;padding-top: 0px !important;padding-bottom: 0px !important;} <\/style><\/section><div class=\"vc_row-full-width vc_clearfix\"><\/div>\n<\/div>","protected":false},"excerpt":{"rendered":"Env\u00edanos un mensaje D\u00e9janos tus datos Seleccione una sede Sede Medell\u00ednSede Bogot\u00e1 \u00bfEn qu\u00e9 podemos ayudarle? Ver esta publicaci\u00f3n en Instagram Una publicaci\u00f3n compartida de Unidad Rob\u00f3tica Dental by Dr. Oscar Cely (@dr.oscarcely) Sede CedritosAv 19 No. 134 -38 Bogot\u00e1, Colombia. Sede Medell\u00edn CalasanzCra 80 N. 49-57 Medellin, Colombia.","protected":false},"author":1,"featured_media":0,"parent":0,"menu_order":0,"comment_status":"closed","ping_status":"closed","template":"","meta":{"footnotes":""},"class_list":["post-1104","page","type-page","status-publish","hentry"],"yoast_head":"<!-- This site is optimized with the Yoast SEO Premium plugin v20.12 (Yoast SEO v26.9) - https:\/\/yoast.com\/product\/yoast-seo-premium-wordpress\/ -->\n<title>Cont\u00e1ctanos - Unidad Rob\u00f3tica Dental 3D<\/title>\n<meta name=\"robots\" content=\"index, follow, max-snippet:-1, max-image-preview:large, max-video-preview:-1\" \/>\n<link rel=\"canonical\" href=\"https:\/\/www.unidadroboticadental.com\/es_es\/contactanos\/\" \/>\n<meta property=\"og:locale\" content=\"es_ES\" \/>\n<meta property=\"og:type\" content=\"article\" \/>\n<meta property=\"og:title\" content=\"Cont\u00e1ctanos\" \/>\n<meta property=\"og:url\" content=\"https:\/\/www.unidadroboticadental.com\/es_es\/contactanos\/\" \/>\n<meta property=\"og:site_name\" content=\"Unidad Rob\u00f3tica Dental 3D\" \/>\n<meta property=\"article:publisher\" content=\"https:\/\/www.facebook.com\/unidadroboticadental3d\" \/>\n<meta property=\"article:modified_time\" content=\"2023-07-29T17:14:24+00:00\" \/>\n<meta name=\"twitter:card\" content=\"summary_large_image\" \/>\n<meta name=\"twitter:label1\" content=\"Tiempo de lectura\" \/>\n\t<meta name=\"twitter:data1\" content=\"1 minuto\" \/>\n<script type=\"application\/ld+json\" class=\"yoast-schema-graph\">{\"@context\":\"https:\/\/schema.org\",\"@graph\":[{\"@type\":\"WebPage\",\"@id\":\"https:\/\/www.unidadroboticadental.com\/contactanos\/\",\"url\":\"https:\/\/www.unidadroboticadental.com\/contactanos\/\",\"name\":\"Cont\u00e1ctanos - Unidad Rob\u00f3tica Dental 3D\",\"isPartOf\":{\"@id\":\"https:\/\/www.unidadroboticadental.com\/es_es\/#website\"},\"datePublished\":\"2019-05-30T21:38:01+00:00\",\"dateModified\":\"2023-07-29T17:14:24+00:00\",\"breadcrumb\":{\"@id\":\"https:\/\/www.unidadroboticadental.com\/contactanos\/#breadcrumb\"},\"inLanguage\":\"es\",\"potentialAction\":[{\"@type\":\"ReadAction\",\"target\":[\"https:\/\/www.unidadroboticadental.com\/contactanos\/\"]}]},{\"@type\":\"BreadcrumbList\",\"@id\":\"https:\/\/www.unidadroboticadental.com\/contactanos\/#breadcrumb\",\"itemListElement\":[{\"@type\":\"ListItem\",\"position\":1,\"name\":\"Portada\",\"item\":\"https:\/\/www.unidadroboticadental.com\/es_es\/\"},{\"@type\":\"ListItem\",\"position\":2,\"name\":\"Cont\u00e1ctanos\"}]},{\"@type\":\"WebSite\",\"@id\":\"https:\/\/www.unidadroboticadental.com\/es_es\/#website\",\"url\":\"https:\/\/www.unidadroboticadental.com\/es_es\/\",\"name\":\"Cl\u00ednica Odontol\u00f3gica Bogot\u00e1 Medell\u00edn Unidad Rob\u00f3tica Dental 3D\",\"description\":\"Cl\u00ednica odontolog\u00edca en Bogot\u00e1 y Medell\u00edn\",\"publisher\":{\"@id\":\"https:\/\/www.unidadroboticadental.com\/es_es\/#organization\"},\"potentialAction\":[{\"@type\":\"SearchAction\",\"target\":{\"@type\":\"EntryPoint\",\"urlTemplate\":\"https:\/\/www.unidadroboticadental.com\/es_es\/?s={search_term_string}\"},\"query-input\":{\"@type\":\"PropertyValueSpecification\",\"valueRequired\":true,\"valueName\":\"search_term_string\"}}],\"inLanguage\":\"es\"},{\"@type\":\"Organization\",\"@id\":\"https:\/\/www.unidadroboticadental.com\/es_es\/#organization\",\"name\":\"Cl\u00ednica odontol\u00f3gica en Bogot\u00e1 y Medell\u00edn- Unidad Rob\u00f3tica Dental 3D\",\"url\":\"https:\/\/www.unidadroboticadental.com\/es_es\/\",\"logo\":{\"@type\":\"ImageObject\",\"inLanguage\":\"es\",\"@id\":\"https:\/\/www.unidadroboticadental.com\/es_es\/#\/schema\/logo\/image\/\",\"url\":\"https:\/\/www.unidadroboticadental.com\/wp-content\/uploads\/2019\/05\/logo-1.png\",\"contentUrl\":\"https:\/\/www.unidadroboticadental.com\/wp-content\/uploads\/2019\/05\/logo-1.png\",\"width\":225,\"height\":225,\"caption\":\"Cl\u00ednica odontol\u00f3gica en Bogot\u00e1 y Medell\u00edn- Unidad Rob\u00f3tica Dental 3D\"},\"image\":{\"@id\":\"https:\/\/www.unidadroboticadental.com\/es_es\/#\/schema\/logo\/image\/\"},\"sameAs\":[\"https:\/\/www.facebook.com\/unidadroboticadental3d\",\"https:\/\/www.instagram.com\/unidadroboticadental3d\/\"]}]}<\/script>\n<!-- \/ Yoast SEO Premium plugin. -->","yoast_head_json":{"title":"Cont\u00e1ctanos - Unidad Rob\u00f3tica Dental 3D","robots":{"index":"index","follow":"follow","max-snippet":"max-snippet:-1","max-image-preview":"max-image-preview:large","max-video-preview":"max-video-preview:-1"},"canonical":"https:\/\/www.unidadroboticadental.com\/es_es\/contactanos\/","og_locale":"es_ES","og_type":"article","og_title":"Cont\u00e1ctanos","og_url":"https:\/\/www.unidadroboticadental.com\/es_es\/contactanos\/","og_site_name":"Unidad Rob\u00f3tica Dental 3D","article_publisher":"https:\/\/www.facebook.com\/unidadroboticadental3d","article_modified_time":"2023-07-29T17:14:24+00:00","twitter_card":"summary_large_image","twitter_misc":{"Tiempo de lectura":"1 minuto"},"schema":{"@context":"https:\/\/schema.org","@graph":[{"@type":"WebPage","@id":"https:\/\/www.unidadroboticadental.com\/contactanos\/","url":"https:\/\/www.unidadroboticadental.com\/contactanos\/","name":"Cont\u00e1ctanos - Unidad Rob\u00f3tica Dental 3D","isPartOf":{"@id":"https:\/\/www.unidadroboticadental.com\/es_es\/#website"},"datePublished":"2019-05-30T21:38:01+00:00","dateModified":"2023-07-29T17:14:24+00:00","breadcrumb":{"@id":"https:\/\/www.unidadroboticadental.com\/contactanos\/#breadcrumb"},"inLanguage":"es","potentialAction":[{"@type":"ReadAction","target":["https:\/\/www.unidadroboticadental.com\/contactanos\/"]}]},{"@type":"BreadcrumbList","@id":"https:\/\/www.unidadroboticadental.com\/contactanos\/#breadcrumb","itemListElement":[{"@type":"ListItem","position":1,"name":"Portada","item":"https:\/\/www.unidadroboticadental.com\/es_es\/"},{"@type":"ListItem","position":2,"name":"Cont\u00e1ctanos"}]},{"@type":"WebSite","@id":"https:\/\/www.unidadroboticadental.com\/es_es\/#website","url":"https:\/\/www.unidadroboticadental.com\/es_es\/","name":"Cl\u00ednica Odontol\u00f3gica Bogot\u00e1 Medell\u00edn Unidad Rob\u00f3tica Dental 3D","description":"Cl\u00ednica odontolog\u00edca en Bogot\u00e1 y Medell\u00edn","publisher":{"@id":"https:\/\/www.unidadroboticadental.com\/es_es\/#organization"},"potentialAction":[{"@type":"SearchAction","target":{"@type":"EntryPoint","urlTemplate":"https:\/\/www.unidadroboticadental.com\/es_es\/?s={search_term_string}"},"query-input":{"@type":"PropertyValueSpecification","valueRequired":true,"valueName":"search_term_string"}}],"inLanguage":"es"},{"@type":"Organization","@id":"https:\/\/www.unidadroboticadental.com\/es_es\/#organization","name":"Cl\u00ednica odontol\u00f3gica en Bogot\u00e1 y Medell\u00edn- Unidad Rob\u00f3tica Dental 3D","url":"https:\/\/www.unidadroboticadental.com\/es_es\/","logo":{"@type":"ImageObject","inLanguage":"es","@id":"https:\/\/www.unidadroboticadental.com\/es_es\/#\/schema\/logo\/image\/","url":"https:\/\/www.unidadroboticadental.com\/wp-content\/uploads\/2019\/05\/logo-1.png","contentUrl":"https:\/\/www.unidadroboticadental.com\/wp-content\/uploads\/2019\/05\/logo-1.png","width":225,"height":225,"caption":"Cl\u00ednica odontol\u00f3gica en Bogot\u00e1 y Medell\u00edn- Unidad Rob\u00f3tica Dental 3D"},"image":{"@id":"https:\/\/www.unidadroboticadental.com\/es_es\/#\/schema\/logo\/image\/"},"sameAs":["https:\/\/www.facebook.com\/unidadroboticadental3d","https:\/\/www.instagram.com\/unidadroboticadental3d\/"]}]}},"_links":{"self":[{"href":"https:\/\/www.unidadroboticadental.com\/es_es\/wp-json\/wp\/v2\/pages\/1104","targetHints":{"allow":["GET"]}}],"collection":[{"href":"https:\/\/www.unidadroboticadental.com\/es_es\/wp-json\/wp\/v2\/pages"}],"about":[{"href":"https:\/\/www.unidadroboticadental.com\/es_es\/wp-json\/wp\/v2\/types\/page"}],"author":[{"embeddable":true,"href":"https:\/\/www.unidadroboticadental.com\/es_es\/wp-json\/wp\/v2\/users\/1"}],"replies":[{"embeddable":true,"href":"https:\/\/www.unidadroboticadental.com\/es_es\/wp-json\/wp\/v2\/comments?post=1104"}],"version-history":[{"count":28,"href":"https:\/\/www.unidadroboticadental.com\/es_es\/wp-json\/wp\/v2\/pages\/1104\/revisions"}],"predecessor-version":[{"id":2288,"href":"https:\/\/www.unidadroboticadental.com\/es_es\/wp-json\/wp\/v2\/pages\/1104\/revisions\/2288"}],"wp:attachment":[{"href":"https:\/\/www.unidadroboticadental.com\/es_es\/wp-json\/wp\/v2\/media?parent=1104"}],"curies":[{"name":"wp","href":"https:\/\/api.w.org\/{rel}","templated":true}]}}