{"id":1868,"date":"2019-08-12T22:10:04","date_gmt":"2019-08-12T22:10:04","guid":{"rendered":"http:\/\/unidadroboticadental.com\/web\/?page_id=1868"},"modified":"2019-10-01T11:58:09","modified_gmt":"2019-10-01T11:58:09","slug":"clinicas-odontologicas-en-bogota-y-medellin-tecnologia-cad-cam","status":"publish","type":"page","link":"https:\/\/www.unidadroboticadental.com\/en\/clinicas-odontologicas-en-bogota-y-medellin-tecnologia-cad-cam\/","title":{"rendered":"Dental Robotics"},"content":{"rendered":"<div class=\"wpb-content-wrapper\"><section id=\"ut-section-69ea44442a1ab\" data-vc-full-width=\"true\" data-vc-full-width-init=\"false\" class=\"vc_section ut-vc-160 vc_section-has-no-fill ut-section-69ea44442a1c1\"><div id=\"ut-row-69ea44442a625\" data-vc-full-width=\"true\" data-vc-full-width-init=\"false\" class=\"vc_row wpb_row vc_row-fluid vc_column-gap-0 ut-row-69ea44442a636\" ><div class=\"wpb_column vc_column_container vc_col-sm-6\" ><div id=\"ut_inner_column_69ea44442abf1\" class=\"vc_column-inner\"><div class=\"wpb_wrapper\">\n\t<div class=\"wpb_text_column wpb_content_element\" >\n\t\t<div class=\"wpb_wrapper\">\n\t\t\t<h2 style=\"text-align: center; font-size: 30px;\">Dental Robotics<\/h2>\n<p style=\"text-align: center; font-size: 20px;\">Cad Cam Technology: Computer-aided dental design and manufacturing. It is the most innovative technique available in Oral Rehabilitation, thanks to this advance we achieve greater precision and aesthetics in a short time.<\/p>\n\n\t\t<\/div>\n\t<\/div>\n<\/div><\/div><style type=\"text\/css\" scoped>#ut_inner_column_69ea44442abf1{margin-top: 20% !important;}<\/style><\/div><div class=\"wpb_column vc_column_container vc_col-sm-6\" ><div id=\"ut_inner_column_69ea44442b135\" class=\"vc_column-inner\"><div class=\"wpb_wrapper\"><div id=\"ut_oms_69ea44442b202\" class=\"wpb_content_element\">\r\n            <script type=\"text\/javascript\">\r\n                \r\n                (function ($) {\r\n\r\n                    $(document).ready( function () {\r\n\r\n                        \r\n                        var owl_ut_ms_69ea44442b201 = {\r\n                            items: 1,\r\n                            lazyLoad: true,\r\n                            smartSpeed: 600,\r\n                            animateIn: \"\",\r\n                            animateOut: \"\",\r\n                            autoplay: true,\r\n\t\t\t\t\t\t\tautoplayHoverPause: true,\r\n                            autoplayTimeout: 5000,\r\n                            loop: true,\r\n                            nav: false,\r\n                            dots: false,\r\n                        };\r\n\r\n                        \r\n                        var $owl_ut_ms_69ea44442b201 = $( \"#ut_ms_69ea44442b201\" );\r\n\r\n                        if ( $( \"#ut_ms_69ea44442b201\" ).closest( '.vc_row[data-vc-full-width]' ).length && $( window ).width() > 1600 ) {\r\n\r\n                            \/* wait for f***king vc *\/\r\n                            new ResizeSensor( $( \"#ut_ms_69ea44442b201\" ).closest( '.vc_row[data-vc-full-width]' ), function () {\r\n\r\n                                $owl_ut_ms_69ea44442b201.owlCarousel( owl_ut_ms_69ea44442b201 );\r\n\r\n                            } );\r\n\r\n                        } else if ( $( \"#ut_ms_69ea44442b201\" ).closest( '.vc_section[data-vc-full-width]' ).length && $( window ).width() > 1600 ) {\r\n\r\n                            \/* wait for f***king vc *\/\r\n                            new ResizeSensor( $( \"#ut_ms_69ea44442b201\" ).closest( '.vc_section[data-vc-full-width]' ), function () {\r\n\r\n                                $owl_ut_ms_69ea44442b201.owlCarousel( owl_ut_ms_69ea44442b201 );\r\n\r\n                            } );\r\n\r\n                        } else {\r\n\r\n                            $owl_ut_ms_69ea44442b201.owlCarousel( owl_ut_ms_69ea44442b201 );\r\n\r\n                        }\r\n\r\n                        \r\n                    });\r\n\r\n                } )( jQuery );\r\n            <\/script>\r\n\r\n            <style type=\"text\/css\" scoped> #ut_oms_69ea44442b202 .ut-gallery-slider-caption-wrap::before { content: \"\"; }<\/style><div class=\"ut-owl-gallery-slider-wrap\"><div id=\"ut_ms_69ea44442b201\" class=\"ut-owl-gallery-slider owl-carousel owl-theme\"><div><figure class=\"ut-gallery-slider-caption-wrap\"><img class=\"item owl-lazy\" data-src=\"https:\/\/www.unidadroboticadental.com\/wp-content\/uploads\/2019\/08\/unidd-1300x867.jpg\" \/><\/figure><\/div><div><figure class=\"ut-gallery-slider-caption-wrap\"><img class=\"item owl-lazy\" data-src=\"https:\/\/www.unidadroboticadental.com\/wp-content\/uploads\/2019\/08\/slider-2-1300x867.jpg\" \/><\/figure><\/div><\/div><a href=\"#\" data-for=\"ut_ms_69ea44442b201\" class=\"ut-prev-gallery-slide ut-single-slider-control\"><i class=\"Bklyn-Core-Left-2\"><\/i><\/a><a href=\"#\" data-for=\"ut_ms_69ea44442b201\" class=\"ut-next-gallery-slide ut-single-slider-control\"><i class=\"Bklyn-Core-Right-2\"><\/i><\/a><\/div><\/div><\/div><\/div><\/div><\/div><div class=\"vc_row-full-width vc_clearfix\"><\/div><a data-id=\"section-without-id\" class=\"ut-vc-offset-anchor-bottom\" name=\"section-without-id\"><\/a><\/section><div class=\"vc_row-full-width vc_clearfix\"><\/div><section id=\"ut-section-69ea44442ed09\" data-vc-full-width=\"true\" data-vc-full-width-init=\"false\" class=\"vc_section ut-vc-160 vc_section-has-no-fill ut-section-69ea44442ed26\"><div id=\"ut-row-69ea44442f62a\" data-vc-full-width=\"true\" data-vc-full-width-init=\"false\" class=\"vc_row wpb_row vc_row-fluid vc_column-gap-0 ut-row-69ea44442f63e\" ><div class=\"wpb_column vc_column_container vc_col-sm-4\" ><div id=\"ut_inner_column_69ea44442fbe6\" class=\"vc_column-inner\"><div class=\"wpb_wrapper\"><style type=\"text\/css\" scoped><\/style><div id=\"ut_fancy_image_69ea4444305e1\" class=\"ut-fancy-image-wrap\"><a target=\"_blank\" href=\"#\" ><figure class=\"ut-fancy-image\"><img decoding=\"async\" src=\"https:\/\/www.unidadroboticadental.com\/wp-content\/uploads\/2019\/06\/1-1300x731.png\" alt=\"\"\/><figcaption><\/figcaption><\/figure><\/a><\/div><\/div><\/div><\/div><div class=\"wpb_column vc_column_container vc_col-sm-4\" ><div id=\"ut_inner_column_69ea444430892\" class=\"vc_column-inner\"><div class=\"wpb_wrapper\"><style type=\"text\/css\" scoped><\/style><div id=\"ut_fancy_image_69ea44443105b\" class=\"ut-fancy-image-wrap\"><a target=\"_blank\" href=\"#\" ><figure class=\"ut-fancy-image\"><img decoding=\"async\" src=\"https:\/\/www.unidadroboticadental.com\/wp-content\/uploads\/2019\/06\/5-1300x731.png\" alt=\"\"\/><figcaption><\/figcaption><\/figure><\/a><\/div><\/div><\/div><\/div><div class=\"wpb_column vc_column_container vc_col-sm-4\" ><div id=\"ut_inner_column_69ea444431385\" class=\"vc_column-inner\"><div class=\"wpb_wrapper\"><style type=\"text\/css\" scoped><\/style><div id=\"ut_fancy_image_69ea444431b39\" class=\"ut-fancy-image-wrap\"><a target=\"_blank\" href=\"#\" ><figure class=\"ut-fancy-image\"><img decoding=\"async\" src=\"https:\/\/www.unidadroboticadental.com\/wp-content\/uploads\/2019\/06\/6-1300x731.png\" alt=\"\"\/><figcaption><\/figcaption><\/figure><\/a><\/div><\/div><\/div><\/div><\/div><div class=\"vc_row-full-width vc_clearfix\"><\/div><a data-id=\"section-without-id\" class=\"ut-vc-offset-anchor-bottom\" name=\"section-without-id\"><\/a><style type=\"text\/css\" scoped>#ut-section-69ea44442ed09{padding-top: 30px !important;} <\/style><\/section><div class=\"vc_row-full-width vc_clearfix\"><\/div>\n<\/div>","protected":false},"excerpt":{"rendered":"Rob\u00f3tica Dental Tecnolog\u00eda Cad Cam: Dise\u00f1o y fabricaci\u00f3n dental asistida por computador. Es la t\u00e9cnica m\u00e1s innovadora disponible en Rehabilitaci\u00f3n Oral, gracias a este avance logramos mayor precisi\u00f3n y est\u00e9tica en corto tiempo.","protected":false},"author":1,"featured_media":0,"parent":0,"menu_order":0,"comment_status":"closed","ping_status":"closed","template":"","meta":{"footnotes":""},"class_list":["post-1868","page","type-page","status-publish","hentry"],"yoast_head":"<!-- This site is optimized with the Yoast SEO Premium plugin v20.12 (Yoast SEO v26.9) - https:\/\/yoast.com\/product\/yoast-seo-premium-wordpress\/ -->\n<title>Cl\u00ednicas odontol\u00f3gicas en Bogot\u00e1 y Medell\u00edn tecnolog\u00eda Cad-Cam<\/title>\n<meta name=\"description\" content=\"Cl\u00ednicas odontol\u00f3gicas Cad-Cam: Dise\u00f1o y fabricaci\u00f3n dental asistida por computador la t\u00e9cnica m\u00e1s innovadora disponible en rehabilitaci\u00f3n oral.\" \/>\n<meta name=\"robots\" content=\"index, follow, max-snippet:-1, max-image-preview:large, max-video-preview:-1\" \/>\n<link rel=\"canonical\" href=\"https:\/\/www.unidadroboticadental.com\/en\/clinicas-odontologicas-en-bogota-y-medellin-tecnologia-cad-cam\/\" \/>\n<meta property=\"og:locale\" content=\"en_US\" \/>\n<meta property=\"og:type\" content=\"article\" \/>\n<meta property=\"og:title\" content=\"Rob\u00f3tica Dental\" \/>\n<meta property=\"og:description\" content=\"Cl\u00ednicas odontol\u00f3gicas Cad-Cam: Dise\u00f1o y fabricaci\u00f3n dental asistida por computador la t\u00e9cnica m\u00e1s innovadora disponible en rehabilitaci\u00f3n oral.\" \/>\n<meta property=\"og:url\" content=\"https:\/\/www.unidadroboticadental.com\/en\/clinicas-odontologicas-en-bogota-y-medellin-tecnologia-cad-cam\/\" \/>\n<meta property=\"og:site_name\" content=\"Unidad Rob\u00f3tica Dental 3D\" \/>\n<meta property=\"article:publisher\" content=\"https:\/\/www.facebook.com\/unidadroboticadental3d\" \/>\n<meta property=\"article:modified_time\" content=\"2019-10-01T11:58:09+00:00\" \/>\n<meta name=\"twitter:card\" content=\"summary_large_image\" \/>\n<meta name=\"twitter:label1\" content=\"Est. reading time\" \/>\n\t<meta name=\"twitter:data1\" content=\"1 minute\" \/>\n<script type=\"application\/ld+json\" class=\"yoast-schema-graph\">{\"@context\":\"https:\/\/schema.org\",\"@graph\":[{\"@type\":\"WebPage\",\"@id\":\"https:\/\/www.unidadroboticadental.com\/clinicas-odontologicas-en-bogota-y-medellin-tecnologia-cad-cam\/\",\"url\":\"https:\/\/www.unidadroboticadental.com\/clinicas-odontologicas-en-bogota-y-medellin-tecnologia-cad-cam\/\",\"name\":\"Cl\u00ednicas odontol\u00f3gicas en Bogot\u00e1 y Medell\u00edn tecnolog\u00eda Cad-Cam\",\"isPartOf\":{\"@id\":\"https:\/\/www.unidadroboticadental.com\/es_es\/#website\"},\"datePublished\":\"2019-08-12T22:10:04+00:00\",\"dateModified\":\"2019-10-01T11:58:09+00:00\",\"description\":\"Cl\u00ednicas odontol\u00f3gicas Cad-Cam: Dise\u00f1o y fabricaci\u00f3n dental asistida por computador la t\u00e9cnica m\u00e1s innovadora disponible en rehabilitaci\u00f3n oral.\",\"breadcrumb\":{\"@id\":\"https:\/\/www.unidadroboticadental.com\/clinicas-odontologicas-en-bogota-y-medellin-tecnologia-cad-cam\/#breadcrumb\"},\"inLanguage\":\"en-US\",\"potentialAction\":[{\"@type\":\"ReadAction\",\"target\":[\"https:\/\/www.unidadroboticadental.com\/clinicas-odontologicas-en-bogota-y-medellin-tecnologia-cad-cam\/\"]}]},{\"@type\":\"BreadcrumbList\",\"@id\":\"https:\/\/www.unidadroboticadental.com\/clinicas-odontologicas-en-bogota-y-medellin-tecnologia-cad-cam\/#breadcrumb\",\"itemListElement\":[{\"@type\":\"ListItem\",\"position\":1,\"name\":\"Portada\",\"item\":\"https:\/\/www.unidadroboticadental.com\/es_es\/\"},{\"@type\":\"ListItem\",\"position\":2,\"name\":\"Rob\u00f3tica Dental\"}]},{\"@type\":\"WebSite\",\"@id\":\"https:\/\/www.unidadroboticadental.com\/es_es\/#website\",\"url\":\"https:\/\/www.unidadroboticadental.com\/es_es\/\",\"name\":\"Cl\u00ednica Odontol\u00f3gica Bogot\u00e1 Medell\u00edn Unidad Rob\u00f3tica Dental 3D\",\"description\":\"Cl\u00ednica odontolog\u00edca en Bogot\u00e1 y Medell\u00edn\",\"publisher\":{\"@id\":\"https:\/\/www.unidadroboticadental.com\/es_es\/#organization\"},\"potentialAction\":[{\"@type\":\"SearchAction\",\"target\":{\"@type\":\"EntryPoint\",\"urlTemplate\":\"https:\/\/www.unidadroboticadental.com\/es_es\/?s={search_term_string}\"},\"query-input\":{\"@type\":\"PropertyValueSpecification\",\"valueRequired\":true,\"valueName\":\"search_term_string\"}}],\"inLanguage\":\"en-US\"},{\"@type\":\"Organization\",\"@id\":\"https:\/\/www.unidadroboticadental.com\/es_es\/#organization\",\"name\":\"Cl\u00ednica odontol\u00f3gica en Bogot\u00e1 y Medell\u00edn- Unidad Rob\u00f3tica Dental 3D\",\"url\":\"https:\/\/www.unidadroboticadental.com\/es_es\/\",\"logo\":{\"@type\":\"ImageObject\",\"inLanguage\":\"en-US\",\"@id\":\"https:\/\/www.unidadroboticadental.com\/es_es\/#\/schema\/logo\/image\/\",\"url\":\"https:\/\/www.unidadroboticadental.com\/wp-content\/uploads\/2019\/05\/logo-1.png\",\"contentUrl\":\"https:\/\/www.unidadroboticadental.com\/wp-content\/uploads\/2019\/05\/logo-1.png\",\"width\":225,\"height\":225,\"caption\":\"Cl\u00ednica odontol\u00f3gica en Bogot\u00e1 y Medell\u00edn- Unidad Rob\u00f3tica Dental 3D\"},\"image\":{\"@id\":\"https:\/\/www.unidadroboticadental.com\/es_es\/#\/schema\/logo\/image\/\"},\"sameAs\":[\"https:\/\/www.facebook.com\/unidadroboticadental3d\",\"https:\/\/www.instagram.com\/unidadroboticadental3d\/\"]}]}<\/script>\n<!-- \/ Yoast SEO Premium plugin. -->","yoast_head_json":{"title":"Cl\u00ednicas odontol\u00f3gicas en Bogot\u00e1 y Medell\u00edn tecnolog\u00eda Cad-Cam","description":"Cl\u00ednicas odontol\u00f3gicas Cad-Cam: Dise\u00f1o y fabricaci\u00f3n dental asistida por computador la t\u00e9cnica m\u00e1s innovadora disponible en rehabilitaci\u00f3n oral.","robots":{"index":"index","follow":"follow","max-snippet":"max-snippet:-1","max-image-preview":"max-image-preview:large","max-video-preview":"max-video-preview:-1"},"canonical":"https:\/\/www.unidadroboticadental.com\/en\/clinicas-odontologicas-en-bogota-y-medellin-tecnologia-cad-cam\/","og_locale":"en_US","og_type":"article","og_title":"Rob\u00f3tica Dental","og_description":"Cl\u00ednicas odontol\u00f3gicas Cad-Cam: Dise\u00f1o y fabricaci\u00f3n dental asistida por computador la t\u00e9cnica m\u00e1s innovadora disponible en rehabilitaci\u00f3n oral.","og_url":"https:\/\/www.unidadroboticadental.com\/en\/clinicas-odontologicas-en-bogota-y-medellin-tecnologia-cad-cam\/","og_site_name":"Unidad Rob\u00f3tica Dental 3D","article_publisher":"https:\/\/www.facebook.com\/unidadroboticadental3d","article_modified_time":"2019-10-01T11:58:09+00:00","twitter_card":"summary_large_image","twitter_misc":{"Est. reading time":"1 minute"},"schema":{"@context":"https:\/\/schema.org","@graph":[{"@type":"WebPage","@id":"https:\/\/www.unidadroboticadental.com\/clinicas-odontologicas-en-bogota-y-medellin-tecnologia-cad-cam\/","url":"https:\/\/www.unidadroboticadental.com\/clinicas-odontologicas-en-bogota-y-medellin-tecnologia-cad-cam\/","name":"Cl\u00ednicas odontol\u00f3gicas en Bogot\u00e1 y Medell\u00edn tecnolog\u00eda Cad-Cam","isPartOf":{"@id":"https:\/\/www.unidadroboticadental.com\/es_es\/#website"},"datePublished":"2019-08-12T22:10:04+00:00","dateModified":"2019-10-01T11:58:09+00:00","description":"Cl\u00ednicas odontol\u00f3gicas Cad-Cam: Dise\u00f1o y fabricaci\u00f3n dental asistida por computador la t\u00e9cnica m\u00e1s innovadora disponible en rehabilitaci\u00f3n oral.","breadcrumb":{"@id":"https:\/\/www.unidadroboticadental.com\/clinicas-odontologicas-en-bogota-y-medellin-tecnologia-cad-cam\/#breadcrumb"},"inLanguage":"en-US","potentialAction":[{"@type":"ReadAction","target":["https:\/\/www.unidadroboticadental.com\/clinicas-odontologicas-en-bogota-y-medellin-tecnologia-cad-cam\/"]}]},{"@type":"BreadcrumbList","@id":"https:\/\/www.unidadroboticadental.com\/clinicas-odontologicas-en-bogota-y-medellin-tecnologia-cad-cam\/#breadcrumb","itemListElement":[{"@type":"ListItem","position":1,"name":"Portada","item":"https:\/\/www.unidadroboticadental.com\/es_es\/"},{"@type":"ListItem","position":2,"name":"Rob\u00f3tica Dental"}]},{"@type":"WebSite","@id":"https:\/\/www.unidadroboticadental.com\/es_es\/#website","url":"https:\/\/www.unidadroboticadental.com\/es_es\/","name":"Cl\u00ednica Odontol\u00f3gica Bogot\u00e1 Medell\u00edn Unidad Rob\u00f3tica Dental 3D","description":"Cl\u00ednica odontolog\u00edca en Bogot\u00e1 y Medell\u00edn","publisher":{"@id":"https:\/\/www.unidadroboticadental.com\/es_es\/#organization"},"potentialAction":[{"@type":"SearchAction","target":{"@type":"EntryPoint","urlTemplate":"https:\/\/www.unidadroboticadental.com\/es_es\/?s={search_term_string}"},"query-input":{"@type":"PropertyValueSpecification","valueRequired":true,"valueName":"search_term_string"}}],"inLanguage":"en-US"},{"@type":"Organization","@id":"https:\/\/www.unidadroboticadental.com\/es_es\/#organization","name":"Cl\u00ednica odontol\u00f3gica en Bogot\u00e1 y Medell\u00edn- Unidad Rob\u00f3tica Dental 3D","url":"https:\/\/www.unidadroboticadental.com\/es_es\/","logo":{"@type":"ImageObject","inLanguage":"en-US","@id":"https:\/\/www.unidadroboticadental.com\/es_es\/#\/schema\/logo\/image\/","url":"https:\/\/www.unidadroboticadental.com\/wp-content\/uploads\/2019\/05\/logo-1.png","contentUrl":"https:\/\/www.unidadroboticadental.com\/wp-content\/uploads\/2019\/05\/logo-1.png","width":225,"height":225,"caption":"Cl\u00ednica odontol\u00f3gica en Bogot\u00e1 y Medell\u00edn- Unidad Rob\u00f3tica Dental 3D"},"image":{"@id":"https:\/\/www.unidadroboticadental.com\/es_es\/#\/schema\/logo\/image\/"},"sameAs":["https:\/\/www.facebook.com\/unidadroboticadental3d","https:\/\/www.instagram.com\/unidadroboticadental3d\/"]}]}},"_links":{"self":[{"href":"https:\/\/www.unidadroboticadental.com\/en\/wp-json\/wp\/v2\/pages\/1868","targetHints":{"allow":["GET"]}}],"collection":[{"href":"https:\/\/www.unidadroboticadental.com\/en\/wp-json\/wp\/v2\/pages"}],"about":[{"href":"https:\/\/www.unidadroboticadental.com\/en\/wp-json\/wp\/v2\/types\/page"}],"author":[{"embeddable":true,"href":"https:\/\/www.unidadroboticadental.com\/en\/wp-json\/wp\/v2\/users\/1"}],"replies":[{"embeddable":true,"href":"https:\/\/www.unidadroboticadental.com\/en\/wp-json\/wp\/v2\/comments?post=1868"}],"version-history":[{"count":9,"href":"https:\/\/www.unidadroboticadental.com\/en\/wp-json\/wp\/v2\/pages\/1868\/revisions"}],"predecessor-version":[{"id":2105,"href":"https:\/\/www.unidadroboticadental.com\/en\/wp-json\/wp\/v2\/pages\/1868\/revisions\/2105"}],"wp:attachment":[{"href":"https:\/\/www.unidadroboticadental.com\/en\/wp-json\/wp\/v2\/media?parent=1868"}],"curies":[{"name":"wp","href":"https:\/\/api.w.org\/{rel}","templated":true}]}}