{"id":1335,"date":"2019-06-04T05:31:22","date_gmt":"2019-06-04T05:31:22","guid":{"rendered":"http:\/\/unidadroboticadental.com\/web\/?page_id=1335"},"modified":"2023-08-28T21:23:25","modified_gmt":"2023-08-28T21:23:25","slug":"clinica-de-implantes-dentales-en-bogota-y-medellin","status":"publish","type":"page","link":"https:\/\/www.unidadroboticadental.com\/en\/clinica-de-implantes-dentales-en-bogota-y-medellin\/","title":{"rendered":"Dental implants"},"content":{"rendered":"<div class=\"wpb-content-wrapper\"><section id=\"ut-section-69ea44be23ead\" data-vc-full-width=\"true\" data-vc-full-width-init=\"false\" class=\"vc_section ut-vc-160 vc_section-has-no-fill ut-section-69ea44be23ec4\"><div id=\"ut-row-69ea44be24319\" data-vc-full-width=\"true\" data-vc-full-width-init=\"false\" class=\"vc_row wpb_row vc_row-fluid vc_column-gap-0 ut-row-69ea44be2432a\" ><div class=\"wpb_column vc_column_container vc_col-sm-6\" ><div id=\"ut_inner_column_69ea44be2489f\" class=\"vc_column-inner\"><div class=\"wpb_wrapper\"><div class=\"wpb_content_element   clearfix\">            \r\n            <script type=\"text\/javascript\">\r\n                \r\n                (function($){\r\n                    \r\n                    $(document).ready(function(){\r\n                                                \r\n                        function get_animated_objects( $all_appeared_elements, effect ) {\r\n                            \r\n                            var counter = 0;\r\n                            \r\n                            $all_appeared_elements.each(function(){\r\n                                        \r\n                                if( $(this).hasClass(effect) ) {\r\n\r\n                                    counter++;\r\n\r\n                                }\r\n\r\n                            });\r\n                            \r\n                            return counter;\r\n                            \r\n                        }\r\n\t\t\t\t\t\t\r\n\t\t\t\t\t\t\t\t\t\t\t\t\r\n\t\t\t\t\t\t\t$(\"#ut_ig_69ea44be2497c .ut-image-gallery-item\").appear();\t\t\t\t\t\t\r\n\t\t\t\t\t\t\r\n\t\t\t\t\t\t\t$(document.body).on('appear', '#ut_ig_69ea44be2497c .ut-image-gallery-item', function( event, $all_appeared_elements ) {\r\n\t\t\t\t\t\t\t\t\r\n\t\t\t\t\t\t\t\tvar $this = $(this);\r\n\t\t\t\t\t\t\t\t\r\n\t\t\t\t\t\t\t\tif( !$this.hasClass('ut-image-loaded') ) {\r\n                                    return; \r\n                                }\r\n\t\t\t\t\t\t\t\t\t\t\t\t\t\t\t\t\r\n\t\t\t\t\t\t\t\t$this.delay( 100 * ( $all_appeared_elements.index(this) - get_animated_objects( $all_appeared_elements, 'appeared' ) ) ).queue( function() {\r\n\t\t\t\t\r\n\t\t\t\t\t\t\t\t\t$this.addClass('appeared');\r\n\r\n\t\t\t\t\t\t\t\t});\r\n\t\t\t\t\t\t\t\t\r\n\t\t\t\t\t\t\t\t\r\n\t\t\t\t\t\t\t});\t\t\t\t\t\t\r\n\t\t\t\t\t\t\r\n\t\t\t\t\t\t\t\t\t\t\t\t\r\n\t\t\t\t\t\t\r\n                        \t\t\t\t\t\t\r\n\t\t\t\t\t\t$('#ut_ig_69ea44be2497c').lightGallery({\r\n\t\t\t\t\t\t\tselector: '.ut-vc-images-lightbox-group-image',\r\n\t\t\t\t\t\t\texThumbImage: 'data-exthumbimage',\r\n\t\t\t\t\t\t\tdownload: site_settings.lg_download,\r\n\t\t\t\t\t\t\thash: false\r\n\t\t\t\t\t\t});\t\t\t\t\t\t\r\n  \r\n                    });\r\n                        \r\n                })(jQuery);\r\n            \r\n            <\/script>\r\n            \r\n            <style type=\"text\/css\" scoped>#ut_ig_69ea44be2497c .ut-lazy:not(.ut-image-loaded) + .ut-video-module-loading { display:block; }#ut_ig_69ea44be2497c .ut-lazy.ut-image-loaded + .ut-video-module-loading { display:none; }<\/style><div id=\"ut_ig_69ea44be2497c\" class=\"ut-image-gallery  clearfix\"><div  data-count=\"1\" class=\"ut-image-gallery-item ut-animation-done grid-100 tablet-grid-100 mobile-grid-100\"><a  class=\"ut-vc-images-lightbox ut-vc-images-lightbox-group-image\"  data-exthumbimage=\"https:\/\/www.unidadroboticadental.com\/wp-content\/uploads\/2019\/08\/implantes-dentales-200x200.jpg\" href=\"https:\/\/www.unidadroboticadental.com\/wp-content\/uploads\/2019\/08\/implantes-dentales.jpg\"><div class=\"ut-image-gallery-image\"><img loading=\"lazy\" decoding=\"async\"  class=\"ut-lazy skip-lazy\" src=\"data:image\/svg+xml;charset=utf-8,%3Csvg xmlns%3D'http%3A%2F%2Fwww.w3.org%2F2000%2Fsvg' viewBox%3D'0 0 681 520'%2F%3E\" data-src=\"https:\/\/www.unidadroboticadental.com\/wp-content\/uploads\/2019\/08\/implantes-dentales.jpg\" width=\"681\" height=\"520\"><\/div><\/a><\/div><div class=\"clear\"><\/div><\/div><\/div><\/div><\/div><\/div><div class=\"wpb_column vc_column_container vc_col-sm-6\" ><div id=\"ut_inner_column_69ea44be254e0\" class=\"vc_column-inner\"><div class=\"wpb_wrapper\"><div class=\"wpb_content_element\"><style type=\"text\/css\" scoped>#ut_header_69ea44be2577a h2.section-title { font-size: 50px; }@media (min-width: 768px) { #ut_header_69ea44be2577a h2 { line-height: 41px !important; } }#ut_header_69ea44be2577a.pt-style-2 .page-title:after, #ut_header_69ea44be2577a.pt-style-2 .parallax-title:after, #ut_header_69ea44be2577a.pt-style-2 .section-title:after {background-color:!important;height: ;width: ;}<\/style><header id=\"ut_header_69ea44be2577a\" class=\"section-header ut-no-title-linebreak-mobile ut-no-lead-linebreak-mobile pt-style-2 header-left element-with-custom-line-height\"><h2  class=\"section-title\"><span>Implantolog\u00eda Oral (Implantes Dentales)<\/span><\/h2><div data-delay=\"0\" class=\"lead\"><p>Es la especialidad que se encarga de reemplazar los dientes perdidos mediante la colocaci\u00f3n de un tornillo de titanio o zirconio que sustituye la ra\u00edz del diente dentro del hueso para posteriormente sobre el instaurar una corona en porcelana.<\/p>\n<p>Los implantes dentales son una alternativa segura y est\u00e9tica, ya que la rehabilitaci\u00f3n con estos tienen caracter\u00edsticas funcionales y est\u00e9ticas que remplazan a la de los dientes naturales, ofreciendo comodidad, seguridad, confianza y mejorando la calidad de vida.<\/p>\n<\/div><\/header><\/div><\/div><\/div><\/div><\/div><div class=\"vc_row-full-width vc_clearfix\"><\/div><a data-id=\"section-without-id\" class=\"ut-vc-offset-anchor-bottom\" name=\"section-without-id\"><\/a><\/section><div class=\"vc_row-full-width vc_clearfix\"><\/div><section id=\"ut-section-69ea44be2611c\" data-vc-full-width=\"true\" data-vc-full-width-init=\"false\" class=\"vc_section ut-vc-160 vc_section-has-no-fill ut-section-69ea44be26139\"><div id=\"ut-row-69ea44be264fb\" data-vc-full-width=\"true\" data-vc-full-width-init=\"false\" class=\"vc_row wpb_row vc_row-fluid vc_column-gap-0 ut-row-69ea44be26508\" ><div class=\"wpb_column vc_column_container vc_col-sm-12\" ><div id=\"ut_inner_column_69ea44be2688b\" class=\"vc_column-inner\"><div class=\"wpb_wrapper\"><div class=\"wpb_content_element\"><style type=\"text\/css\" scoped>#ut_header_69ea44be26af1 h2.section-title { font-size: 50px; }#ut_header_69ea44be26af1.pt-style-2 .page-title:after, #ut_header_69ea44be26af1.pt-style-2 .parallax-title:after, #ut_header_69ea44be26af1.pt-style-2 .section-title:after {background-color:!important;height: ;width: ;}<\/style><header id=\"ut_header_69ea44be26af1\" class=\"section-header ut-no-title-linebreak-mobile ut-no-lead-linebreak-mobile pt-style-2 header-center element-with-custom-line-height\"><h2  class=\"section-title\"><span>Your smile, our commitment<\/span><\/h2><div data-delay=\"0\" class=\"lead\"><p>Logra la armon\u00eda de tu sonrisa e ilumina tu rostro, mediante las \u00faltimas t\u00e9cnicas de tratamientos<br \/>\nest\u00e9ticos disponibles en Unidad Rob\u00f3tica Dental 3D<\/p>\n<\/div><\/header><\/div><\/div><\/div><\/div><\/div><div class=\"vc_row-full-width vc_clearfix\"><\/div><a data-id=\"section-without-id\" class=\"ut-vc-offset-anchor-bottom\" name=\"section-without-id\"><\/a><\/section><div class=\"vc_row-full-width vc_clearfix\"><\/div>\n<\/div>","protected":false},"excerpt":{"rendered":"Implantolog\u00eda Oral (Implantes Dentales)Es la especialidad que se encarga de reemplazar los dientes perdidos mediante la colocaci\u00f3n de un tornillo de titanio o zirconio que sustituye la ra\u00edz del diente dentro del hueso para posteriormente sobre el instaurar una corona en porcelana. Los implantes dentales son una alternativa segura y est\u00e9tica, ya que la rehabilitaci\u00f3n [...]","protected":false},"author":1,"featured_media":0,"parent":0,"menu_order":0,"comment_status":"closed","ping_status":"closed","template":"","meta":{"footnotes":""},"class_list":["post-1335","page","type-page","status-publish","hentry"],"yoast_head":"<!-- This site is optimized with the Yoast SEO Premium plugin v20.12 (Yoast SEO v26.9) - https:\/\/yoast.com\/product\/yoast-seo-premium-wordpress\/ -->\n<title>Especialistas en implantes dentales en Bogot\u00e1 y Medell\u00edn<\/title>\n<meta name=\"description\" content=\"Implantes dentales en Bogot\u00e1 y Medell\u00edn restaura tu confianza y sonr\u00ede con comodidad. Agenda tu consulta con nuestros expertos.\" \/>\n<meta name=\"robots\" content=\"index, follow, max-snippet:-1, max-image-preview:large, max-video-preview:-1\" \/>\n<link rel=\"canonical\" href=\"https:\/\/www.unidadroboticadental.com\/en\/clinica-de-implantes-dentales-en-bogota-y-medellin\/\" \/>\n<meta property=\"og:locale\" content=\"en_US\" \/>\n<meta property=\"og:type\" content=\"article\" \/>\n<meta property=\"og:title\" content=\"Implantes Dentales\" \/>\n<meta property=\"og:description\" content=\"Implantes dentales en Bogot\u00e1 y Medell\u00edn restaura tu confianza y sonr\u00ede con comodidad. Agenda tu consulta con nuestros expertos.\" \/>\n<meta property=\"og:url\" content=\"https:\/\/www.unidadroboticadental.com\/en\/clinica-de-implantes-dentales-en-bogota-y-medellin\/\" \/>\n<meta property=\"og:site_name\" content=\"Unidad Rob\u00f3tica Dental 3D\" \/>\n<meta property=\"article:publisher\" content=\"https:\/\/www.facebook.com\/unidadroboticadental3d\" \/>\n<meta property=\"article:modified_time\" content=\"2023-08-28T21:23:25+00:00\" \/>\n<meta name=\"twitter:card\" content=\"summary_large_image\" \/>\n<meta name=\"twitter:label1\" content=\"Est. reading time\" \/>\n\t<meta name=\"twitter:data1\" content=\"1 minute\" \/>\n<script type=\"application\/ld+json\" class=\"yoast-schema-graph\">{\"@context\":\"https:\/\/schema.org\",\"@graph\":[{\"@type\":\"WebPage\",\"@id\":\"https:\/\/www.unidadroboticadental.com\/clinica-de-implantes-dentales-en-bogota-y-medellin\/\",\"url\":\"https:\/\/www.unidadroboticadental.com\/clinica-de-implantes-dentales-en-bogota-y-medellin\/\",\"name\":\"Especialistas en implantes dentales en Bogot\u00e1 y Medell\u00edn\",\"isPartOf\":{\"@id\":\"https:\/\/www.unidadroboticadental.com\/es_es\/#website\"},\"datePublished\":\"2019-06-04T05:31:22+00:00\",\"dateModified\":\"2023-08-28T21:23:25+00:00\",\"description\":\"Implantes dentales en Bogot\u00e1 y Medell\u00edn restaura tu confianza y sonr\u00ede con comodidad. Agenda tu consulta con nuestros expertos.\",\"breadcrumb\":{\"@id\":\"https:\/\/www.unidadroboticadental.com\/clinica-de-implantes-dentales-en-bogota-y-medellin\/#breadcrumb\"},\"inLanguage\":\"en-US\",\"potentialAction\":[{\"@type\":\"ReadAction\",\"target\":[\"https:\/\/www.unidadroboticadental.com\/clinica-de-implantes-dentales-en-bogota-y-medellin\/\"]}]},{\"@type\":\"BreadcrumbList\",\"@id\":\"https:\/\/www.unidadroboticadental.com\/clinica-de-implantes-dentales-en-bogota-y-medellin\/#breadcrumb\",\"itemListElement\":[{\"@type\":\"ListItem\",\"position\":1,\"name\":\"Portada\",\"item\":\"https:\/\/www.unidadroboticadental.com\/es_es\/\"},{\"@type\":\"ListItem\",\"position\":2,\"name\":\"Implantes Dentales\"}]},{\"@type\":\"WebSite\",\"@id\":\"https:\/\/www.unidadroboticadental.com\/es_es\/#website\",\"url\":\"https:\/\/www.unidadroboticadental.com\/es_es\/\",\"name\":\"Cl\u00ednica Odontol\u00f3gica Bogot\u00e1 Medell\u00edn Unidad Rob\u00f3tica Dental 3D\",\"description\":\"Cl\u00ednica odontolog\u00edca en Bogot\u00e1 y Medell\u00edn\",\"publisher\":{\"@id\":\"https:\/\/www.unidadroboticadental.com\/es_es\/#organization\"},\"potentialAction\":[{\"@type\":\"SearchAction\",\"target\":{\"@type\":\"EntryPoint\",\"urlTemplate\":\"https:\/\/www.unidadroboticadental.com\/es_es\/?s={search_term_string}\"},\"query-input\":{\"@type\":\"PropertyValueSpecification\",\"valueRequired\":true,\"valueName\":\"search_term_string\"}}],\"inLanguage\":\"en-US\"},{\"@type\":\"Organization\",\"@id\":\"https:\/\/www.unidadroboticadental.com\/es_es\/#organization\",\"name\":\"Cl\u00ednica odontol\u00f3gica en Bogot\u00e1 y Medell\u00edn- Unidad Rob\u00f3tica Dental 3D\",\"url\":\"https:\/\/www.unidadroboticadental.com\/es_es\/\",\"logo\":{\"@type\":\"ImageObject\",\"inLanguage\":\"en-US\",\"@id\":\"https:\/\/www.unidadroboticadental.com\/es_es\/#\/schema\/logo\/image\/\",\"url\":\"https:\/\/www.unidadroboticadental.com\/wp-content\/uploads\/2019\/05\/logo-1.png\",\"contentUrl\":\"https:\/\/www.unidadroboticadental.com\/wp-content\/uploads\/2019\/05\/logo-1.png\",\"width\":225,\"height\":225,\"caption\":\"Cl\u00ednica odontol\u00f3gica en Bogot\u00e1 y Medell\u00edn- Unidad Rob\u00f3tica Dental 3D\"},\"image\":{\"@id\":\"https:\/\/www.unidadroboticadental.com\/es_es\/#\/schema\/logo\/image\/\"},\"sameAs\":[\"https:\/\/www.facebook.com\/unidadroboticadental3d\",\"https:\/\/www.instagram.com\/unidadroboticadental3d\/\"]}]}<\/script>\n<!-- \/ Yoast SEO Premium plugin. -->","yoast_head_json":{"title":"Especialistas en implantes dentales en Bogot\u00e1 y Medell\u00edn","description":"Implantes dentales en Bogot\u00e1 y Medell\u00edn restaura tu confianza y sonr\u00ede con comodidad. Agenda tu consulta con nuestros expertos.","robots":{"index":"index","follow":"follow","max-snippet":"max-snippet:-1","max-image-preview":"max-image-preview:large","max-video-preview":"max-video-preview:-1"},"canonical":"https:\/\/www.unidadroboticadental.com\/en\/clinica-de-implantes-dentales-en-bogota-y-medellin\/","og_locale":"en_US","og_type":"article","og_title":"Implantes Dentales","og_description":"Implantes dentales en Bogot\u00e1 y Medell\u00edn restaura tu confianza y sonr\u00ede con comodidad. Agenda tu consulta con nuestros expertos.","og_url":"https:\/\/www.unidadroboticadental.com\/en\/clinica-de-implantes-dentales-en-bogota-y-medellin\/","og_site_name":"Unidad Rob\u00f3tica Dental 3D","article_publisher":"https:\/\/www.facebook.com\/unidadroboticadental3d","article_modified_time":"2023-08-28T21:23:25+00:00","twitter_card":"summary_large_image","twitter_misc":{"Est. reading time":"1 minute"},"schema":{"@context":"https:\/\/schema.org","@graph":[{"@type":"WebPage","@id":"https:\/\/www.unidadroboticadental.com\/clinica-de-implantes-dentales-en-bogota-y-medellin\/","url":"https:\/\/www.unidadroboticadental.com\/clinica-de-implantes-dentales-en-bogota-y-medellin\/","name":"Especialistas en implantes dentales en Bogot\u00e1 y Medell\u00edn","isPartOf":{"@id":"https:\/\/www.unidadroboticadental.com\/es_es\/#website"},"datePublished":"2019-06-04T05:31:22+00:00","dateModified":"2023-08-28T21:23:25+00:00","description":"Implantes dentales en Bogot\u00e1 y Medell\u00edn restaura tu confianza y sonr\u00ede con comodidad. Agenda tu consulta con nuestros expertos.","breadcrumb":{"@id":"https:\/\/www.unidadroboticadental.com\/clinica-de-implantes-dentales-en-bogota-y-medellin\/#breadcrumb"},"inLanguage":"en-US","potentialAction":[{"@type":"ReadAction","target":["https:\/\/www.unidadroboticadental.com\/clinica-de-implantes-dentales-en-bogota-y-medellin\/"]}]},{"@type":"BreadcrumbList","@id":"https:\/\/www.unidadroboticadental.com\/clinica-de-implantes-dentales-en-bogota-y-medellin\/#breadcrumb","itemListElement":[{"@type":"ListItem","position":1,"name":"Portada","item":"https:\/\/www.unidadroboticadental.com\/es_es\/"},{"@type":"ListItem","position":2,"name":"Implantes Dentales"}]},{"@type":"WebSite","@id":"https:\/\/www.unidadroboticadental.com\/es_es\/#website","url":"https:\/\/www.unidadroboticadental.com\/es_es\/","name":"Cl\u00ednica Odontol\u00f3gica Bogot\u00e1 Medell\u00edn Unidad Rob\u00f3tica Dental 3D","description":"Cl\u00ednica odontolog\u00edca en Bogot\u00e1 y Medell\u00edn","publisher":{"@id":"https:\/\/www.unidadroboticadental.com\/es_es\/#organization"},"potentialAction":[{"@type":"SearchAction","target":{"@type":"EntryPoint","urlTemplate":"https:\/\/www.unidadroboticadental.com\/es_es\/?s={search_term_string}"},"query-input":{"@type":"PropertyValueSpecification","valueRequired":true,"valueName":"search_term_string"}}],"inLanguage":"en-US"},{"@type":"Organization","@id":"https:\/\/www.unidadroboticadental.com\/es_es\/#organization","name":"Cl\u00ednica odontol\u00f3gica en Bogot\u00e1 y Medell\u00edn- Unidad Rob\u00f3tica Dental 3D","url":"https:\/\/www.unidadroboticadental.com\/es_es\/","logo":{"@type":"ImageObject","inLanguage":"en-US","@id":"https:\/\/www.unidadroboticadental.com\/es_es\/#\/schema\/logo\/image\/","url":"https:\/\/www.unidadroboticadental.com\/wp-content\/uploads\/2019\/05\/logo-1.png","contentUrl":"https:\/\/www.unidadroboticadental.com\/wp-content\/uploads\/2019\/05\/logo-1.png","width":225,"height":225,"caption":"Cl\u00ednica odontol\u00f3gica en Bogot\u00e1 y Medell\u00edn- Unidad Rob\u00f3tica Dental 3D"},"image":{"@id":"https:\/\/www.unidadroboticadental.com\/es_es\/#\/schema\/logo\/image\/"},"sameAs":["https:\/\/www.facebook.com\/unidadroboticadental3d","https:\/\/www.instagram.com\/unidadroboticadental3d\/"]}]}},"_links":{"self":[{"href":"https:\/\/www.unidadroboticadental.com\/en\/wp-json\/wp\/v2\/pages\/1335","targetHints":{"allow":["GET"]}}],"collection":[{"href":"https:\/\/www.unidadroboticadental.com\/en\/wp-json\/wp\/v2\/pages"}],"about":[{"href":"https:\/\/www.unidadroboticadental.com\/en\/wp-json\/wp\/v2\/types\/page"}],"author":[{"embeddable":true,"href":"https:\/\/www.unidadroboticadental.com\/en\/wp-json\/wp\/v2\/users\/1"}],"replies":[{"embeddable":true,"href":"https:\/\/www.unidadroboticadental.com\/en\/wp-json\/wp\/v2\/comments?post=1335"}],"version-history":[{"count":12,"href":"https:\/\/www.unidadroboticadental.com\/en\/wp-json\/wp\/v2\/pages\/1335\/revisions"}],"predecessor-version":[{"id":2336,"href":"https:\/\/www.unidadroboticadental.com\/en\/wp-json\/wp\/v2\/pages\/1335\/revisions\/2336"}],"wp:attachment":[{"href":"https:\/\/www.unidadroboticadental.com\/en\/wp-json\/wp\/v2\/media?parent=1335"}],"curies":[{"name":"wp","href":"https:\/\/api.w.org\/{rel}","templated":true}]}}