{"id":1088,"date":"2017-06-07T17:19:28","date_gmt":"2017-06-07T17:19:28","guid":{"rendered":"http:\/\/unidadroboticadental.com\/web\/?page_id=7"},"modified":"2023-07-25T16:46:39","modified_gmt":"2023-07-25T16:46:39","slug":"clinicas-odontologicas-en-bogota-y-medellin-colombia","status":"publish","type":"page","link":"https:\/\/www.unidadroboticadental.com\/en\/","title":{"rendered":"Home"},"content":{"rendered":"<div class=\"wpb-content-wrapper\"><div id=\"ut-row-69ea2985afa11\" data-vc-full-width=\"true\" data-vc-full-width-init=\"false\" class=\"vc_row wpb_row vc_row-fluid vc_column-gap-0 ut-row-69ea2985afa2f\" ><div class=\"wpb_column vc_column_container vc_col-sm-12 vc_col-lg-12\" ><div id=\"ut_inner_column_69ea2985b3041\" class=\"vc_column-inner\"><div class=\"wpb_wrapper\"><div class=\"wpb_content_element\"><style type=\"text\/css\" scoped>#ut_header_69ea2985b342a h2.section-title { font-size: 55px; }@media (min-width: 768px) { #ut_header_69ea2985b342a h2 { line-height: 60px !important; } }#ut_header_69ea2985b342a.pt-style-2 .page-title:after, #ut_header_69ea2985b342a.pt-style-2 .parallax-title:after, #ut_header_69ea2985b342a.pt-style-2 .section-title:after {background-color:!important;height: ;width: ;}<\/style><header id=\"ut_header_69ea2985b342a\" class=\"section-header ut-no-title-linebreak-mobile ut-no-lead-linebreak-mobile pt-style-2 header-center element-with-custom-line-height\"><h2  class=\"section-title\"><span>What deserves to be done deserves to be well done<\/span><\/h2><\/header><\/div><\/div><\/div><\/div><style type=\"text\/css\" scoped>#ut-row-69ea2985afa11{margin-top: 20px !important;} <\/style><\/div><div class=\"vc_row-full-width vc_clearfix\"><\/div><section id=\"ut-section-69ea2985b3d78\" data-vc-full-width=\"true\" data-vc-full-width-init=\"false\" class=\"vc_section ut-vc-160 vc_section-has-no-fill ut-section-69ea2985b3d8d\"><div id=\"ut-row-69ea2985b4325\" data-vc-full-width=\"true\" data-vc-full-width-init=\"false\" class=\"vc_row wpb_row vc_row-fluid vc_column-gap-0 ut-row-69ea2985b4337\" ><div class=\"wpb_column vc_column_container vc_col-sm-6\" ><div id=\"ut_inner_column_69ea2985b4755\" class=\"vc_column-inner\"><div class=\"wpb_wrapper\"><div class=\"wpb_content_element\"><style type=\"text\/css\" scoped>#ut_vs_69ea2985b56f0.ut-shortcode-video-wrap .ut-video-module-caption-text span { font-weight: bold; }@keyframes ut-video-play-border-animation-69ea2985b56f3 {0% {-webkit-transform: scale(1);-moz-transofrom: scale(1);transform: scale(1);}50% {opacity: 0.7;}75% {opacity: 0.1;}100% {opacity: 0;-webkit-transform: scale(2.5);-moz-transofrom: scale(2.5);transform: scale(2.5);}}#ut_vs_69ea2985b56f0 .ut-video-play-animation-1 { border: 1px solid #FFF }#ut_vs_69ea2985b56f0 .ut-video-play-animation-2 { border: 1px solid #FFF }#ut_vs_69ea2985b56f0 .ut-video-play-animation-3 { border: 1px solid #FFF }#ut_vs_69ea2985b56f0 .ut-video-play-animation-4 { border: 1px solid #FFF }#ut_vs_69ea2985b56f0 .ut-video-play-animation-1.ut-video-play-animation-on {-webkit-animation: 3s ease-in-out 0.75s infinite normal none running ut-video-play-border-animation-69ea2985b56f3;-moz-animation: 3s ease-in-out 0.75s infinite normal none running ut-video-play-border-animation-69ea2985b56f3;animation: 3s ease-in-out 0.75s infinite normal none running ut-video-play-border-animation-69ea2985b56f3; }<\/style><div id=\"ut_vs_69ea2985b56f0\" class=\"ut-shortcode-video-wrap  ut-shortcode-video-wrap-center clearfix\"><div class=\"ut-video-module\"><div class=\"ut-video-module-caption ut-box-shadow-2\"><a class=\"ut-load-video\" data-video=\"https:\/\/www.youtube.com\/watch?v=fL18CJbn5do\" href=\"#\"><img decoding=\"async\" src=\"https:\/\/www.unidadroboticadental.com\/wp-content\/uploads\/2019\/08\/video.jpg\"><div class=\"ut-video-module-caption-text\"><div class=\"ut-video-module-inner-caption-text ut-video-module-empty-caption ut-video-module-caption-position-default\"><div class=\"ut-video-module-play-icon\"><div class=\"ut-video-play-animation-1 ut-video-play-animation-on\"><\/div><i class=\"Bklyn-Core-Right-6\" aria-hidden=\"true\"><\/i><\/div><\/div><\/div><\/a><\/div><div class=\"ut-video-module-loading\"><div class=\"sk-fading-circle\"><div class=\"sk-circle1 sk-circle\"><\/div><div class=\"sk-circle2 sk-circle\"><\/div><div class=\"sk-circle3 sk-circle\"><\/div><div class=\"sk-circle4 sk-circle\"><\/div><div class=\"sk-circle5 sk-circle\"><\/div><div class=\"sk-circle6 sk-circle\"><\/div><div class=\"sk-circle7 sk-circle\"><\/div><div class=\"sk-circle8 sk-circle\"><\/div><div class=\"sk-circle9 sk-circle\"><\/div><div class=\"sk-circle10 sk-circle\"><\/div><div class=\"sk-circle11 sk-circle\"><\/div><div class=\"sk-circle12 sk-circle\"><\/div><\/div><\/div><\/div><\/div><\/div><div class=\"wpb_content_element\"><style type=\"text\/css\" scoped>#ut_header_69ea2985b5a9a h2.section-title { font-size: 41px; }@media (min-width: 768px) { #ut_header_69ea2985b5a9a h2 { line-height: 31px !important; } }#ut_header_69ea2985b5a9a.pt-style-2 .page-title:after, #ut_header_69ea2985b5a9a.pt-style-2 .parallax-title:after, #ut_header_69ea2985b5a9a.pt-style-2 .section-title:after {background-color:!important;height: ;width: ;}<\/style><header id=\"ut_header_69ea2985b5a9a\" class=\"section-header ut-no-title-linebreak-mobile ut-no-lead-linebreak-mobile pt-style-2 header-center element-with-custom-line-height\"><h2  class=\"section-title\"><span>Sede Calasanz - Medell\u00edn<\/span><\/h2><\/header><\/div><\/div><\/div><\/div><div class=\"wpb_column vc_column_container vc_col-sm-6\" ><div id=\"ut_inner_column_69ea2985b6066\" class=\"vc_column-inner\"><div class=\"wpb_wrapper\"><div class=\"wpb_content_element\"><style type=\"text\/css\" scoped>#ut_vs_69ea2985b6c0a.ut-shortcode-video-wrap .ut-video-module-caption-text span { font-weight: bold; }@keyframes ut-video-play-border-animation-69ea2985b6c0b {0% {-webkit-transform: scale(1);-moz-transofrom: scale(1);transform: scale(1);}50% {opacity: 0.7;}75% {opacity: 0.1;}100% {opacity: 0;-webkit-transform: scale(2.5);-moz-transofrom: scale(2.5);transform: scale(2.5);}}#ut_vs_69ea2985b6c0a .ut-video-play-animation-1 { border: 1px solid #FFF }#ut_vs_69ea2985b6c0a .ut-video-play-animation-2 { border: 1px solid #FFF }#ut_vs_69ea2985b6c0a .ut-video-play-animation-3 { border: 1px solid #FFF }#ut_vs_69ea2985b6c0a .ut-video-play-animation-4 { border: 1px solid #FFF }#ut_vs_69ea2985b6c0a .ut-video-play-animation-1.ut-video-play-animation-on {-webkit-animation: 3s ease-in-out 0.75s infinite normal none running ut-video-play-border-animation-69ea2985b6c0b;-moz-animation: 3s ease-in-out 0.75s infinite normal none running ut-video-play-border-animation-69ea2985b6c0b;animation: 3s ease-in-out 0.75s infinite normal none running ut-video-play-border-animation-69ea2985b6c0b; }<\/style><div id=\"ut_vs_69ea2985b6c0a\" class=\"ut-shortcode-video-wrap  ut-shortcode-video-wrap-center clearfix\"><div class=\"ut-video-module\"><div class=\"ut-video-module-caption ut-box-shadow-2\"><a class=\"ut-load-video\" data-video=\"https:\/\/www.youtube.com\/watch?v=rchxuHHs5gE\" href=\"#\"><img decoding=\"async\" src=\"https:\/\/www.unidadroboticadental.com\/wp-content\/uploads\/2023\/07\/fotografia-fachada-unidad-robotica-dental1.jpg\"><div class=\"ut-video-module-caption-text\"><div class=\"ut-video-module-inner-caption-text ut-video-module-empty-caption ut-video-module-caption-position-default\"><div class=\"ut-video-module-play-icon\"><div class=\"ut-video-play-animation-1 ut-video-play-animation-on\"><\/div><i class=\"Bklyn-Core-Right-6\" aria-hidden=\"true\"><\/i><\/div><\/div><\/div><\/a><\/div><div class=\"ut-video-module-loading\"><div class=\"sk-fading-circle\"><div class=\"sk-circle1 sk-circle\"><\/div><div class=\"sk-circle2 sk-circle\"><\/div><div class=\"sk-circle3 sk-circle\"><\/div><div class=\"sk-circle4 sk-circle\"><\/div><div class=\"sk-circle5 sk-circle\"><\/div><div class=\"sk-circle6 sk-circle\"><\/div><div class=\"sk-circle7 sk-circle\"><\/div><div class=\"sk-circle8 sk-circle\"><\/div><div class=\"sk-circle9 sk-circle\"><\/div><div class=\"sk-circle10 sk-circle\"><\/div><div class=\"sk-circle11 sk-circle\"><\/div><div class=\"sk-circle12 sk-circle\"><\/div><\/div><\/div><\/div><\/div><\/div><div class=\"wpb_content_element\"><style type=\"text\/css\" scoped>#ut_header_69ea2985b6ef8 h2.section-title { font-size: 41px; }@media (min-width: 768px) { #ut_header_69ea2985b6ef8 h2 { line-height: 31px !important; } }#ut_header_69ea2985b6ef8.pt-style-2 .page-title:after, #ut_header_69ea2985b6ef8.pt-style-2 .parallax-title:after, #ut_header_69ea2985b6ef8.pt-style-2 .section-title:after {background-color:!important;height: ;width: ;}<\/style><header id=\"ut_header_69ea2985b6ef8\" class=\"section-header ut-no-title-linebreak-mobile ut-no-lead-linebreak-mobile pt-style-2 header-center element-with-custom-line-height\"><h2  class=\"section-title\"><span>Sede Cedritos - Bogot\u00e1<\/span><\/h2><\/header><\/div><\/div><\/div><\/div><\/div><div class=\"vc_row-full-width vc_clearfix\"><\/div><a data-id=\"section-without-id\" class=\"ut-vc-offset-anchor-bottom\" name=\"section-without-id\"><\/a><style type=\"text\/css\" scoped>#ut-section-69ea2985b3d78{padding-top: 0px !important;padding-bottom: 0px !important;} <\/style><\/section><div class=\"vc_row-full-width vc_clearfix\"><\/div>\n<\/div>","protected":false},"excerpt":{"rendered":"Lo que merece ser hecho merece ser bien hechoSede Calasanz - Medell\u00ednSede Cedritos - Bogot\u00e1","protected":false},"author":1,"featured_media":0,"parent":0,"menu_order":0,"comment_status":"closed","ping_status":"closed","template":"","meta":{"footnotes":""},"class_list":["post-1088","page","type-page","status-publish","hentry"],"yoast_head":"<!-- This site is optimized with the Yoast SEO Premium plugin v20.12 (Yoast SEO v26.9) - https:\/\/yoast.com\/product\/yoast-seo-premium-wordpress\/ -->\n<title>Cl\u00ednicas odontolog\u00edcas en Bogot\u00e1 y Medell\u00edn Colombia<\/title>\n<meta name=\"description\" content=\"Cl\u00ednicas odontolog\u00edcas en Bogot\u00e1 y Medell\u00edn Colombia servicios de odontolog\u00eda,ortodoncia,pr\u00f3tesis Dental,est\u00e9tica dental,rehabilitaci\u00f3n oral agenda tu cita\" \/>\n<meta name=\"robots\" content=\"index, follow, max-snippet:-1, max-image-preview:large, max-video-preview:-1\" \/>\n<link rel=\"canonical\" href=\"https:\/\/www.unidadroboticadental.com\/en\/\" \/>\n<meta property=\"og:locale\" content=\"en_US\" \/>\n<meta property=\"og:type\" content=\"article\" \/>\n<meta property=\"og:title\" content=\"Inicio\" \/>\n<meta property=\"og:description\" content=\"Cl\u00ednicas odontolog\u00edcas en Bogot\u00e1 y Medell\u00edn Colombia servicios de odontolog\u00eda,ortodoncia,pr\u00f3tesis Dental,est\u00e9tica dental,rehabilitaci\u00f3n oral agenda tu cita\" \/>\n<meta property=\"og:url\" content=\"https:\/\/www.unidadroboticadental.com\/en\/\" \/>\n<meta property=\"og:site_name\" content=\"Unidad Rob\u00f3tica Dental 3D\" \/>\n<meta property=\"article:publisher\" content=\"https:\/\/www.facebook.com\/unidadroboticadental3d\" \/>\n<meta property=\"article:modified_time\" content=\"2023-07-25T16:46:39+00:00\" \/>\n<meta name=\"twitter:card\" content=\"summary_large_image\" \/>\n<meta name=\"twitter:label1\" content=\"Est. reading time\" \/>\n\t<meta name=\"twitter:data1\" content=\"2 minutes\" \/>\n<script type=\"application\/ld+json\" class=\"yoast-schema-graph\">{\"@context\":\"https:\/\/schema.org\",\"@graph\":[{\"@type\":\"WebPage\",\"@id\":\"https:\/\/www.unidadroboticadental.com\/es_es\/\",\"url\":\"https:\/\/www.unidadroboticadental.com\/es_es\/\",\"name\":\"Cl\u00ednicas odontolog\u00edcas en Bogot\u00e1 y Medell\u00edn Colombia\",\"isPartOf\":{\"@id\":\"https:\/\/www.unidadroboticadental.com\/es_es\/#website\"},\"datePublished\":\"2017-06-07T17:19:28+00:00\",\"dateModified\":\"2023-07-25T16:46:39+00:00\",\"description\":\"Cl\u00ednicas odontolog\u00edcas en Bogot\u00e1 y Medell\u00edn Colombia servicios de odontolog\u00eda,ortodoncia,pr\u00f3tesis Dental,est\u00e9tica dental,rehabilitaci\u00f3n oral agenda tu cita\",\"breadcrumb\":{\"@id\":\"https:\/\/www.unidadroboticadental.com\/es_es\/#breadcrumb\"},\"inLanguage\":\"en-US\",\"potentialAction\":[{\"@type\":\"ReadAction\",\"target\":[\"https:\/\/www.unidadroboticadental.com\/es_es\/\"]}]},{\"@type\":\"BreadcrumbList\",\"@id\":\"https:\/\/www.unidadroboticadental.com\/es_es\/#breadcrumb\",\"itemListElement\":[{\"@type\":\"ListItem\",\"position\":1,\"name\":\"Portada\",\"item\":\"https:\/\/www.unidadroboticadental.com\/es_es\/\"},{\"@type\":\"ListItem\",\"position\":2,\"name\":\"Inicio\"}]},{\"@type\":\"WebSite\",\"@id\":\"https:\/\/www.unidadroboticadental.com\/es_es\/#website\",\"url\":\"https:\/\/www.unidadroboticadental.com\/es_es\/\",\"name\":\"Cl\u00ednica Odontol\u00f3gica Bogot\u00e1 Medell\u00edn Unidad Rob\u00f3tica Dental 3D\",\"description\":\"Cl\u00ednica odontolog\u00edca en Bogot\u00e1 y Medell\u00edn\",\"publisher\":{\"@id\":\"https:\/\/www.unidadroboticadental.com\/es_es\/#organization\"},\"potentialAction\":[{\"@type\":\"SearchAction\",\"target\":{\"@type\":\"EntryPoint\",\"urlTemplate\":\"https:\/\/www.unidadroboticadental.com\/es_es\/?s={search_term_string}\"},\"query-input\":{\"@type\":\"PropertyValueSpecification\",\"valueRequired\":true,\"valueName\":\"search_term_string\"}}],\"inLanguage\":\"en-US\"},{\"@type\":\"Organization\",\"@id\":\"https:\/\/www.unidadroboticadental.com\/es_es\/#organization\",\"name\":\"Cl\u00ednica odontol\u00f3gica en Bogot\u00e1 y Medell\u00edn- Unidad Rob\u00f3tica Dental 3D\",\"url\":\"https:\/\/www.unidadroboticadental.com\/es_es\/\",\"logo\":{\"@type\":\"ImageObject\",\"inLanguage\":\"en-US\",\"@id\":\"https:\/\/www.unidadroboticadental.com\/es_es\/#\/schema\/logo\/image\/\",\"url\":\"https:\/\/www.unidadroboticadental.com\/wp-content\/uploads\/2019\/05\/logo-1.png\",\"contentUrl\":\"https:\/\/www.unidadroboticadental.com\/wp-content\/uploads\/2019\/05\/logo-1.png\",\"width\":225,\"height\":225,\"caption\":\"Cl\u00ednica odontol\u00f3gica en Bogot\u00e1 y Medell\u00edn- Unidad Rob\u00f3tica Dental 3D\"},\"image\":{\"@id\":\"https:\/\/www.unidadroboticadental.com\/es_es\/#\/schema\/logo\/image\/\"},\"sameAs\":[\"https:\/\/www.facebook.com\/unidadroboticadental3d\",\"https:\/\/www.instagram.com\/unidadroboticadental3d\/\"]}]}<\/script>\n<!-- \/ Yoast SEO Premium plugin. -->","yoast_head_json":{"title":"Cl\u00ednicas odontolog\u00edcas en Bogot\u00e1 y Medell\u00edn Colombia","description":"Cl\u00ednicas odontolog\u00edcas en Bogot\u00e1 y Medell\u00edn Colombia servicios de odontolog\u00eda,ortodoncia,pr\u00f3tesis Dental,est\u00e9tica dental,rehabilitaci\u00f3n oral agenda tu cita","robots":{"index":"index","follow":"follow","max-snippet":"max-snippet:-1","max-image-preview":"max-image-preview:large","max-video-preview":"max-video-preview:-1"},"canonical":"https:\/\/www.unidadroboticadental.com\/en\/","og_locale":"en_US","og_type":"article","og_title":"Inicio","og_description":"Cl\u00ednicas odontolog\u00edcas en Bogot\u00e1 y Medell\u00edn Colombia servicios de odontolog\u00eda,ortodoncia,pr\u00f3tesis Dental,est\u00e9tica dental,rehabilitaci\u00f3n oral agenda tu cita","og_url":"https:\/\/www.unidadroboticadental.com\/en\/","og_site_name":"Unidad Rob\u00f3tica Dental 3D","article_publisher":"https:\/\/www.facebook.com\/unidadroboticadental3d","article_modified_time":"2023-07-25T16:46:39+00:00","twitter_card":"summary_large_image","twitter_misc":{"Est. reading time":"2 minutes"},"schema":{"@context":"https:\/\/schema.org","@graph":[{"@type":"WebPage","@id":"https:\/\/www.unidadroboticadental.com\/es_es\/","url":"https:\/\/www.unidadroboticadental.com\/es_es\/","name":"Cl\u00ednicas odontolog\u00edcas en Bogot\u00e1 y Medell\u00edn Colombia","isPartOf":{"@id":"https:\/\/www.unidadroboticadental.com\/es_es\/#website"},"datePublished":"2017-06-07T17:19:28+00:00","dateModified":"2023-07-25T16:46:39+00:00","description":"Cl\u00ednicas odontolog\u00edcas en Bogot\u00e1 y Medell\u00edn Colombia servicios de odontolog\u00eda,ortodoncia,pr\u00f3tesis Dental,est\u00e9tica dental,rehabilitaci\u00f3n oral agenda tu cita","breadcrumb":{"@id":"https:\/\/www.unidadroboticadental.com\/es_es\/#breadcrumb"},"inLanguage":"en-US","potentialAction":[{"@type":"ReadAction","target":["https:\/\/www.unidadroboticadental.com\/es_es\/"]}]},{"@type":"BreadcrumbList","@id":"https:\/\/www.unidadroboticadental.com\/es_es\/#breadcrumb","itemListElement":[{"@type":"ListItem","position":1,"name":"Portada","item":"https:\/\/www.unidadroboticadental.com\/es_es\/"},{"@type":"ListItem","position":2,"name":"Inicio"}]},{"@type":"WebSite","@id":"https:\/\/www.unidadroboticadental.com\/es_es\/#website","url":"https:\/\/www.unidadroboticadental.com\/es_es\/","name":"Cl\u00ednica Odontol\u00f3gica Bogot\u00e1 Medell\u00edn Unidad Rob\u00f3tica Dental 3D","description":"Cl\u00ednica odontolog\u00edca en Bogot\u00e1 y Medell\u00edn","publisher":{"@id":"https:\/\/www.unidadroboticadental.com\/es_es\/#organization"},"potentialAction":[{"@type":"SearchAction","target":{"@type":"EntryPoint","urlTemplate":"https:\/\/www.unidadroboticadental.com\/es_es\/?s={search_term_string}"},"query-input":{"@type":"PropertyValueSpecification","valueRequired":true,"valueName":"search_term_string"}}],"inLanguage":"en-US"},{"@type":"Organization","@id":"https:\/\/www.unidadroboticadental.com\/es_es\/#organization","name":"Cl\u00ednica odontol\u00f3gica en Bogot\u00e1 y Medell\u00edn- Unidad Rob\u00f3tica Dental 3D","url":"https:\/\/www.unidadroboticadental.com\/es_es\/","logo":{"@type":"ImageObject","inLanguage":"en-US","@id":"https:\/\/www.unidadroboticadental.com\/es_es\/#\/schema\/logo\/image\/","url":"https:\/\/www.unidadroboticadental.com\/wp-content\/uploads\/2019\/05\/logo-1.png","contentUrl":"https:\/\/www.unidadroboticadental.com\/wp-content\/uploads\/2019\/05\/logo-1.png","width":225,"height":225,"caption":"Cl\u00ednica odontol\u00f3gica en Bogot\u00e1 y Medell\u00edn- Unidad Rob\u00f3tica Dental 3D"},"image":{"@id":"https:\/\/www.unidadroboticadental.com\/es_es\/#\/schema\/logo\/image\/"},"sameAs":["https:\/\/www.facebook.com\/unidadroboticadental3d","https:\/\/www.instagram.com\/unidadroboticadental3d\/"]}]}},"_links":{"self":[{"href":"https:\/\/www.unidadroboticadental.com\/en\/wp-json\/wp\/v2\/pages\/1088","targetHints":{"allow":["GET"]}}],"collection":[{"href":"https:\/\/www.unidadroboticadental.com\/en\/wp-json\/wp\/v2\/pages"}],"about":[{"href":"https:\/\/www.unidadroboticadental.com\/en\/wp-json\/wp\/v2\/types\/page"}],"author":[{"embeddable":true,"href":"https:\/\/www.unidadroboticadental.com\/en\/wp-json\/wp\/v2\/users\/1"}],"replies":[{"embeddable":true,"href":"https:\/\/www.unidadroboticadental.com\/en\/wp-json\/wp\/v2\/comments?post=1088"}],"version-history":[{"count":58,"href":"https:\/\/www.unidadroboticadental.com\/en\/wp-json\/wp\/v2\/pages\/1088\/revisions"}],"predecessor-version":[{"id":2274,"href":"https:\/\/www.unidadroboticadental.com\/en\/wp-json\/wp\/v2\/pages\/1088\/revisions\/2274"}],"wp:attachment":[{"href":"https:\/\/www.unidadroboticadental.com\/en\/wp-json\/wp\/v2\/media?parent=1088"}],"curies":[{"name":"wp","href":"https:\/\/api.w.org\/{rel}","templated":true}]}}